{"id":8121,"date":"2021-04-06T14:03:02","date_gmt":"2021-04-06T19:03:02","guid":{"rendered":"https:\/\/latienditadesanjose.com\/?page_id=8121"},"modified":"2023-09-26T09:01:37","modified_gmt":"2023-09-26T14:01:37","slug":"elementor-8121","status":"publish","type":"page","link":"https:\/\/latienditadesanjose.com\/index.php\/elementor-8121\/","title":{"rendered":"Cont\u00e1ctanos"},"content":{"rendered":"\t\t<div data-elementor-type=\"wp-page\" data-elementor-id=\"8121\" class=\"elementor elementor-8121\">\n\t\t\t\t\t\t<section class=\"elementor-section elementor-top-section elementor-element elementor-element-b204961 elementor-section-boxed elementor-section-height-default elementor-section-height-default\" data-id=\"b204961\" data-element_type=\"section\">\n\t\t\t\t\t\t<div class=\"elementor-container elementor-column-gap-default\">\n\t\t\t\t\t<div class=\"elementor-column elementor-col-100 elementor-top-column elementor-element elementor-element-a92e9dc\" data-id=\"a92e9dc\" data-element_type=\"column\">\n\t\t\t<div class=\"elementor-widget-wrap elementor-element-populated\">\n\t\t\t\t\t\t<div class=\"elementor-element elementor-element-95d1c94 elementor-widget elementor-widget-spacer\" data-id=\"95d1c94\" data-element_type=\"widget\" data-widget_type=\"spacer.default\">\n\t\t\t\t<div class=\"elementor-widget-container\">\n\t\t\t\t\t<div class=\"elementor-spacer\">\n\t\t\t<div class=\"elementor-spacer-inner\"><\/div>\n\t\t<\/div>\n\t\t\t\t<\/div>\n\t\t\t\t<\/div>\n\t\t\t\t\t<\/div>\n\t\t<\/div>\n\t\t\t\t\t<\/div>\n\t\t<\/section>\n\t\t\t\t<section class=\"elementor-section elementor-top-section elementor-element elementor-element-cb76d5a elementor-section-boxed elementor-section-height-default elementor-section-height-default\" data-id=\"cb76d5a\" data-element_type=\"section\">\n\t\t\t\t\t\t<div class=\"elementor-container elementor-column-gap-default\">\n\t\t\t\t\t<div class=\"elementor-column elementor-col-50 elementor-top-column elementor-element elementor-element-f5807e9\" data-id=\"f5807e9\" data-element_type=\"column\">\n\t\t\t<div class=\"elementor-widget-wrap elementor-element-populated\">\n\t\t\t\t\t\t<div class=\"elementor-element elementor-element-4413834 elementor-widget elementor-widget-text-editor\" data-id=\"4413834\" data-element_type=\"widget\" data-widget_type=\"text-editor.default\">\n\t\t\t\t<div class=\"elementor-widget-container\">\n\t\t\t\t\t\t\t<h3 style=\"margin-top: 1.5em; font-family: Roboto, sans-serif;\"><strong>Vis\u00edtanos:<\/strong><\/h3><p><span style=\"color: var( --e-global-color-text ); font-family: var( --e-global-typography-text-font-family ), Sans-serif; font-weight: var( --e-global-typography-text-font-weight ); background-color: transparent;\">Centro comercial \u201cLas Vitrinas\u201d, local #22 (Frente a Juguet\u00f3n Policentro)<\/span><\/p>\t\t\t\t\t\t<\/div>\n\t\t\t\t<\/div>\n\t\t\t\t<div class=\"elementor-element elementor-element-45715f2 elementor-widget elementor-widget-google_maps\" data-id=\"45715f2\" data-element_type=\"widget\" data-widget_type=\"google_maps.default\">\n\t\t\t\t<div class=\"elementor-widget-container\">\n\t\t\t\t\t<div class=\"elementor-custom-embed\">\n\t\t\t<iframe loading=\"lazy\"\n\t\t\t\t\tsrc=\"https:\/\/maps.google.com\/maps?q=Centro%20comercial%20%E2%80%9CLas%20Vitrinas%E2%80%9D%2C%20local%20%2322&#038;t=m&#038;z=16&#038;output=embed&#038;iwloc=near\"\n\t\t\t\t\ttitle=\"Centro comercial \u201cLas Vitrinas\u201d, local #22\"\n\t\t\t\t\taria-label=\"Centro comercial \u201cLas Vitrinas\u201d, local #22\"\n\t\t\t><\/iframe>\n\t\t<\/div>\n\t\t\t\t<\/div>\n\t\t\t\t<\/div>\n\t\t\t\t<div class=\"elementor-element elementor-element-198cbe5 elementor-widget elementor-widget-text-editor\" data-id=\"198cbe5\" data-element_type=\"widget\" data-widget_type=\"text-editor.default\">\n\t\t\t\t<div class=\"elementor-widget-container\">\n\t\t\t\t\t\t\t<h3 style=\"font-family: Roboto, sans-serif;\"><strong>Horario de atenci\u00f3n en local:<\/strong><\/h3><p>Lunes Viernes (9:00 \u2013 13:00 \/ 13:30 \u2013 18:30)<\/p><p>S\u00e1bados (9:00-15:00)\u00a0<\/p><h3 style=\"font-family: Roboto, sans-serif;\"><strong>Ll\u00e1manos:<\/strong><\/h3><p>Tel\u00e9fono: 0985994693<\/p>\t\t\t\t\t\t<\/div>\n\t\t\t\t<\/div>\n\t\t\t\t\t<\/div>\n\t\t<\/div>\n\t\t\t\t<div class=\"elementor-column elementor-col-50 elementor-top-column elementor-element elementor-element-15a6ba5\" data-id=\"15a6ba5\" data-element_type=\"column\">\n\t\t\t<div class=\"elementor-widget-wrap elementor-element-populated\">\n\t\t\t\t\t\t<div class=\"elementor-element elementor-element-5d5c997 elementor-widget elementor-widget-kaliforms\" data-id=\"5d5c997\" data-element_type=\"widget\" data-widget_type=\"kaliforms.default\">\n\t\t\t\t<div class=\"elementor-widget-container\">\n\t\t\t<form  class=\"kaliforms-form-container bootstrap-wrapper  \" data-form-id=\"15\" style=\"opacity:0\"><h3>Escr\u00edbenos<\/h3><div id=\"kaliforms-global-error-message-15\" class=\"global-error-message\"><\/div><div class=\"row kali-form-field-row\"><div class=\"col-12 col-md-12 \"><span  data-internal-id=\"freetext7\" type=\"freeText\" id=\"freeText33e\" name=\"freeText\">Estaremos encantados de responder a sus preguntas. Env\u00edenos un correo electr\u00f3nico\u00a0<\/span><\/div><\/div><div class=\"row kali-form-field-row\"><div class=\"col-12 col-md-5 \"><label  for=\"first-name\">Nombre <span class=\"kali-required-mark\">*<\/span><\/label><input  data-internal-id=\"textbox2\" type=\"text\" id=\"first-name\" name=\"first-name\" data-properties.type=\"text\" required ><\/div><div class=\"col-12 col-md-7 \"><label  for=\"email\">Email <span class=\"kali-required-mark\">*<\/span><\/label><input  data-internal-id=\"textbox4\" type=\"text\" id=\"email\" name=\"email\" data-properties.type=\"text\" required ><\/div><\/div><div class=\"row kali-form-field-row\"><div class=\"col-12 col-md-12 \"><label  for=\"message\">Mensaje <span class=\"kali-required-mark\">*<\/span><\/label><textarea  data-internal-id=\"textarea5\" type=\"textarea\" id=\"message\" name=\"Mensaje\"required  rows=\"5\" class=\"input\"><\/textarea><\/div><\/div><div class=\"row kali-form-field-row\"><div class=\"col-12 col-md-12 \"><input  data-internal-id=\"submitbutton6\" type=\"submit\" id=\"submit\" data-style=\"default\"  class=\"input\" value=\"Enviar\" ><\/div><\/div><!-- This form was built using Kali Forms --><\/form>\t\t<\/div>\n\t\t\t\t<\/div>\n\t\t\t\t\t<\/div>\n\t\t<\/div>\n\t\t\t\t\t<\/div>\n\t\t<\/section>\n\t\t\t\t<\/div>\n\t\t","protected":false},"excerpt":{"rendered":"<p>Vis\u00edtanos: Centro comercial \u201cLas Vitrinas\u201d, local #22 (Frente a Juguet\u00f3n Policentro) Horario de atenci\u00f3n en local: Lunes Viernes (9:00 \u2013 13:00 \/ 13:30 \u2013 18:30) S\u00e1bados (9:00-15:00)\u00a0 Ll\u00e1manos: Tel\u00e9fono: 0985994693 Escr\u00edbenos Estaremos encantados de responder a sus preguntas. Env\u00edenos un correo electr\u00f3nico\u00a0Nombre *Email *Mensaje *<\/p>\n","protected":false},"author":1,"featured_media":0,"parent":0,"menu_order":0,"comment_status":"closed","ping_status":"closed","template":"","meta":{"_editorskit_title_hidden":false,"_editorskit_reading_time":0,"kt_blocks_editor_width":"","_kad_post_transparent":"","_kad_post_title":"hide","_kad_post_layout":"fullwidth","_kad_post_sidebar_id":"","_kad_post_content_style":"unboxed","_kad_post_vertical_padding":"hide","_kad_post_feature":"hide","_kad_post_feature_position":"","_kad_post_header":false,"_kad_post_footer":false,"footnotes":""},"yoast_head":"<!-- This site is optimized with the Yoast SEO plugin v22.6 - https:\/\/yoast.com\/wordpress\/plugins\/seo\/ -->\n<title>Cont\u00e1ctanos - LA TIENDITA DE SAN JOS\u00c9<\/title>\n<meta name=\"robots\" content=\"index, follow, max-snippet:-1, max-image-preview:large, max-video-preview:-1\" \/>\n<link rel=\"canonical\" href=\"https:\/\/latienditadesanjose.com\/index.php\/elementor-8121\/\" \/>\n<meta property=\"og:locale\" content=\"es_ES\" \/>\n<meta property=\"og:type\" content=\"article\" \/>\n<meta property=\"og:title\" content=\"Cont\u00e1ctanos - LA TIENDITA DE SAN JOS\u00c9\" \/>\n<meta property=\"og:description\" content=\"Vis\u00edtanos: Centro comercial \u201cLas Vitrinas\u201d, local #22 (Frente a Juguet\u00f3n Policentro) Horario de atenci\u00f3n en local: Lunes Viernes (9:00 \u2013 13:00 \/ 13:30 \u2013 18:30) S\u00e1bados (9:00-15:00)\u00a0 Ll\u00e1manos: Tel\u00e9fono: 0985994693 Escr\u00edbenos Estaremos encantados de responder a sus preguntas. Env\u00edenos un correo electr\u00f3nico\u00a0Nombre *Email *Mensaje *\" \/>\n<meta property=\"og:url\" content=\"https:\/\/latienditadesanjose.com\/index.php\/elementor-8121\/\" \/>\n<meta property=\"og:site_name\" content=\"LA TIENDITA DE SAN JOS\u00c9\" \/>\n<meta property=\"article:modified_time\" content=\"2023-09-26T14:01:37+00:00\" \/>\n<meta name=\"twitter:card\" content=\"summary_large_image\" \/>\n<meta name=\"twitter:label1\" content=\"Tiempo de lectura\" \/>\n\t<meta name=\"twitter:data1\" content=\"1 minuto\" \/>\n<script type=\"application\/ld+json\" class=\"yoast-schema-graph\">{\"@context\":\"https:\/\/schema.org\",\"@graph\":[{\"@type\":\"WebPage\",\"@id\":\"https:\/\/latienditadesanjose.com\/index.php\/elementor-8121\/\",\"url\":\"https:\/\/latienditadesanjose.com\/index.php\/elementor-8121\/\",\"name\":\"Cont\u00e1ctanos - LA TIENDITA DE SAN JOS\u00c9\",\"isPartOf\":{\"@id\":\"https:\/\/latienditadesanjose.com\/#website\"},\"datePublished\":\"2021-04-06T19:03:02+00:00\",\"dateModified\":\"2023-09-26T14:01:37+00:00\",\"breadcrumb\":{\"@id\":\"https:\/\/latienditadesanjose.com\/index.php\/elementor-8121\/#breadcrumb\"},\"inLanguage\":\"es\",\"potentialAction\":[{\"@type\":\"ReadAction\",\"target\":[\"https:\/\/latienditadesanjose.com\/index.php\/elementor-8121\/\"]}]},{\"@type\":\"BreadcrumbList\",\"@id\":\"https:\/\/latienditadesanjose.com\/index.php\/elementor-8121\/#breadcrumb\",\"itemListElement\":[{\"@type\":\"ListItem\",\"position\":1,\"name\":\"Portada\",\"item\":\"https:\/\/latienditadesanjose.com\/\"},{\"@type\":\"ListItem\",\"position\":2,\"name\":\"Cont\u00e1ctanos\"}]},{\"@type\":\"WebSite\",\"@id\":\"https:\/\/latienditadesanjose.com\/#website\",\"url\":\"https:\/\/latienditadesanjose.com\/\",\"name\":\"LA TIENDITA DE SAN JOS\u00c9\",\"description\":\"Tienda cat\u00f3lica online\",\"publisher\":{\"@id\":\"https:\/\/latienditadesanjose.com\/#organization\"},\"potentialAction\":[{\"@type\":\"SearchAction\",\"target\":{\"@type\":\"EntryPoint\",\"urlTemplate\":\"https:\/\/latienditadesanjose.com\/?s={search_term_string}\"},\"query-input\":\"required name=search_term_string\"}],\"inLanguage\":\"es\"},{\"@type\":\"Organization\",\"@id\":\"https:\/\/latienditadesanjose.com\/#organization\",\"name\":\"La tiendita San Jos\u00e9\",\"url\":\"https:\/\/latienditadesanjose.com\/\",\"logo\":{\"@type\":\"ImageObject\",\"inLanguage\":\"es\",\"@id\":\"https:\/\/latienditadesanjose.com\/#\/schema\/logo\/image\/\",\"url\":\"https:\/\/latienditadesanjose.com\/wp-content\/uploads\/2024\/03\/cropped-LOGO.png\",\"contentUrl\":\"https:\/\/latienditadesanjose.com\/wp-content\/uploads\/2024\/03\/cropped-LOGO.png\",\"width\":694,\"height\":254,\"caption\":\"La tiendita San Jos\u00e9\"},\"image\":{\"@id\":\"https:\/\/latienditadesanjose.com\/#\/schema\/logo\/image\/\"}}]}<\/script>\n<!-- \/ Yoast SEO plugin. -->","yoast_head_json":{"title":"Cont\u00e1ctanos - LA TIENDITA DE SAN JOS\u00c9","robots":{"index":"index","follow":"follow","max-snippet":"max-snippet:-1","max-image-preview":"max-image-preview:large","max-video-preview":"max-video-preview:-1"},"canonical":"https:\/\/latienditadesanjose.com\/index.php\/elementor-8121\/","og_locale":"es_ES","og_type":"article","og_title":"Cont\u00e1ctanos - LA TIENDITA DE SAN JOS\u00c9","og_description":"Vis\u00edtanos: Centro comercial \u201cLas Vitrinas\u201d, local #22 (Frente a Juguet\u00f3n Policentro) Horario de atenci\u00f3n en local: Lunes Viernes (9:00 \u2013 13:00 \/ 13:30 \u2013 18:30) S\u00e1bados (9:00-15:00)\u00a0 Ll\u00e1manos: Tel\u00e9fono: 0985994693 Escr\u00edbenos Estaremos encantados de responder a sus preguntas. Env\u00edenos un correo electr\u00f3nico\u00a0Nombre *Email *Mensaje *","og_url":"https:\/\/latienditadesanjose.com\/index.php\/elementor-8121\/","og_site_name":"LA TIENDITA DE SAN JOS\u00c9","article_modified_time":"2023-09-26T14:01:37+00:00","twitter_card":"summary_large_image","twitter_misc":{"Tiempo de lectura":"1 minuto"},"schema":{"@context":"https:\/\/schema.org","@graph":[{"@type":"WebPage","@id":"https:\/\/latienditadesanjose.com\/index.php\/elementor-8121\/","url":"https:\/\/latienditadesanjose.com\/index.php\/elementor-8121\/","name":"Cont\u00e1ctanos - LA TIENDITA DE SAN JOS\u00c9","isPartOf":{"@id":"https:\/\/latienditadesanjose.com\/#website"},"datePublished":"2021-04-06T19:03:02+00:00","dateModified":"2023-09-26T14:01:37+00:00","breadcrumb":{"@id":"https:\/\/latienditadesanjose.com\/index.php\/elementor-8121\/#breadcrumb"},"inLanguage":"es","potentialAction":[{"@type":"ReadAction","target":["https:\/\/latienditadesanjose.com\/index.php\/elementor-8121\/"]}]},{"@type":"BreadcrumbList","@id":"https:\/\/latienditadesanjose.com\/index.php\/elementor-8121\/#breadcrumb","itemListElement":[{"@type":"ListItem","position":1,"name":"Portada","item":"https:\/\/latienditadesanjose.com\/"},{"@type":"ListItem","position":2,"name":"Cont\u00e1ctanos"}]},{"@type":"WebSite","@id":"https:\/\/latienditadesanjose.com\/#website","url":"https:\/\/latienditadesanjose.com\/","name":"LA TIENDITA DE SAN JOS\u00c9","description":"Tienda cat\u00f3lica online","publisher":{"@id":"https:\/\/latienditadesanjose.com\/#organization"},"potentialAction":[{"@type":"SearchAction","target":{"@type":"EntryPoint","urlTemplate":"https:\/\/latienditadesanjose.com\/?s={search_term_string}"},"query-input":"required name=search_term_string"}],"inLanguage":"es"},{"@type":"Organization","@id":"https:\/\/latienditadesanjose.com\/#organization","name":"La tiendita San Jos\u00e9","url":"https:\/\/latienditadesanjose.com\/","logo":{"@type":"ImageObject","inLanguage":"es","@id":"https:\/\/latienditadesanjose.com\/#\/schema\/logo\/image\/","url":"https:\/\/latienditadesanjose.com\/wp-content\/uploads\/2024\/03\/cropped-LOGO.png","contentUrl":"https:\/\/latienditadesanjose.com\/wp-content\/uploads\/2024\/03\/cropped-LOGO.png","width":694,"height":254,"caption":"La tiendita San Jos\u00e9"},"image":{"@id":"https:\/\/latienditadesanjose.com\/#\/schema\/logo\/image\/"}}]}},"_links":{"self":[{"href":"https:\/\/latienditadesanjose.com\/index.php\/wp-json\/wp\/v2\/pages\/8121"}],"collection":[{"href":"https:\/\/latienditadesanjose.com\/index.php\/wp-json\/wp\/v2\/pages"}],"about":[{"href":"https:\/\/latienditadesanjose.com\/index.php\/wp-json\/wp\/v2\/types\/page"}],"author":[{"embeddable":true,"href":"https:\/\/latienditadesanjose.com\/index.php\/wp-json\/wp\/v2\/users\/1"}],"replies":[{"embeddable":true,"href":"https:\/\/latienditadesanjose.com\/index.php\/wp-json\/wp\/v2\/comments?post=8121"}],"version-history":[{"count":44,"href":"https:\/\/latienditadesanjose.com\/index.php\/wp-json\/wp\/v2\/pages\/8121\/revisions"}],"predecessor-version":[{"id":10507,"href":"https:\/\/latienditadesanjose.com\/index.php\/wp-json\/wp\/v2\/pages\/8121\/revisions\/10507"}],"wp:attachment":[{"href":"https:\/\/latienditadesanjose.com\/index.php\/wp-json\/wp\/v2\/media?parent=8121"}],"curies":[{"name":"wp","href":"https:\/\/api.w.org\/{rel}","templated":true}]}}