{"id":10182,"date":"2022-10-25T12:28:18","date_gmt":"2022-10-25T17:28:18","guid":{"rendered":"https:\/\/latienditadesanjose.com\/?post_type=product&#038;p=10182"},"modified":"2023-09-09T10:57:22","modified_gmt":"2023-09-09T15:57:22","slug":"peluche-jesus-divina-misericordia","status":"publish","type":"product","link":"https:\/\/latienditadesanjose.com\/index.php\/producto\/peluche-jesus-divina-misericordia\/","title":{"rendered":"PELUCHE JES\u00daS DIVINA MISERICORDIA"},"content":{"rendered":"<p>Con su suavidad y acogedor dise\u00f1o, de seguro se convertir\u00e1 en el compa\u00f1ero favorito de tu peque\u00f1o. Hemos cuidado los detalles iconogr\u00e1ficos m\u00e1s representativos de Jes\u00fas de la Divina Misericordia en peluche, por lo que resultar\u00e1 ser la forma m\u00e1s divertida para aprender sobre las virtudes, compasi\u00f3n y cuidados que brindaron al pr\u00f3jimo para llegar a ser Santos.<\/p>\n","protected":false},"excerpt":{"rendered":"<h2>Informaci\u00f3n del producto<\/h2>\n<ul>\n<li>Elaborado con microfibra, relleno 100% poli\u00e9ster.<\/li>\n<li>Viene en una hermosa caja listo para regalar.<\/li>\n<li>Tama\u00f1o: 34 cm alto<\/li>\n<li>Recomendado a partir de los 3+ a\u00f1os.<\/li>\n<\/ul>\n<p><em>Dise\u00f1o de Divina Misericordia cuenta con derecho de autor.<\/em><\/p>\n","protected":false},"featured_media":10183,"comment_status":"open","ping_status":"closed","template":"","meta":{"_editorskit_title_hidden":false,"_editorskit_reading_time":0,"kt_blocks_editor_width":"","_kad_post_transparent":"default","_kad_post_title":"","_kad_post_layout":"default","_kad_post_sidebar_id":"","_kad_post_content_style":"default","_kad_post_vertical_padding":"default","_kad_post_feature":"","_kad_post_feature_position":"","_kad_post_header":false,"_kad_post_footer":false},"yoast_head":"<!-- This site is optimized with the Yoast SEO plugin v22.6 - https:\/\/yoast.com\/wordpress\/plugins\/seo\/ -->\n<title>PELUCHE JES\u00daS DIVINA MISERICORDIA - LA TIENDITA DE SAN JOS\u00c9<\/title>\n<meta name=\"robots\" content=\"index, follow, max-snippet:-1, max-image-preview:large, max-video-preview:-1\" \/>\n<link rel=\"canonical\" href=\"https:\/\/latienditadesanjose.com\/index.php\/producto\/peluche-jesus-divina-misericordia\/\" \/>\n<meta property=\"og:locale\" content=\"es_ES\" \/>\n<meta property=\"og:type\" content=\"article\" \/>\n<meta property=\"og:title\" content=\"PELUCHE JES\u00daS DIVINA MISERICORDIA - LA TIENDITA DE SAN JOS\u00c9\" \/>\n<meta property=\"og:description\" content=\"Informaci\u00f3n del producto   Elaborado con microfibra, relleno 100% poli\u00e9ster.  Viene en una hermosa caja listo para regalar.  Tama\u00f1o: 34 cm alto  Recomendado a partir de los 3+ a\u00f1os.  Dise\u00f1o de Divina Misericordia cuenta con derecho de autor.\" \/>\n<meta property=\"og:url\" content=\"https:\/\/latienditadesanjose.com\/index.php\/producto\/peluche-jesus-divina-misericordia\/\" \/>\n<meta property=\"og:site_name\" content=\"LA TIENDITA DE SAN JOS\u00c9\" \/>\n<meta property=\"article:modified_time\" content=\"2023-09-09T15:57:22+00:00\" \/>\n<meta property=\"og:image\" content=\"https:\/\/latienditadesanjose.com\/wp-content\/uploads\/2022\/10\/jesus-misericordia.png\" \/>\n\t<meta property=\"og:image:width\" content=\"1080\" \/>\n\t<meta property=\"og:image:height\" content=\"1080\" \/>\n\t<meta property=\"og:image:type\" content=\"image\/png\" \/>\n<meta name=\"twitter:card\" content=\"summary_large_image\" \/>\n<meta name=\"twitter:label1\" content=\"Tiempo de lectura\" \/>\n\t<meta name=\"twitter:data1\" content=\"1 minuto\" \/>\n<script type=\"application\/ld+json\" class=\"yoast-schema-graph\">{\"@context\":\"https:\/\/schema.org\",\"@graph\":[{\"@type\":\"WebPage\",\"@id\":\"https:\/\/latienditadesanjose.com\/index.php\/producto\/peluche-jesus-divina-misericordia\/\",\"url\":\"https:\/\/latienditadesanjose.com\/index.php\/producto\/peluche-jesus-divina-misericordia\/\",\"name\":\"PELUCHE JES\u00daS DIVINA MISERICORDIA - LA TIENDITA DE SAN JOS\u00c9\",\"isPartOf\":{\"@id\":\"https:\/\/latienditadesanjose.com\/#website\"},\"primaryImageOfPage\":{\"@id\":\"https:\/\/latienditadesanjose.com\/index.php\/producto\/peluche-jesus-divina-misericordia\/#primaryimage\"},\"image\":{\"@id\":\"https:\/\/latienditadesanjose.com\/index.php\/producto\/peluche-jesus-divina-misericordia\/#primaryimage\"},\"thumbnailUrl\":\"https:\/\/latienditadesanjose.com\/wp-content\/uploads\/2022\/10\/jesus-misericordia.png\",\"datePublished\":\"2022-10-25T17:28:18+00:00\",\"dateModified\":\"2023-09-09T15:57:22+00:00\",\"breadcrumb\":{\"@id\":\"https:\/\/latienditadesanjose.com\/index.php\/producto\/peluche-jesus-divina-misericordia\/#breadcrumb\"},\"inLanguage\":\"es\",\"potentialAction\":[{\"@type\":\"ReadAction\",\"target\":[\"https:\/\/latienditadesanjose.com\/index.php\/producto\/peluche-jesus-divina-misericordia\/\"]}]},{\"@type\":\"ImageObject\",\"inLanguage\":\"es\",\"@id\":\"https:\/\/latienditadesanjose.com\/index.php\/producto\/peluche-jesus-divina-misericordia\/#primaryimage\",\"url\":\"https:\/\/latienditadesanjose.com\/wp-content\/uploads\/2022\/10\/jesus-misericordia.png\",\"contentUrl\":\"https:\/\/latienditadesanjose.com\/wp-content\/uploads\/2022\/10\/jesus-misericordia.png\",\"width\":1080,\"height\":1080},{\"@type\":\"BreadcrumbList\",\"@id\":\"https:\/\/latienditadesanjose.com\/index.php\/producto\/peluche-jesus-divina-misericordia\/#breadcrumb\",\"itemListElement\":[{\"@type\":\"ListItem\",\"position\":1,\"name\":\"Portada\",\"item\":\"https:\/\/latienditadesanjose.com\/\"},{\"@type\":\"ListItem\",\"position\":2,\"name\":\"Tienda\",\"item\":\"https:\/\/latienditadesanjose.com\/index.php\/shop\/\"},{\"@type\":\"ListItem\",\"position\":3,\"name\":\"PELUCHE JES\u00daS DIVINA MISERICORDIA\"}]},{\"@type\":\"WebSite\",\"@id\":\"https:\/\/latienditadesanjose.com\/#website\",\"url\":\"https:\/\/latienditadesanjose.com\/\",\"name\":\"LA TIENDITA DE SAN JOS\u00c9\",\"description\":\"Tienda cat\u00f3lica online\",\"publisher\":{\"@id\":\"https:\/\/latienditadesanjose.com\/#organization\"},\"potentialAction\":[{\"@type\":\"SearchAction\",\"target\":{\"@type\":\"EntryPoint\",\"urlTemplate\":\"https:\/\/latienditadesanjose.com\/?s={search_term_string}\"},\"query-input\":\"required name=search_term_string\"}],\"inLanguage\":\"es\"},{\"@type\":\"Organization\",\"@id\":\"https:\/\/latienditadesanjose.com\/#organization\",\"name\":\"La tiendita San Jos\u00e9\",\"url\":\"https:\/\/latienditadesanjose.com\/\",\"logo\":{\"@type\":\"ImageObject\",\"inLanguage\":\"es\",\"@id\":\"https:\/\/latienditadesanjose.com\/#\/schema\/logo\/image\/\",\"url\":\"https:\/\/latienditadesanjose.com\/wp-content\/uploads\/2024\/03\/cropped-LOGO.png\",\"contentUrl\":\"https:\/\/latienditadesanjose.com\/wp-content\/uploads\/2024\/03\/cropped-LOGO.png\",\"width\":694,\"height\":254,\"caption\":\"La tiendita San Jos\u00e9\"},\"image\":{\"@id\":\"https:\/\/latienditadesanjose.com\/#\/schema\/logo\/image\/\"}}]}<\/script>\n<!-- \/ Yoast SEO plugin. -->","yoast_head_json":{"title":"PELUCHE JES\u00daS DIVINA MISERICORDIA - LA TIENDITA DE SAN JOS\u00c9","robots":{"index":"index","follow":"follow","max-snippet":"max-snippet:-1","max-image-preview":"max-image-preview:large","max-video-preview":"max-video-preview:-1"},"canonical":"https:\/\/latienditadesanjose.com\/index.php\/producto\/peluche-jesus-divina-misericordia\/","og_locale":"es_ES","og_type":"article","og_title":"PELUCHE JES\u00daS DIVINA MISERICORDIA - LA TIENDITA DE SAN JOS\u00c9","og_description":"Informaci\u00f3n del producto   Elaborado con microfibra, relleno 100% poli\u00e9ster.  Viene en una hermosa caja listo para regalar.  Tama\u00f1o: 34 cm alto  Recomendado a partir de los 3+ a\u00f1os.  Dise\u00f1o de Divina Misericordia cuenta con derecho de autor.","og_url":"https:\/\/latienditadesanjose.com\/index.php\/producto\/peluche-jesus-divina-misericordia\/","og_site_name":"LA TIENDITA DE SAN JOS\u00c9","article_modified_time":"2023-09-09T15:57:22+00:00","og_image":[{"width":1080,"height":1080,"url":"https:\/\/latienditadesanjose.com\/wp-content\/uploads\/2022\/10\/jesus-misericordia.png","type":"image\/png"}],"twitter_card":"summary_large_image","twitter_misc":{"Tiempo de lectura":"1 minuto"},"schema":{"@context":"https:\/\/schema.org","@graph":[{"@type":"WebPage","@id":"https:\/\/latienditadesanjose.com\/index.php\/producto\/peluche-jesus-divina-misericordia\/","url":"https:\/\/latienditadesanjose.com\/index.php\/producto\/peluche-jesus-divina-misericordia\/","name":"PELUCHE JES\u00daS DIVINA MISERICORDIA - LA TIENDITA DE SAN JOS\u00c9","isPartOf":{"@id":"https:\/\/latienditadesanjose.com\/#website"},"primaryImageOfPage":{"@id":"https:\/\/latienditadesanjose.com\/index.php\/producto\/peluche-jesus-divina-misericordia\/#primaryimage"},"image":{"@id":"https:\/\/latienditadesanjose.com\/index.php\/producto\/peluche-jesus-divina-misericordia\/#primaryimage"},"thumbnailUrl":"https:\/\/latienditadesanjose.com\/wp-content\/uploads\/2022\/10\/jesus-misericordia.png","datePublished":"2022-10-25T17:28:18+00:00","dateModified":"2023-09-09T15:57:22+00:00","breadcrumb":{"@id":"https:\/\/latienditadesanjose.com\/index.php\/producto\/peluche-jesus-divina-misericordia\/#breadcrumb"},"inLanguage":"es","potentialAction":[{"@type":"ReadAction","target":["https:\/\/latienditadesanjose.com\/index.php\/producto\/peluche-jesus-divina-misericordia\/"]}]},{"@type":"ImageObject","inLanguage":"es","@id":"https:\/\/latienditadesanjose.com\/index.php\/producto\/peluche-jesus-divina-misericordia\/#primaryimage","url":"https:\/\/latienditadesanjose.com\/wp-content\/uploads\/2022\/10\/jesus-misericordia.png","contentUrl":"https:\/\/latienditadesanjose.com\/wp-content\/uploads\/2022\/10\/jesus-misericordia.png","width":1080,"height":1080},{"@type":"BreadcrumbList","@id":"https:\/\/latienditadesanjose.com\/index.php\/producto\/peluche-jesus-divina-misericordia\/#breadcrumb","itemListElement":[{"@type":"ListItem","position":1,"name":"Portada","item":"https:\/\/latienditadesanjose.com\/"},{"@type":"ListItem","position":2,"name":"Tienda","item":"https:\/\/latienditadesanjose.com\/index.php\/shop\/"},{"@type":"ListItem","position":3,"name":"PELUCHE JES\u00daS DIVINA MISERICORDIA"}]},{"@type":"WebSite","@id":"https:\/\/latienditadesanjose.com\/#website","url":"https:\/\/latienditadesanjose.com\/","name":"LA TIENDITA DE SAN JOS\u00c9","description":"Tienda cat\u00f3lica online","publisher":{"@id":"https:\/\/latienditadesanjose.com\/#organization"},"potentialAction":[{"@type":"SearchAction","target":{"@type":"EntryPoint","urlTemplate":"https:\/\/latienditadesanjose.com\/?s={search_term_string}"},"query-input":"required name=search_term_string"}],"inLanguage":"es"},{"@type":"Organization","@id":"https:\/\/latienditadesanjose.com\/#organization","name":"La tiendita San Jos\u00e9","url":"https:\/\/latienditadesanjose.com\/","logo":{"@type":"ImageObject","inLanguage":"es","@id":"https:\/\/latienditadesanjose.com\/#\/schema\/logo\/image\/","url":"https:\/\/latienditadesanjose.com\/wp-content\/uploads\/2024\/03\/cropped-LOGO.png","contentUrl":"https:\/\/latienditadesanjose.com\/wp-content\/uploads\/2024\/03\/cropped-LOGO.png","width":694,"height":254,"caption":"La tiendita San Jos\u00e9"},"image":{"@id":"https:\/\/latienditadesanjose.com\/#\/schema\/logo\/image\/"}}]}},"_links":{"self":[{"href":"https:\/\/latienditadesanjose.com\/index.php\/wp-json\/wp\/v2\/product\/10182"}],"collection":[{"href":"https:\/\/latienditadesanjose.com\/index.php\/wp-json\/wp\/v2\/product"}],"about":[{"href":"https:\/\/latienditadesanjose.com\/index.php\/wp-json\/wp\/v2\/types\/product"}],"replies":[{"embeddable":true,"href":"https:\/\/latienditadesanjose.com\/index.php\/wp-json\/wp\/v2\/comments?post=10182"}],"wp:featuredmedia":[{"embeddable":true,"href":"https:\/\/latienditadesanjose.com\/index.php\/wp-json\/wp\/v2\/media\/10183"}],"wp:attachment":[{"href":"https:\/\/latienditadesanjose.com\/index.php\/wp-json\/wp\/v2\/media?parent=10182"}],"curies":[{"name":"wp","href":"https:\/\/api.w.org\/{rel}","templated":true}]}}