{"id":10595,"date":"2024-01-09T12:52:10","date_gmt":"2024-01-09T17:52:10","guid":{"rendered":"https:\/\/latienditadesanjose.com\/?post_type=product&#038;p=10595"},"modified":"2024-12-26T17:01:32","modified_gmt":"2024-12-26T22:01:32","slug":"catedra-de-san-pedro-material-didactico","status":"publish","type":"product","link":"https:\/\/latienditadesanjose.com\/index.php\/producto\/catedra-de-san-pedro-material-didactico\/","title":{"rendered":"C\u00c1TEDRA DE SAN PEDRO-MATERIAL DID\u00c1CTICO"},"content":{"rendered":"<p><strong>Contenido Educativo Inspirador<\/strong><\/p>\n<p><strong>Ilustraciones Encantadoras<\/strong><\/p>\n<p><strong>Actividad de Pintura Incluida<\/strong><\/p>\n<p><strong>Recursos para Catequistas y Padres:<\/strong><\/p>\n","protected":false},"excerpt":{"rendered":"<p>Sum\u00e9rgete en la riqueza de la C\u00e1tedra de San Pedro con nuestro exclusivo material did\u00e1ctico en formato PDF, dise\u00f1ado pensando en catequistas y padres de familia que desean hacer que la ense\u00f1anza de la fe sea una experiencia memorable para los m\u00e1s peque\u00f1os.<\/p>\n","protected":false},"featured_media":10597,"comment_status":"open","ping_status":"closed","template":"","meta":{"_editorskit_title_hidden":false,"_editorskit_reading_time":0,"kt_blocks_editor_width":"","_kad_post_transparent":"default","_kad_post_title":"","_kad_post_layout":"default","_kad_post_sidebar_id":"","_kad_post_content_style":"default","_kad_post_vertical_padding":"default","_kad_post_feature":"","_kad_post_feature_position":"","_kad_post_header":false,"_kad_post_footer":false},"yoast_head":"<!-- This site is optimized with the Yoast SEO plugin v22.6 - https:\/\/yoast.com\/wordpress\/plugins\/seo\/ -->\n<title>C\u00c1TEDRA DE SAN PEDRO-MATERIAL DID\u00c1CTICO - LA TIENDITA DE SAN JOS\u00c9<\/title>\n<meta name=\"robots\" content=\"index, follow, max-snippet:-1, max-image-preview:large, max-video-preview:-1\" \/>\n<link rel=\"canonical\" href=\"https:\/\/latienditadesanjose.com\/index.php\/producto\/catedra-de-san-pedro-material-didactico\/\" \/>\n<meta property=\"og:locale\" content=\"es_ES\" \/>\n<meta property=\"og:type\" content=\"article\" \/>\n<meta property=\"og:title\" content=\"C\u00c1TEDRA DE SAN PEDRO-MATERIAL DID\u00c1CTICO - LA TIENDITA DE SAN JOS\u00c9\" \/>\n<meta property=\"og:description\" content=\"Sum\u00e9rgete en la riqueza de la C\u00e1tedra de San Pedro con nuestro exclusivo material did\u00e1ctico en formato PDF, dise\u00f1ado pensando en catequistas y padres de familia que desean hacer que la ense\u00f1anza de la fe sea una experiencia memorable para los m\u00e1s peque\u00f1os.\" \/>\n<meta property=\"og:url\" content=\"https:\/\/latienditadesanjose.com\/index.php\/producto\/catedra-de-san-pedro-material-didactico\/\" \/>\n<meta property=\"og:site_name\" content=\"LA TIENDITA DE SAN JOS\u00c9\" \/>\n<meta property=\"article:modified_time\" content=\"2024-12-26T22:01:32+00:00\" \/>\n<meta property=\"og:image\" content=\"https:\/\/latienditadesanjose.com\/wp-content\/uploads\/2024\/01\/LA-CATEDRA-DE-SAN-PEDRO-03.png\" \/>\n\t<meta property=\"og:image:width\" content=\"2481\" \/>\n\t<meta property=\"og:image:height\" content=\"2572\" \/>\n\t<meta property=\"og:image:type\" content=\"image\/png\" \/>\n<meta name=\"twitter:card\" content=\"summary_large_image\" \/>\n<meta name=\"twitter:label1\" content=\"Tiempo de lectura\" \/>\n\t<meta name=\"twitter:data1\" content=\"1 minuto\" \/>\n<script type=\"application\/ld+json\" class=\"yoast-schema-graph\">{\"@context\":\"https:\/\/schema.org\",\"@graph\":[{\"@type\":\"WebPage\",\"@id\":\"https:\/\/latienditadesanjose.com\/index.php\/producto\/catedra-de-san-pedro-material-didactico\/\",\"url\":\"https:\/\/latienditadesanjose.com\/index.php\/producto\/catedra-de-san-pedro-material-didactico\/\",\"name\":\"C\u00c1TEDRA DE SAN PEDRO-MATERIAL DID\u00c1CTICO - LA TIENDITA DE SAN JOS\u00c9\",\"isPartOf\":{\"@id\":\"https:\/\/latienditadesanjose.com\/#website\"},\"primaryImageOfPage\":{\"@id\":\"https:\/\/latienditadesanjose.com\/index.php\/producto\/catedra-de-san-pedro-material-didactico\/#primaryimage\"},\"image\":{\"@id\":\"https:\/\/latienditadesanjose.com\/index.php\/producto\/catedra-de-san-pedro-material-didactico\/#primaryimage\"},\"thumbnailUrl\":\"https:\/\/latienditadesanjose.com\/wp-content\/uploads\/2024\/01\/LA-CATEDRA-DE-SAN-PEDRO-03.png\",\"datePublished\":\"2024-01-09T17:52:10+00:00\",\"dateModified\":\"2024-12-26T22:01:32+00:00\",\"breadcrumb\":{\"@id\":\"https:\/\/latienditadesanjose.com\/index.php\/producto\/catedra-de-san-pedro-material-didactico\/#breadcrumb\"},\"inLanguage\":\"es\",\"potentialAction\":[{\"@type\":\"ReadAction\",\"target\":[\"https:\/\/latienditadesanjose.com\/index.php\/producto\/catedra-de-san-pedro-material-didactico\/\"]}]},{\"@type\":\"ImageObject\",\"inLanguage\":\"es\",\"@id\":\"https:\/\/latienditadesanjose.com\/index.php\/producto\/catedra-de-san-pedro-material-didactico\/#primaryimage\",\"url\":\"https:\/\/latienditadesanjose.com\/wp-content\/uploads\/2024\/01\/LA-CATEDRA-DE-SAN-PEDRO-03.png\",\"contentUrl\":\"https:\/\/latienditadesanjose.com\/wp-content\/uploads\/2024\/01\/LA-CATEDRA-DE-SAN-PEDRO-03.png\",\"width\":2481,\"height\":2572},{\"@type\":\"BreadcrumbList\",\"@id\":\"https:\/\/latienditadesanjose.com\/index.php\/producto\/catedra-de-san-pedro-material-didactico\/#breadcrumb\",\"itemListElement\":[{\"@type\":\"ListItem\",\"position\":1,\"name\":\"Portada\",\"item\":\"https:\/\/latienditadesanjose.com\/\"},{\"@type\":\"ListItem\",\"position\":2,\"name\":\"Tienda\",\"item\":\"https:\/\/latienditadesanjose.com\/index.php\/shop\/\"},{\"@type\":\"ListItem\",\"position\":3,\"name\":\"C\u00c1TEDRA DE SAN PEDRO-MATERIAL DID\u00c1CTICO\"}]},{\"@type\":\"WebSite\",\"@id\":\"https:\/\/latienditadesanjose.com\/#website\",\"url\":\"https:\/\/latienditadesanjose.com\/\",\"name\":\"LA TIENDITA DE SAN JOS\u00c9\",\"description\":\"Tienda cat\u00f3lica online\",\"publisher\":{\"@id\":\"https:\/\/latienditadesanjose.com\/#organization\"},\"potentialAction\":[{\"@type\":\"SearchAction\",\"target\":{\"@type\":\"EntryPoint\",\"urlTemplate\":\"https:\/\/latienditadesanjose.com\/?s={search_term_string}\"},\"query-input\":\"required name=search_term_string\"}],\"inLanguage\":\"es\"},{\"@type\":\"Organization\",\"@id\":\"https:\/\/latienditadesanjose.com\/#organization\",\"name\":\"La tiendita San Jos\u00e9\",\"url\":\"https:\/\/latienditadesanjose.com\/\",\"logo\":{\"@type\":\"ImageObject\",\"inLanguage\":\"es\",\"@id\":\"https:\/\/latienditadesanjose.com\/#\/schema\/logo\/image\/\",\"url\":\"https:\/\/latienditadesanjose.com\/wp-content\/uploads\/2024\/03\/cropped-LOGO.png\",\"contentUrl\":\"https:\/\/latienditadesanjose.com\/wp-content\/uploads\/2024\/03\/cropped-LOGO.png\",\"width\":694,\"height\":254,\"caption\":\"La tiendita San Jos\u00e9\"},\"image\":{\"@id\":\"https:\/\/latienditadesanjose.com\/#\/schema\/logo\/image\/\"}}]}<\/script>\n<!-- \/ Yoast SEO plugin. -->","yoast_head_json":{"title":"C\u00c1TEDRA DE SAN PEDRO-MATERIAL DID\u00c1CTICO - LA TIENDITA DE SAN JOS\u00c9","robots":{"index":"index","follow":"follow","max-snippet":"max-snippet:-1","max-image-preview":"max-image-preview:large","max-video-preview":"max-video-preview:-1"},"canonical":"https:\/\/latienditadesanjose.com\/index.php\/producto\/catedra-de-san-pedro-material-didactico\/","og_locale":"es_ES","og_type":"article","og_title":"C\u00c1TEDRA DE SAN PEDRO-MATERIAL DID\u00c1CTICO - LA TIENDITA DE SAN JOS\u00c9","og_description":"Sum\u00e9rgete en la riqueza de la C\u00e1tedra de San Pedro con nuestro exclusivo material did\u00e1ctico en formato PDF, dise\u00f1ado pensando en catequistas y padres de familia que desean hacer que la ense\u00f1anza de la fe sea una experiencia memorable para los m\u00e1s peque\u00f1os.","og_url":"https:\/\/latienditadesanjose.com\/index.php\/producto\/catedra-de-san-pedro-material-didactico\/","og_site_name":"LA TIENDITA DE SAN JOS\u00c9","article_modified_time":"2024-12-26T22:01:32+00:00","og_image":[{"width":2481,"height":2572,"url":"https:\/\/latienditadesanjose.com\/wp-content\/uploads\/2024\/01\/LA-CATEDRA-DE-SAN-PEDRO-03.png","type":"image\/png"}],"twitter_card":"summary_large_image","twitter_misc":{"Tiempo de lectura":"1 minuto"},"schema":{"@context":"https:\/\/schema.org","@graph":[{"@type":"WebPage","@id":"https:\/\/latienditadesanjose.com\/index.php\/producto\/catedra-de-san-pedro-material-didactico\/","url":"https:\/\/latienditadesanjose.com\/index.php\/producto\/catedra-de-san-pedro-material-didactico\/","name":"C\u00c1TEDRA DE SAN PEDRO-MATERIAL DID\u00c1CTICO - LA TIENDITA DE SAN JOS\u00c9","isPartOf":{"@id":"https:\/\/latienditadesanjose.com\/#website"},"primaryImageOfPage":{"@id":"https:\/\/latienditadesanjose.com\/index.php\/producto\/catedra-de-san-pedro-material-didactico\/#primaryimage"},"image":{"@id":"https:\/\/latienditadesanjose.com\/index.php\/producto\/catedra-de-san-pedro-material-didactico\/#primaryimage"},"thumbnailUrl":"https:\/\/latienditadesanjose.com\/wp-content\/uploads\/2024\/01\/LA-CATEDRA-DE-SAN-PEDRO-03.png","datePublished":"2024-01-09T17:52:10+00:00","dateModified":"2024-12-26T22:01:32+00:00","breadcrumb":{"@id":"https:\/\/latienditadesanjose.com\/index.php\/producto\/catedra-de-san-pedro-material-didactico\/#breadcrumb"},"inLanguage":"es","potentialAction":[{"@type":"ReadAction","target":["https:\/\/latienditadesanjose.com\/index.php\/producto\/catedra-de-san-pedro-material-didactico\/"]}]},{"@type":"ImageObject","inLanguage":"es","@id":"https:\/\/latienditadesanjose.com\/index.php\/producto\/catedra-de-san-pedro-material-didactico\/#primaryimage","url":"https:\/\/latienditadesanjose.com\/wp-content\/uploads\/2024\/01\/LA-CATEDRA-DE-SAN-PEDRO-03.png","contentUrl":"https:\/\/latienditadesanjose.com\/wp-content\/uploads\/2024\/01\/LA-CATEDRA-DE-SAN-PEDRO-03.png","width":2481,"height":2572},{"@type":"BreadcrumbList","@id":"https:\/\/latienditadesanjose.com\/index.php\/producto\/catedra-de-san-pedro-material-didactico\/#breadcrumb","itemListElement":[{"@type":"ListItem","position":1,"name":"Portada","item":"https:\/\/latienditadesanjose.com\/"},{"@type":"ListItem","position":2,"name":"Tienda","item":"https:\/\/latienditadesanjose.com\/index.php\/shop\/"},{"@type":"ListItem","position":3,"name":"C\u00c1TEDRA DE SAN PEDRO-MATERIAL DID\u00c1CTICO"}]},{"@type":"WebSite","@id":"https:\/\/latienditadesanjose.com\/#website","url":"https:\/\/latienditadesanjose.com\/","name":"LA TIENDITA DE SAN JOS\u00c9","description":"Tienda cat\u00f3lica online","publisher":{"@id":"https:\/\/latienditadesanjose.com\/#organization"},"potentialAction":[{"@type":"SearchAction","target":{"@type":"EntryPoint","urlTemplate":"https:\/\/latienditadesanjose.com\/?s={search_term_string}"},"query-input":"required name=search_term_string"}],"inLanguage":"es"},{"@type":"Organization","@id":"https:\/\/latienditadesanjose.com\/#organization","name":"La tiendita San Jos\u00e9","url":"https:\/\/latienditadesanjose.com\/","logo":{"@type":"ImageObject","inLanguage":"es","@id":"https:\/\/latienditadesanjose.com\/#\/schema\/logo\/image\/","url":"https:\/\/latienditadesanjose.com\/wp-content\/uploads\/2024\/03\/cropped-LOGO.png","contentUrl":"https:\/\/latienditadesanjose.com\/wp-content\/uploads\/2024\/03\/cropped-LOGO.png","width":694,"height":254,"caption":"La tiendita San Jos\u00e9"},"image":{"@id":"https:\/\/latienditadesanjose.com\/#\/schema\/logo\/image\/"}}]}},"_links":{"self":[{"href":"https:\/\/latienditadesanjose.com\/index.php\/wp-json\/wp\/v2\/product\/10595"}],"collection":[{"href":"https:\/\/latienditadesanjose.com\/index.php\/wp-json\/wp\/v2\/product"}],"about":[{"href":"https:\/\/latienditadesanjose.com\/index.php\/wp-json\/wp\/v2\/types\/product"}],"replies":[{"embeddable":true,"href":"https:\/\/latienditadesanjose.com\/index.php\/wp-json\/wp\/v2\/comments?post=10595"}],"wp:featuredmedia":[{"embeddable":true,"href":"https:\/\/latienditadesanjose.com\/index.php\/wp-json\/wp\/v2\/media\/10597"}],"wp:attachment":[{"href":"https:\/\/latienditadesanjose.com\/index.php\/wp-json\/wp\/v2\/media?parent=10595"}],"curies":[{"name":"wp","href":"https:\/\/api.w.org\/{rel}","templated":true}]}}