{"id":10653,"date":"2024-03-19T12:31:42","date_gmt":"2024-03-19T17:31:42","guid":{"rendered":"https:\/\/latienditadesanjose.com\/?post_type=product&#038;p=10653"},"modified":"2024-04-23T17:13:10","modified_gmt":"2024-04-23T22:13:10","slug":"la-familia-que-alcanzo-a-cristo","status":"publish","type":"product","link":"https:\/\/latienditadesanjose.com\/index.php\/producto\/la-familia-que-alcanzo-a-cristo\/","title":{"rendered":"LA FAMILIA QUE ALCANZ\u00d3 A CRISTO"},"content":{"rendered":"<p><em><strong>Autor: M. Raymond O.C.S.O<\/strong><\/em><\/p>\n","protected":false},"excerpt":{"rendered":"<p>Sum\u00e9rgete en la cautivadora narrativa de \u00abLa familia que alcanz\u00f3 a Cristo\u00bb, una obra magistral de M. Raymond O.C.S.O, que te transportar\u00e1 a los tumultuosos tiempos medievales y te sumergir\u00e1 en la vida de la familia de San Bernardo mientras enfrentan crisis y luchas humanas en su b\u00fasqueda de la santidad.<\/p>\n<p>\u00abLa familia que alcanz\u00f3 a Cristo\u00bb es una obra que cautiva y emociona, sumergi\u00e9ndote en las profundidades de la fe y la lucha por la santidad en medio de las vicisitudes de la vida.<\/p>\n","protected":false},"featured_media":10654,"comment_status":"open","ping_status":"closed","template":"","meta":{"_editorskit_title_hidden":false,"_editorskit_reading_time":0,"kt_blocks_editor_width":"","_kad_post_transparent":"default","_kad_post_title":"","_kad_post_layout":"default","_kad_post_sidebar_id":"","_kad_post_content_style":"default","_kad_post_vertical_padding":"default","_kad_post_feature":"","_kad_post_feature_position":"","_kad_post_header":false,"_kad_post_footer":false},"yoast_head":"<!-- This site is optimized with the Yoast SEO plugin v22.6 - https:\/\/yoast.com\/wordpress\/plugins\/seo\/ -->\n<title>LA FAMILIA QUE ALCANZ\u00d3 A CRISTO - LA TIENDITA DE SAN JOS\u00c9<\/title>\n<meta name=\"robots\" content=\"index, follow, max-snippet:-1, max-image-preview:large, max-video-preview:-1\" \/>\n<link rel=\"canonical\" href=\"https:\/\/latienditadesanjose.com\/index.php\/producto\/la-familia-que-alcanzo-a-cristo\/\" \/>\n<meta property=\"og:locale\" content=\"es_ES\" \/>\n<meta property=\"og:type\" content=\"article\" \/>\n<meta property=\"og:title\" content=\"LA FAMILIA QUE ALCANZ\u00d3 A CRISTO - LA TIENDITA DE SAN JOS\u00c9\" \/>\n<meta property=\"og:description\" content=\"Sum\u00e9rgete en la cautivadora narrativa de &quot;La familia que alcanz\u00f3 a Cristo&quot;, una obra magistral de M. Raymond O.C.S.O, que te transportar\u00e1 a los tumultuosos tiempos medievales y te sumergir\u00e1 en la vida de la familia de San Bernardo mientras enfrentan crisis y luchas humanas en su b\u00fasqueda de la santidad.  &quot;La familia que alcanz\u00f3 a Cristo&quot; es una obra que cautiva y emociona, sumergi\u00e9ndote en las profundidades de la fe y la lucha por la santidad en medio de las vicisitudes de la vida.\" \/>\n<meta property=\"og:url\" content=\"https:\/\/latienditadesanjose.com\/index.php\/producto\/la-familia-que-alcanzo-a-cristo\/\" \/>\n<meta property=\"og:site_name\" content=\"LA TIENDITA DE SAN JOS\u00c9\" \/>\n<meta property=\"article:modified_time\" content=\"2024-04-23T22:13:10+00:00\" \/>\n<meta property=\"og:image\" content=\"https:\/\/latienditadesanjose.com\/wp-content\/uploads\/2024\/03\/WhatsApp-Image-2024-03-19-at-10.52.45-AM.jpeg\" \/>\n\t<meta property=\"og:image:width\" content=\"329\" \/>\n\t<meta property=\"og:image:height\" content=\"500\" \/>\n\t<meta property=\"og:image:type\" content=\"image\/jpeg\" \/>\n<meta name=\"twitter:card\" content=\"summary_large_image\" \/>\n<script type=\"application\/ld+json\" class=\"yoast-schema-graph\">{\"@context\":\"https:\/\/schema.org\",\"@graph\":[{\"@type\":\"WebPage\",\"@id\":\"https:\/\/latienditadesanjose.com\/index.php\/producto\/la-familia-que-alcanzo-a-cristo\/\",\"url\":\"https:\/\/latienditadesanjose.com\/index.php\/producto\/la-familia-que-alcanzo-a-cristo\/\",\"name\":\"LA FAMILIA QUE ALCANZ\u00d3 A CRISTO - LA TIENDITA DE SAN JOS\u00c9\",\"isPartOf\":{\"@id\":\"https:\/\/latienditadesanjose.com\/#website\"},\"primaryImageOfPage\":{\"@id\":\"https:\/\/latienditadesanjose.com\/index.php\/producto\/la-familia-que-alcanzo-a-cristo\/#primaryimage\"},\"image\":{\"@id\":\"https:\/\/latienditadesanjose.com\/index.php\/producto\/la-familia-que-alcanzo-a-cristo\/#primaryimage\"},\"thumbnailUrl\":\"https:\/\/latienditadesanjose.com\/wp-content\/uploads\/2024\/03\/WhatsApp-Image-2024-03-19-at-10.52.45-AM.jpeg\",\"datePublished\":\"2024-03-19T17:31:42+00:00\",\"dateModified\":\"2024-04-23T22:13:10+00:00\",\"breadcrumb\":{\"@id\":\"https:\/\/latienditadesanjose.com\/index.php\/producto\/la-familia-que-alcanzo-a-cristo\/#breadcrumb\"},\"inLanguage\":\"es\",\"potentialAction\":[{\"@type\":\"ReadAction\",\"target\":[\"https:\/\/latienditadesanjose.com\/index.php\/producto\/la-familia-que-alcanzo-a-cristo\/\"]}]},{\"@type\":\"ImageObject\",\"inLanguage\":\"es\",\"@id\":\"https:\/\/latienditadesanjose.com\/index.php\/producto\/la-familia-que-alcanzo-a-cristo\/#primaryimage\",\"url\":\"https:\/\/latienditadesanjose.com\/wp-content\/uploads\/2024\/03\/WhatsApp-Image-2024-03-19-at-10.52.45-AM.jpeg\",\"contentUrl\":\"https:\/\/latienditadesanjose.com\/wp-content\/uploads\/2024\/03\/WhatsApp-Image-2024-03-19-at-10.52.45-AM.jpeg\",\"width\":329,\"height\":500},{\"@type\":\"BreadcrumbList\",\"@id\":\"https:\/\/latienditadesanjose.com\/index.php\/producto\/la-familia-que-alcanzo-a-cristo\/#breadcrumb\",\"itemListElement\":[{\"@type\":\"ListItem\",\"position\":1,\"name\":\"Portada\",\"item\":\"https:\/\/latienditadesanjose.com\/\"},{\"@type\":\"ListItem\",\"position\":2,\"name\":\"Tienda\",\"item\":\"https:\/\/latienditadesanjose.com\/index.php\/shop\/\"},{\"@type\":\"ListItem\",\"position\":3,\"name\":\"LA FAMILIA QUE ALCANZ\u00d3 A CRISTO\"}]},{\"@type\":\"WebSite\",\"@id\":\"https:\/\/latienditadesanjose.com\/#website\",\"url\":\"https:\/\/latienditadesanjose.com\/\",\"name\":\"LA TIENDITA DE SAN JOS\u00c9\",\"description\":\"Tienda cat\u00f3lica online\",\"publisher\":{\"@id\":\"https:\/\/latienditadesanjose.com\/#organization\"},\"potentialAction\":[{\"@type\":\"SearchAction\",\"target\":{\"@type\":\"EntryPoint\",\"urlTemplate\":\"https:\/\/latienditadesanjose.com\/?s={search_term_string}\"},\"query-input\":\"required name=search_term_string\"}],\"inLanguage\":\"es\"},{\"@type\":\"Organization\",\"@id\":\"https:\/\/latienditadesanjose.com\/#organization\",\"name\":\"La tiendita San Jos\u00e9\",\"url\":\"https:\/\/latienditadesanjose.com\/\",\"logo\":{\"@type\":\"ImageObject\",\"inLanguage\":\"es\",\"@id\":\"https:\/\/latienditadesanjose.com\/#\/schema\/logo\/image\/\",\"url\":\"https:\/\/latienditadesanjose.com\/wp-content\/uploads\/2024\/03\/cropped-LOGO.png\",\"contentUrl\":\"https:\/\/latienditadesanjose.com\/wp-content\/uploads\/2024\/03\/cropped-LOGO.png\",\"width\":694,\"height\":254,\"caption\":\"La tiendita San Jos\u00e9\"},\"image\":{\"@id\":\"https:\/\/latienditadesanjose.com\/#\/schema\/logo\/image\/\"}}]}<\/script>\n<!-- \/ Yoast SEO plugin. -->","yoast_head_json":{"title":"LA FAMILIA QUE ALCANZ\u00d3 A CRISTO - LA TIENDITA DE SAN JOS\u00c9","robots":{"index":"index","follow":"follow","max-snippet":"max-snippet:-1","max-image-preview":"max-image-preview:large","max-video-preview":"max-video-preview:-1"},"canonical":"https:\/\/latienditadesanjose.com\/index.php\/producto\/la-familia-que-alcanzo-a-cristo\/","og_locale":"es_ES","og_type":"article","og_title":"LA FAMILIA QUE ALCANZ\u00d3 A CRISTO - LA TIENDITA DE SAN JOS\u00c9","og_description":"Sum\u00e9rgete en la cautivadora narrativa de \"La familia que alcanz\u00f3 a Cristo\", una obra magistral de M. Raymond O.C.S.O, que te transportar\u00e1 a los tumultuosos tiempos medievales y te sumergir\u00e1 en la vida de la familia de San Bernardo mientras enfrentan crisis y luchas humanas en su b\u00fasqueda de la santidad.  \"La familia que alcanz\u00f3 a Cristo\" es una obra que cautiva y emociona, sumergi\u00e9ndote en las profundidades de la fe y la lucha por la santidad en medio de las vicisitudes de la vida.","og_url":"https:\/\/latienditadesanjose.com\/index.php\/producto\/la-familia-que-alcanzo-a-cristo\/","og_site_name":"LA TIENDITA DE SAN JOS\u00c9","article_modified_time":"2024-04-23T22:13:10+00:00","og_image":[{"width":329,"height":500,"url":"https:\/\/latienditadesanjose.com\/wp-content\/uploads\/2024\/03\/WhatsApp-Image-2024-03-19-at-10.52.45-AM.jpeg","type":"image\/jpeg"}],"twitter_card":"summary_large_image","schema":{"@context":"https:\/\/schema.org","@graph":[{"@type":"WebPage","@id":"https:\/\/latienditadesanjose.com\/index.php\/producto\/la-familia-que-alcanzo-a-cristo\/","url":"https:\/\/latienditadesanjose.com\/index.php\/producto\/la-familia-que-alcanzo-a-cristo\/","name":"LA FAMILIA QUE ALCANZ\u00d3 A CRISTO - LA TIENDITA DE SAN JOS\u00c9","isPartOf":{"@id":"https:\/\/latienditadesanjose.com\/#website"},"primaryImageOfPage":{"@id":"https:\/\/latienditadesanjose.com\/index.php\/producto\/la-familia-que-alcanzo-a-cristo\/#primaryimage"},"image":{"@id":"https:\/\/latienditadesanjose.com\/index.php\/producto\/la-familia-que-alcanzo-a-cristo\/#primaryimage"},"thumbnailUrl":"https:\/\/latienditadesanjose.com\/wp-content\/uploads\/2024\/03\/WhatsApp-Image-2024-03-19-at-10.52.45-AM.jpeg","datePublished":"2024-03-19T17:31:42+00:00","dateModified":"2024-04-23T22:13:10+00:00","breadcrumb":{"@id":"https:\/\/latienditadesanjose.com\/index.php\/producto\/la-familia-que-alcanzo-a-cristo\/#breadcrumb"},"inLanguage":"es","potentialAction":[{"@type":"ReadAction","target":["https:\/\/latienditadesanjose.com\/index.php\/producto\/la-familia-que-alcanzo-a-cristo\/"]}]},{"@type":"ImageObject","inLanguage":"es","@id":"https:\/\/latienditadesanjose.com\/index.php\/producto\/la-familia-que-alcanzo-a-cristo\/#primaryimage","url":"https:\/\/latienditadesanjose.com\/wp-content\/uploads\/2024\/03\/WhatsApp-Image-2024-03-19-at-10.52.45-AM.jpeg","contentUrl":"https:\/\/latienditadesanjose.com\/wp-content\/uploads\/2024\/03\/WhatsApp-Image-2024-03-19-at-10.52.45-AM.jpeg","width":329,"height":500},{"@type":"BreadcrumbList","@id":"https:\/\/latienditadesanjose.com\/index.php\/producto\/la-familia-que-alcanzo-a-cristo\/#breadcrumb","itemListElement":[{"@type":"ListItem","position":1,"name":"Portada","item":"https:\/\/latienditadesanjose.com\/"},{"@type":"ListItem","position":2,"name":"Tienda","item":"https:\/\/latienditadesanjose.com\/index.php\/shop\/"},{"@type":"ListItem","position":3,"name":"LA FAMILIA QUE ALCANZ\u00d3 A CRISTO"}]},{"@type":"WebSite","@id":"https:\/\/latienditadesanjose.com\/#website","url":"https:\/\/latienditadesanjose.com\/","name":"LA TIENDITA DE SAN JOS\u00c9","description":"Tienda cat\u00f3lica online","publisher":{"@id":"https:\/\/latienditadesanjose.com\/#organization"},"potentialAction":[{"@type":"SearchAction","target":{"@type":"EntryPoint","urlTemplate":"https:\/\/latienditadesanjose.com\/?s={search_term_string}"},"query-input":"required name=search_term_string"}],"inLanguage":"es"},{"@type":"Organization","@id":"https:\/\/latienditadesanjose.com\/#organization","name":"La tiendita San Jos\u00e9","url":"https:\/\/latienditadesanjose.com\/","logo":{"@type":"ImageObject","inLanguage":"es","@id":"https:\/\/latienditadesanjose.com\/#\/schema\/logo\/image\/","url":"https:\/\/latienditadesanjose.com\/wp-content\/uploads\/2024\/03\/cropped-LOGO.png","contentUrl":"https:\/\/latienditadesanjose.com\/wp-content\/uploads\/2024\/03\/cropped-LOGO.png","width":694,"height":254,"caption":"La tiendita San Jos\u00e9"},"image":{"@id":"https:\/\/latienditadesanjose.com\/#\/schema\/logo\/image\/"}}]}},"_links":{"self":[{"href":"https:\/\/latienditadesanjose.com\/index.php\/wp-json\/wp\/v2\/product\/10653"}],"collection":[{"href":"https:\/\/latienditadesanjose.com\/index.php\/wp-json\/wp\/v2\/product"}],"about":[{"href":"https:\/\/latienditadesanjose.com\/index.php\/wp-json\/wp\/v2\/types\/product"}],"replies":[{"embeddable":true,"href":"https:\/\/latienditadesanjose.com\/index.php\/wp-json\/wp\/v2\/comments?post=10653"}],"wp:featuredmedia":[{"embeddable":true,"href":"https:\/\/latienditadesanjose.com\/index.php\/wp-json\/wp\/v2\/media\/10654"}],"wp:attachment":[{"href":"https:\/\/latienditadesanjose.com\/index.php\/wp-json\/wp\/v2\/media?parent=10653"}],"curies":[{"name":"wp","href":"https:\/\/api.w.org\/{rel}","templated":true}]}}