{"id":11192,"date":"2024-04-22T15:33:54","date_gmt":"2024-04-22T20:33:54","guid":{"rendered":"https:\/\/latienditadesanjose.com\/?post_type=product&#038;p=11192"},"modified":"2024-04-23T11:47:35","modified_gmt":"2024-04-23T16:47:35","slug":"mi-primer-misalito","status":"publish","type":"product","link":"https:\/\/latienditadesanjose.com\/index.php\/producto\/mi-primer-misalito\/","title":{"rendered":"MI PRIMER MISALITO"},"content":{"rendered":"<p><em><strong>Editorial:<\/strong><\/em> SAN PABLO<\/p>\n","protected":false},"excerpt":{"rendered":"<p>\u00abMi Primer Misalito\u00bb es un libro lit\u00fargico destinado a los ni\u00f1os para que puedan participar activamente en la liturgia de la Misa.<\/p>\n<p>El libro contiene los elementos esenciales de la Misa, como el significado de las distintas partes de la liturgia (la liturgia de la Palabra, la liturgia eucar\u00edstica, etc.), las posturas adecuadas, y las oraciones comunes que se recitan durante la celebraci\u00f3n.<\/p>\n<p>Contiene ilustraciones coloridas y atractivas que ayuden a los ni\u00f1os a comprender mejor los diferentes momentos de la Misa. Es una herramienta educativa y espiritual dirigida a ni\u00f1os que est\u00e1n comenzando a participar en la Misa, ofreciendo una introducci\u00f3n clara y accesible a la liturgia y fomentando su participaci\u00f3n activa en la vida de la Iglesia.<\/p>\n","protected":false},"featured_media":11241,"comment_status":"open","ping_status":"closed","template":"","meta":{"_editorskit_title_hidden":false,"_editorskit_reading_time":0,"kt_blocks_editor_width":"","_kad_post_transparent":"default","_kad_post_title":"","_kad_post_layout":"default","_kad_post_sidebar_id":"","_kad_post_content_style":"default","_kad_post_vertical_padding":"default","_kad_post_feature":"","_kad_post_feature_position":"","_kad_post_header":false,"_kad_post_footer":false},"yoast_head":"<!-- This site is optimized with the Yoast SEO plugin v22.6 - https:\/\/yoast.com\/wordpress\/plugins\/seo\/ -->\n<title>MI PRIMER MISALITO - LA TIENDITA DE SAN JOS\u00c9<\/title>\n<meta name=\"robots\" content=\"index, follow, max-snippet:-1, max-image-preview:large, max-video-preview:-1\" \/>\n<link rel=\"canonical\" href=\"https:\/\/latienditadesanjose.com\/index.php\/producto\/mi-primer-misalito\/\" \/>\n<meta property=\"og:locale\" content=\"es_ES\" \/>\n<meta property=\"og:type\" content=\"article\" \/>\n<meta property=\"og:title\" content=\"MI PRIMER MISALITO - LA TIENDITA DE SAN JOS\u00c9\" \/>\n<meta property=\"og:description\" content=\"&quot;Mi Primer Misalito&quot; es un libro lit\u00fargico destinado a los ni\u00f1os para que puedan participar activamente en la liturgia de la Misa.  El libro contiene los elementos esenciales de la Misa, como el significado de las distintas partes de la liturgia (la liturgia de la Palabra, la liturgia eucar\u00edstica, etc.), las posturas adecuadas, y las oraciones comunes que se recitan durante la celebraci\u00f3n.  Contiene ilustraciones coloridas y atractivas que ayuden a los ni\u00f1os a comprender mejor los diferentes momentos de la Misa. Es una herramienta educativa y espiritual dirigida a ni\u00f1os que est\u00e1n comenzando a participar en la Misa, ofreciendo una introducci\u00f3n clara y accesible a la liturgia y fomentando su participaci\u00f3n activa en la vida de la Iglesia.\" \/>\n<meta property=\"og:url\" content=\"https:\/\/latienditadesanjose.com\/index.php\/producto\/mi-primer-misalito\/\" \/>\n<meta property=\"og:site_name\" content=\"LA TIENDITA DE SAN JOS\u00c9\" \/>\n<meta property=\"article:modified_time\" content=\"2024-04-23T16:47:35+00:00\" \/>\n<meta property=\"og:image\" content=\"https:\/\/latienditadesanjose.com\/wp-content\/uploads\/2024\/04\/Mi-primer-Misalito.jpg\" \/>\n\t<meta property=\"og:image:width\" content=\"275\" \/>\n\t<meta property=\"og:image:height\" content=\"370\" \/>\n\t<meta property=\"og:image:type\" content=\"image\/jpeg\" \/>\n<meta name=\"twitter:card\" content=\"summary_large_image\" \/>\n<meta name=\"twitter:label1\" content=\"Tiempo de lectura\" \/>\n\t<meta name=\"twitter:data1\" content=\"1 minuto\" \/>\n<script type=\"application\/ld+json\" class=\"yoast-schema-graph\">{\"@context\":\"https:\/\/schema.org\",\"@graph\":[{\"@type\":\"WebPage\",\"@id\":\"https:\/\/latienditadesanjose.com\/index.php\/producto\/mi-primer-misalito\/\",\"url\":\"https:\/\/latienditadesanjose.com\/index.php\/producto\/mi-primer-misalito\/\",\"name\":\"MI PRIMER MISALITO - LA TIENDITA DE SAN JOS\u00c9\",\"isPartOf\":{\"@id\":\"https:\/\/latienditadesanjose.com\/#website\"},\"primaryImageOfPage\":{\"@id\":\"https:\/\/latienditadesanjose.com\/index.php\/producto\/mi-primer-misalito\/#primaryimage\"},\"image\":{\"@id\":\"https:\/\/latienditadesanjose.com\/index.php\/producto\/mi-primer-misalito\/#primaryimage\"},\"thumbnailUrl\":\"https:\/\/latienditadesanjose.com\/wp-content\/uploads\/2024\/04\/Mi-primer-Misalito.jpg\",\"datePublished\":\"2024-04-22T20:33:54+00:00\",\"dateModified\":\"2024-04-23T16:47:35+00:00\",\"breadcrumb\":{\"@id\":\"https:\/\/latienditadesanjose.com\/index.php\/producto\/mi-primer-misalito\/#breadcrumb\"},\"inLanguage\":\"es\",\"potentialAction\":[{\"@type\":\"ReadAction\",\"target\":[\"https:\/\/latienditadesanjose.com\/index.php\/producto\/mi-primer-misalito\/\"]}]},{\"@type\":\"ImageObject\",\"inLanguage\":\"es\",\"@id\":\"https:\/\/latienditadesanjose.com\/index.php\/producto\/mi-primer-misalito\/#primaryimage\",\"url\":\"https:\/\/latienditadesanjose.com\/wp-content\/uploads\/2024\/04\/Mi-primer-Misalito.jpg\",\"contentUrl\":\"https:\/\/latienditadesanjose.com\/wp-content\/uploads\/2024\/04\/Mi-primer-Misalito.jpg\",\"width\":275,\"height\":370},{\"@type\":\"BreadcrumbList\",\"@id\":\"https:\/\/latienditadesanjose.com\/index.php\/producto\/mi-primer-misalito\/#breadcrumb\",\"itemListElement\":[{\"@type\":\"ListItem\",\"position\":1,\"name\":\"Portada\",\"item\":\"https:\/\/latienditadesanjose.com\/\"},{\"@type\":\"ListItem\",\"position\":2,\"name\":\"Tienda\",\"item\":\"https:\/\/latienditadesanjose.com\/index.php\/shop\/\"},{\"@type\":\"ListItem\",\"position\":3,\"name\":\"MI PRIMER MISALITO\"}]},{\"@type\":\"WebSite\",\"@id\":\"https:\/\/latienditadesanjose.com\/#website\",\"url\":\"https:\/\/latienditadesanjose.com\/\",\"name\":\"LA TIENDITA DE SAN JOS\u00c9\",\"description\":\"Tienda cat\u00f3lica online\",\"publisher\":{\"@id\":\"https:\/\/latienditadesanjose.com\/#organization\"},\"potentialAction\":[{\"@type\":\"SearchAction\",\"target\":{\"@type\":\"EntryPoint\",\"urlTemplate\":\"https:\/\/latienditadesanjose.com\/?s={search_term_string}\"},\"query-input\":\"required name=search_term_string\"}],\"inLanguage\":\"es\"},{\"@type\":\"Organization\",\"@id\":\"https:\/\/latienditadesanjose.com\/#organization\",\"name\":\"La tiendita San Jos\u00e9\",\"url\":\"https:\/\/latienditadesanjose.com\/\",\"logo\":{\"@type\":\"ImageObject\",\"inLanguage\":\"es\",\"@id\":\"https:\/\/latienditadesanjose.com\/#\/schema\/logo\/image\/\",\"url\":\"https:\/\/latienditadesanjose.com\/wp-content\/uploads\/2024\/03\/cropped-LOGO.png\",\"contentUrl\":\"https:\/\/latienditadesanjose.com\/wp-content\/uploads\/2024\/03\/cropped-LOGO.png\",\"width\":694,\"height\":254,\"caption\":\"La tiendita San Jos\u00e9\"},\"image\":{\"@id\":\"https:\/\/latienditadesanjose.com\/#\/schema\/logo\/image\/\"}}]}<\/script>\n<!-- \/ Yoast SEO plugin. -->","yoast_head_json":{"title":"MI PRIMER MISALITO - LA TIENDITA DE SAN JOS\u00c9","robots":{"index":"index","follow":"follow","max-snippet":"max-snippet:-1","max-image-preview":"max-image-preview:large","max-video-preview":"max-video-preview:-1"},"canonical":"https:\/\/latienditadesanjose.com\/index.php\/producto\/mi-primer-misalito\/","og_locale":"es_ES","og_type":"article","og_title":"MI PRIMER MISALITO - LA TIENDITA DE SAN JOS\u00c9","og_description":"\"Mi Primer Misalito\" es un libro lit\u00fargico destinado a los ni\u00f1os para que puedan participar activamente en la liturgia de la Misa.  El libro contiene los elementos esenciales de la Misa, como el significado de las distintas partes de la liturgia (la liturgia de la Palabra, la liturgia eucar\u00edstica, etc.), las posturas adecuadas, y las oraciones comunes que se recitan durante la celebraci\u00f3n.  Contiene ilustraciones coloridas y atractivas que ayuden a los ni\u00f1os a comprender mejor los diferentes momentos de la Misa. Es una herramienta educativa y espiritual dirigida a ni\u00f1os que est\u00e1n comenzando a participar en la Misa, ofreciendo una introducci\u00f3n clara y accesible a la liturgia y fomentando su participaci\u00f3n activa en la vida de la Iglesia.","og_url":"https:\/\/latienditadesanjose.com\/index.php\/producto\/mi-primer-misalito\/","og_site_name":"LA TIENDITA DE SAN JOS\u00c9","article_modified_time":"2024-04-23T16:47:35+00:00","og_image":[{"width":275,"height":370,"url":"https:\/\/latienditadesanjose.com\/wp-content\/uploads\/2024\/04\/Mi-primer-Misalito.jpg","type":"image\/jpeg"}],"twitter_card":"summary_large_image","twitter_misc":{"Tiempo de lectura":"1 minuto"},"schema":{"@context":"https:\/\/schema.org","@graph":[{"@type":"WebPage","@id":"https:\/\/latienditadesanjose.com\/index.php\/producto\/mi-primer-misalito\/","url":"https:\/\/latienditadesanjose.com\/index.php\/producto\/mi-primer-misalito\/","name":"MI PRIMER MISALITO - LA TIENDITA DE SAN JOS\u00c9","isPartOf":{"@id":"https:\/\/latienditadesanjose.com\/#website"},"primaryImageOfPage":{"@id":"https:\/\/latienditadesanjose.com\/index.php\/producto\/mi-primer-misalito\/#primaryimage"},"image":{"@id":"https:\/\/latienditadesanjose.com\/index.php\/producto\/mi-primer-misalito\/#primaryimage"},"thumbnailUrl":"https:\/\/latienditadesanjose.com\/wp-content\/uploads\/2024\/04\/Mi-primer-Misalito.jpg","datePublished":"2024-04-22T20:33:54+00:00","dateModified":"2024-04-23T16:47:35+00:00","breadcrumb":{"@id":"https:\/\/latienditadesanjose.com\/index.php\/producto\/mi-primer-misalito\/#breadcrumb"},"inLanguage":"es","potentialAction":[{"@type":"ReadAction","target":["https:\/\/latienditadesanjose.com\/index.php\/producto\/mi-primer-misalito\/"]}]},{"@type":"ImageObject","inLanguage":"es","@id":"https:\/\/latienditadesanjose.com\/index.php\/producto\/mi-primer-misalito\/#primaryimage","url":"https:\/\/latienditadesanjose.com\/wp-content\/uploads\/2024\/04\/Mi-primer-Misalito.jpg","contentUrl":"https:\/\/latienditadesanjose.com\/wp-content\/uploads\/2024\/04\/Mi-primer-Misalito.jpg","width":275,"height":370},{"@type":"BreadcrumbList","@id":"https:\/\/latienditadesanjose.com\/index.php\/producto\/mi-primer-misalito\/#breadcrumb","itemListElement":[{"@type":"ListItem","position":1,"name":"Portada","item":"https:\/\/latienditadesanjose.com\/"},{"@type":"ListItem","position":2,"name":"Tienda","item":"https:\/\/latienditadesanjose.com\/index.php\/shop\/"},{"@type":"ListItem","position":3,"name":"MI PRIMER MISALITO"}]},{"@type":"WebSite","@id":"https:\/\/latienditadesanjose.com\/#website","url":"https:\/\/latienditadesanjose.com\/","name":"LA TIENDITA DE SAN JOS\u00c9","description":"Tienda cat\u00f3lica online","publisher":{"@id":"https:\/\/latienditadesanjose.com\/#organization"},"potentialAction":[{"@type":"SearchAction","target":{"@type":"EntryPoint","urlTemplate":"https:\/\/latienditadesanjose.com\/?s={search_term_string}"},"query-input":"required name=search_term_string"}],"inLanguage":"es"},{"@type":"Organization","@id":"https:\/\/latienditadesanjose.com\/#organization","name":"La tiendita San Jos\u00e9","url":"https:\/\/latienditadesanjose.com\/","logo":{"@type":"ImageObject","inLanguage":"es","@id":"https:\/\/latienditadesanjose.com\/#\/schema\/logo\/image\/","url":"https:\/\/latienditadesanjose.com\/wp-content\/uploads\/2024\/03\/cropped-LOGO.png","contentUrl":"https:\/\/latienditadesanjose.com\/wp-content\/uploads\/2024\/03\/cropped-LOGO.png","width":694,"height":254,"caption":"La tiendita San Jos\u00e9"},"image":{"@id":"https:\/\/latienditadesanjose.com\/#\/schema\/logo\/image\/"}}]}},"_links":{"self":[{"href":"https:\/\/latienditadesanjose.com\/index.php\/wp-json\/wp\/v2\/product\/11192"}],"collection":[{"href":"https:\/\/latienditadesanjose.com\/index.php\/wp-json\/wp\/v2\/product"}],"about":[{"href":"https:\/\/latienditadesanjose.com\/index.php\/wp-json\/wp\/v2\/types\/product"}],"replies":[{"embeddable":true,"href":"https:\/\/latienditadesanjose.com\/index.php\/wp-json\/wp\/v2\/comments?post=11192"}],"wp:featuredmedia":[{"embeddable":true,"href":"https:\/\/latienditadesanjose.com\/index.php\/wp-json\/wp\/v2\/media\/11241"}],"wp:attachment":[{"href":"https:\/\/latienditadesanjose.com\/index.php\/wp-json\/wp\/v2\/media?parent=11192"}],"curies":[{"name":"wp","href":"https:\/\/api.w.org\/{rel}","templated":true}]}}