{"id":11210,"date":"2024-04-22T16:40:11","date_gmt":"2024-04-22T21:40:11","guid":{"rendered":"https:\/\/latienditadesanjose.com\/?post_type=product&#038;p=11210"},"modified":"2024-04-22T16:40:12","modified_gmt":"2024-04-22T21:40:12","slug":"novena-en-honor-a-la-santisma-virgen-del-cisne","status":"publish","type":"product","link":"https:\/\/latienditadesanjose.com\/index.php\/producto\/novena-en-honor-a-la-santisma-virgen-del-cisne\/","title":{"rendered":"NOVENA EN HONOR A LA SANT\u00cdSMA VIRGEN DEL CISNE"},"content":{"rendered":"","protected":false},"excerpt":{"rendered":"<p>Las novenas cat\u00f3licas son una pr\u00e1ctica espiritual significativa que enriquecen y fortalecen la vida espiritual de varias maneras:<\/p>\n<ol>\n<li><strong>Fomentan la constancia en la oraci\u00f3n:<\/strong> Consisten en rezar una serie de oraciones espec\u00edficas durante nueve d\u00edas consecutivos. Este compromiso diario ayuda a cultivar la disciplina espiritual y la constancia en la oraci\u00f3n, lo que puede fortalecer nuestra relaci\u00f3n con Dios.<\/li>\n<li><strong>Proporcionan un enfoque espec\u00edfico:<\/strong> Cada novena est\u00e1 dedicada a una intenci\u00f3n particular, como; la intercesi\u00f3n de la Sant\u00edsima Virgen Mar\u00eda, de un santo, la celebraci\u00f3n de una festividad lit\u00fargica o la petici\u00f3n de ayuda en momentos de necesidad. Esto nos brinda la oportunidad de concentrarnos en una intenci\u00f3n espec\u00edfica y profundizar en ella a lo largo de los nueve d\u00edas de oraci\u00f3n.<\/li>\n<li><strong>Favorecen la reflexi\u00f3n y la meditaci\u00f3n:<\/strong> Durante la novena, podemos reflexionar sobre la vida y las ense\u00f1anzas del santo al que estamos invocando, o sobre el misterio de la fe que estamos celebrando. Esto nos ayuda a profundizar en nuestra comprensi\u00f3n de la fe cat\u00f3lica y a crecer espiritualmente.<\/li>\n<li><strong>Fortalecen la fe y la confianza:<\/strong> Al perseverar en la oraci\u00f3n durante los nueve d\u00edas de la novena, podemos experimentar la fidelidad de Dios y su respuesta a nuestras peticiones. Esto fortalece nuestra fe y nos ayuda a confiar en el amor y la providencia divina en nuestras vidas.<\/li>\n<li><strong>Fomentan la comuni\u00f3n con la Iglesia:<\/strong> Las novenas son una pr\u00e1ctica com\u00fan en la Iglesia Cat\u00f3lica y nos unen en oraci\u00f3n con otros fieles que tambi\u00e9n est\u00e1n participando en la misma novena en todo el mundo. Esto nos recuerda que no estamos solos en nuestra vida espiritual, sino que formamos parte de una comunidad de fe m\u00e1s amplia.<\/li>\n<\/ol>\n<p>Las novenas cat\u00f3licas son una herramienta valiosa para el crecimiento espiritual, ya que nos ayudan a cultivar la oraci\u00f3n constante, a enfocarnos en intenciones espec\u00edficas, a reflexionar sobre nuestra fe, a fortalecer nuestra confianza en Dios y a unirnos en comuni\u00f3n con la Iglesia.<\/p>\n","protected":false},"featured_media":11211,"comment_status":"open","ping_status":"closed","template":"","meta":{"_editorskit_title_hidden":false,"_editorskit_reading_time":0,"kt_blocks_editor_width":"","_kad_post_transparent":"default","_kad_post_title":"","_kad_post_layout":"default","_kad_post_sidebar_id":"","_kad_post_content_style":"default","_kad_post_vertical_padding":"default","_kad_post_feature":"","_kad_post_feature_position":"","_kad_post_header":false,"_kad_post_footer":false},"yoast_head":"<!-- This site is optimized with the Yoast SEO plugin v22.6 - https:\/\/yoast.com\/wordpress\/plugins\/seo\/ -->\n<title>NOVENA EN HONOR A LA SANT\u00cdSMA VIRGEN DEL CISNE - LA TIENDITA DE SAN JOS\u00c9<\/title>\n<meta name=\"robots\" content=\"index, follow, max-snippet:-1, max-image-preview:large, max-video-preview:-1\" \/>\n<link rel=\"canonical\" href=\"https:\/\/latienditadesanjose.com\/index.php\/producto\/novena-en-honor-a-la-santisma-virgen-del-cisne\/\" \/>\n<meta property=\"og:locale\" content=\"es_ES\" \/>\n<meta property=\"og:type\" content=\"article\" \/>\n<meta property=\"og:title\" content=\"NOVENA EN HONOR A LA SANT\u00cdSMA VIRGEN DEL CISNE - LA TIENDITA DE SAN JOS\u00c9\" \/>\n<meta property=\"og:description\" content=\"Las novenas cat\u00f3licas son una pr\u00e1ctica espiritual significativa que enriquecen y fortalecen la vida espiritual de varias maneras:   Fomentan la constancia en la oraci\u00f3n: Consisten en rezar una serie de oraciones espec\u00edficas durante nueve d\u00edas consecutivos. Este compromiso diario ayuda a cultivar la disciplina espiritual y la constancia en la oraci\u00f3n, lo que puede fortalecer nuestra relaci\u00f3n con Dios.  Proporcionan un enfoque espec\u00edfico: Cada novena est\u00e1 dedicada a una intenci\u00f3n particular, como; la intercesi\u00f3n de la Sant\u00edsima Virgen Mar\u00eda, de un santo, la celebraci\u00f3n de una festividad lit\u00fargica o la petici\u00f3n de ayuda en momentos de necesidad. Esto nos brinda la oportunidad de concentrarnos en una intenci\u00f3n espec\u00edfica y profundizar en ella a lo largo de los nueve d\u00edas de oraci\u00f3n.  Favorecen la reflexi\u00f3n y la meditaci\u00f3n: Durante la novena, podemos reflexionar sobre la vida y las ense\u00f1anzas del santo al que estamos invocando, o sobre el misterio de la fe que estamos celebrando. Esto nos ayuda a profundizar en nuestra comprensi\u00f3n de la fe cat\u00f3lica y a crecer espiritualmente.  Fortalecen la fe y la confianza: Al perseverar en la oraci\u00f3n durante los nueve d\u00edas de la novena, podemos experimentar la fidelidad de Dios y su respuesta a nuestras peticiones. Esto fortalece nuestra fe y nos ayuda a confiar en el amor y la providencia divina en nuestras vidas.  Fomentan la comuni\u00f3n con la Iglesia: Las novenas son una pr\u00e1ctica com\u00fan en la Iglesia Cat\u00f3lica y nos unen en oraci\u00f3n con otros fieles que tambi\u00e9n est\u00e1n participando en la misma novena en todo el mundo. Esto nos recuerda que no estamos solos en nuestra vida espiritual, sino que formamos parte de una comunidad de fe m\u00e1s amplia.  Las novenas cat\u00f3licas son una herramienta valiosa para el crecimiento espiritual, ya que nos ayudan a cultivar la oraci\u00f3n constante, a enfocarnos en intenciones espec\u00edficas, a reflexionar sobre nuestra fe, a fortalecer nuestra confianza en Dios y a unirnos en comuni\u00f3n con la Iglesia.\" \/>\n<meta property=\"og:url\" content=\"https:\/\/latienditadesanjose.com\/index.php\/producto\/novena-en-honor-a-la-santisma-virgen-del-cisne\/\" \/>\n<meta property=\"og:site_name\" content=\"LA TIENDITA DE SAN JOS\u00c9\" \/>\n<meta property=\"article:modified_time\" content=\"2024-04-22T21:40:12+00:00\" \/>\n<meta property=\"og:image\" content=\"https:\/\/latienditadesanjose.com\/wp-content\/uploads\/2024\/04\/NOVENA-EN-HONOR-A-LA-SANTISIMA-VIRGEN-DE-EL-CISNE_1.jpg\" \/>\n\t<meta property=\"og:image:width\" content=\"288\" \/>\n\t<meta property=\"og:image:height\" content=\"353\" \/>\n\t<meta property=\"og:image:type\" content=\"image\/jpeg\" \/>\n<meta name=\"twitter:card\" content=\"summary_large_image\" \/>\n<meta name=\"twitter:label1\" content=\"Tiempo de lectura\" \/>\n\t<meta name=\"twitter:data1\" content=\"1 minuto\" \/>\n<script type=\"application\/ld+json\" class=\"yoast-schema-graph\">{\"@context\":\"https:\/\/schema.org\",\"@graph\":[{\"@type\":\"WebPage\",\"@id\":\"https:\/\/latienditadesanjose.com\/index.php\/producto\/novena-en-honor-a-la-santisma-virgen-del-cisne\/\",\"url\":\"https:\/\/latienditadesanjose.com\/index.php\/producto\/novena-en-honor-a-la-santisma-virgen-del-cisne\/\",\"name\":\"NOVENA EN HONOR A LA SANT\u00cdSMA VIRGEN DEL CISNE - LA TIENDITA DE SAN JOS\u00c9\",\"isPartOf\":{\"@id\":\"https:\/\/latienditadesanjose.com\/#website\"},\"primaryImageOfPage\":{\"@id\":\"https:\/\/latienditadesanjose.com\/index.php\/producto\/novena-en-honor-a-la-santisma-virgen-del-cisne\/#primaryimage\"},\"image\":{\"@id\":\"https:\/\/latienditadesanjose.com\/index.php\/producto\/novena-en-honor-a-la-santisma-virgen-del-cisne\/#primaryimage\"},\"thumbnailUrl\":\"https:\/\/latienditadesanjose.com\/wp-content\/uploads\/2024\/04\/NOVENA-EN-HONOR-A-LA-SANTISIMA-VIRGEN-DE-EL-CISNE_1.jpg\",\"datePublished\":\"2024-04-22T21:40:11+00:00\",\"dateModified\":\"2024-04-22T21:40:12+00:00\",\"breadcrumb\":{\"@id\":\"https:\/\/latienditadesanjose.com\/index.php\/producto\/novena-en-honor-a-la-santisma-virgen-del-cisne\/#breadcrumb\"},\"inLanguage\":\"es\",\"potentialAction\":[{\"@type\":\"ReadAction\",\"target\":[\"https:\/\/latienditadesanjose.com\/index.php\/producto\/novena-en-honor-a-la-santisma-virgen-del-cisne\/\"]}]},{\"@type\":\"ImageObject\",\"inLanguage\":\"es\",\"@id\":\"https:\/\/latienditadesanjose.com\/index.php\/producto\/novena-en-honor-a-la-santisma-virgen-del-cisne\/#primaryimage\",\"url\":\"https:\/\/latienditadesanjose.com\/wp-content\/uploads\/2024\/04\/NOVENA-EN-HONOR-A-LA-SANTISIMA-VIRGEN-DE-EL-CISNE_1.jpg\",\"contentUrl\":\"https:\/\/latienditadesanjose.com\/wp-content\/uploads\/2024\/04\/NOVENA-EN-HONOR-A-LA-SANTISIMA-VIRGEN-DE-EL-CISNE_1.jpg\",\"width\":288,\"height\":353},{\"@type\":\"BreadcrumbList\",\"@id\":\"https:\/\/latienditadesanjose.com\/index.php\/producto\/novena-en-honor-a-la-santisma-virgen-del-cisne\/#breadcrumb\",\"itemListElement\":[{\"@type\":\"ListItem\",\"position\":1,\"name\":\"Portada\",\"item\":\"https:\/\/latienditadesanjose.com\/\"},{\"@type\":\"ListItem\",\"position\":2,\"name\":\"Tienda\",\"item\":\"https:\/\/latienditadesanjose.com\/index.php\/shop\/\"},{\"@type\":\"ListItem\",\"position\":3,\"name\":\"NOVENA EN HONOR A LA SANT\u00cdSMA VIRGEN DEL CISNE\"}]},{\"@type\":\"WebSite\",\"@id\":\"https:\/\/latienditadesanjose.com\/#website\",\"url\":\"https:\/\/latienditadesanjose.com\/\",\"name\":\"LA TIENDITA DE SAN JOS\u00c9\",\"description\":\"Tienda cat\u00f3lica online\",\"publisher\":{\"@id\":\"https:\/\/latienditadesanjose.com\/#organization\"},\"potentialAction\":[{\"@type\":\"SearchAction\",\"target\":{\"@type\":\"EntryPoint\",\"urlTemplate\":\"https:\/\/latienditadesanjose.com\/?s={search_term_string}\"},\"query-input\":\"required name=search_term_string\"}],\"inLanguage\":\"es\"},{\"@type\":\"Organization\",\"@id\":\"https:\/\/latienditadesanjose.com\/#organization\",\"name\":\"La tiendita San Jos\u00e9\",\"url\":\"https:\/\/latienditadesanjose.com\/\",\"logo\":{\"@type\":\"ImageObject\",\"inLanguage\":\"es\",\"@id\":\"https:\/\/latienditadesanjose.com\/#\/schema\/logo\/image\/\",\"url\":\"https:\/\/latienditadesanjose.com\/wp-content\/uploads\/2024\/03\/cropped-LOGO.png\",\"contentUrl\":\"https:\/\/latienditadesanjose.com\/wp-content\/uploads\/2024\/03\/cropped-LOGO.png\",\"width\":694,\"height\":254,\"caption\":\"La tiendita San Jos\u00e9\"},\"image\":{\"@id\":\"https:\/\/latienditadesanjose.com\/#\/schema\/logo\/image\/\"}}]}<\/script>\n<!-- \/ Yoast SEO plugin. -->","yoast_head_json":{"title":"NOVENA EN HONOR A LA SANT\u00cdSMA VIRGEN DEL CISNE - LA TIENDITA DE SAN JOS\u00c9","robots":{"index":"index","follow":"follow","max-snippet":"max-snippet:-1","max-image-preview":"max-image-preview:large","max-video-preview":"max-video-preview:-1"},"canonical":"https:\/\/latienditadesanjose.com\/index.php\/producto\/novena-en-honor-a-la-santisma-virgen-del-cisne\/","og_locale":"es_ES","og_type":"article","og_title":"NOVENA EN HONOR A LA SANT\u00cdSMA VIRGEN DEL CISNE - LA TIENDITA DE SAN JOS\u00c9","og_description":"Las novenas cat\u00f3licas son una pr\u00e1ctica espiritual significativa que enriquecen y fortalecen la vida espiritual de varias maneras:   Fomentan la constancia en la oraci\u00f3n: Consisten en rezar una serie de oraciones espec\u00edficas durante nueve d\u00edas consecutivos. Este compromiso diario ayuda a cultivar la disciplina espiritual y la constancia en la oraci\u00f3n, lo que puede fortalecer nuestra relaci\u00f3n con Dios.  Proporcionan un enfoque espec\u00edfico: Cada novena est\u00e1 dedicada a una intenci\u00f3n particular, como; la intercesi\u00f3n de la Sant\u00edsima Virgen Mar\u00eda, de un santo, la celebraci\u00f3n de una festividad lit\u00fargica o la petici\u00f3n de ayuda en momentos de necesidad. Esto nos brinda la oportunidad de concentrarnos en una intenci\u00f3n espec\u00edfica y profundizar en ella a lo largo de los nueve d\u00edas de oraci\u00f3n.  Favorecen la reflexi\u00f3n y la meditaci\u00f3n: Durante la novena, podemos reflexionar sobre la vida y las ense\u00f1anzas del santo al que estamos invocando, o sobre el misterio de la fe que estamos celebrando. Esto nos ayuda a profundizar en nuestra comprensi\u00f3n de la fe cat\u00f3lica y a crecer espiritualmente.  Fortalecen la fe y la confianza: Al perseverar en la oraci\u00f3n durante los nueve d\u00edas de la novena, podemos experimentar la fidelidad de Dios y su respuesta a nuestras peticiones. Esto fortalece nuestra fe y nos ayuda a confiar en el amor y la providencia divina en nuestras vidas.  Fomentan la comuni\u00f3n con la Iglesia: Las novenas son una pr\u00e1ctica com\u00fan en la Iglesia Cat\u00f3lica y nos unen en oraci\u00f3n con otros fieles que tambi\u00e9n est\u00e1n participando en la misma novena en todo el mundo. Esto nos recuerda que no estamos solos en nuestra vida espiritual, sino que formamos parte de una comunidad de fe m\u00e1s amplia.  Las novenas cat\u00f3licas son una herramienta valiosa para el crecimiento espiritual, ya que nos ayudan a cultivar la oraci\u00f3n constante, a enfocarnos en intenciones espec\u00edficas, a reflexionar sobre nuestra fe, a fortalecer nuestra confianza en Dios y a unirnos en comuni\u00f3n con la Iglesia.","og_url":"https:\/\/latienditadesanjose.com\/index.php\/producto\/novena-en-honor-a-la-santisma-virgen-del-cisne\/","og_site_name":"LA TIENDITA DE SAN JOS\u00c9","article_modified_time":"2024-04-22T21:40:12+00:00","og_image":[{"width":288,"height":353,"url":"https:\/\/latienditadesanjose.com\/wp-content\/uploads\/2024\/04\/NOVENA-EN-HONOR-A-LA-SANTISIMA-VIRGEN-DE-EL-CISNE_1.jpg","type":"image\/jpeg"}],"twitter_card":"summary_large_image","twitter_misc":{"Tiempo de lectura":"1 minuto"},"schema":{"@context":"https:\/\/schema.org","@graph":[{"@type":"WebPage","@id":"https:\/\/latienditadesanjose.com\/index.php\/producto\/novena-en-honor-a-la-santisma-virgen-del-cisne\/","url":"https:\/\/latienditadesanjose.com\/index.php\/producto\/novena-en-honor-a-la-santisma-virgen-del-cisne\/","name":"NOVENA EN HONOR A LA SANT\u00cdSMA VIRGEN DEL CISNE - LA TIENDITA DE SAN JOS\u00c9","isPartOf":{"@id":"https:\/\/latienditadesanjose.com\/#website"},"primaryImageOfPage":{"@id":"https:\/\/latienditadesanjose.com\/index.php\/producto\/novena-en-honor-a-la-santisma-virgen-del-cisne\/#primaryimage"},"image":{"@id":"https:\/\/latienditadesanjose.com\/index.php\/producto\/novena-en-honor-a-la-santisma-virgen-del-cisne\/#primaryimage"},"thumbnailUrl":"https:\/\/latienditadesanjose.com\/wp-content\/uploads\/2024\/04\/NOVENA-EN-HONOR-A-LA-SANTISIMA-VIRGEN-DE-EL-CISNE_1.jpg","datePublished":"2024-04-22T21:40:11+00:00","dateModified":"2024-04-22T21:40:12+00:00","breadcrumb":{"@id":"https:\/\/latienditadesanjose.com\/index.php\/producto\/novena-en-honor-a-la-santisma-virgen-del-cisne\/#breadcrumb"},"inLanguage":"es","potentialAction":[{"@type":"ReadAction","target":["https:\/\/latienditadesanjose.com\/index.php\/producto\/novena-en-honor-a-la-santisma-virgen-del-cisne\/"]}]},{"@type":"ImageObject","inLanguage":"es","@id":"https:\/\/latienditadesanjose.com\/index.php\/producto\/novena-en-honor-a-la-santisma-virgen-del-cisne\/#primaryimage","url":"https:\/\/latienditadesanjose.com\/wp-content\/uploads\/2024\/04\/NOVENA-EN-HONOR-A-LA-SANTISIMA-VIRGEN-DE-EL-CISNE_1.jpg","contentUrl":"https:\/\/latienditadesanjose.com\/wp-content\/uploads\/2024\/04\/NOVENA-EN-HONOR-A-LA-SANTISIMA-VIRGEN-DE-EL-CISNE_1.jpg","width":288,"height":353},{"@type":"BreadcrumbList","@id":"https:\/\/latienditadesanjose.com\/index.php\/producto\/novena-en-honor-a-la-santisma-virgen-del-cisne\/#breadcrumb","itemListElement":[{"@type":"ListItem","position":1,"name":"Portada","item":"https:\/\/latienditadesanjose.com\/"},{"@type":"ListItem","position":2,"name":"Tienda","item":"https:\/\/latienditadesanjose.com\/index.php\/shop\/"},{"@type":"ListItem","position":3,"name":"NOVENA EN HONOR A LA SANT\u00cdSMA VIRGEN DEL CISNE"}]},{"@type":"WebSite","@id":"https:\/\/latienditadesanjose.com\/#website","url":"https:\/\/latienditadesanjose.com\/","name":"LA TIENDITA DE SAN JOS\u00c9","description":"Tienda cat\u00f3lica online","publisher":{"@id":"https:\/\/latienditadesanjose.com\/#organization"},"potentialAction":[{"@type":"SearchAction","target":{"@type":"EntryPoint","urlTemplate":"https:\/\/latienditadesanjose.com\/?s={search_term_string}"},"query-input":"required name=search_term_string"}],"inLanguage":"es"},{"@type":"Organization","@id":"https:\/\/latienditadesanjose.com\/#organization","name":"La tiendita San Jos\u00e9","url":"https:\/\/latienditadesanjose.com\/","logo":{"@type":"ImageObject","inLanguage":"es","@id":"https:\/\/latienditadesanjose.com\/#\/schema\/logo\/image\/","url":"https:\/\/latienditadesanjose.com\/wp-content\/uploads\/2024\/03\/cropped-LOGO.png","contentUrl":"https:\/\/latienditadesanjose.com\/wp-content\/uploads\/2024\/03\/cropped-LOGO.png","width":694,"height":254,"caption":"La tiendita San Jos\u00e9"},"image":{"@id":"https:\/\/latienditadesanjose.com\/#\/schema\/logo\/image\/"}}]}},"_links":{"self":[{"href":"https:\/\/latienditadesanjose.com\/index.php\/wp-json\/wp\/v2\/product\/11210"}],"collection":[{"href":"https:\/\/latienditadesanjose.com\/index.php\/wp-json\/wp\/v2\/product"}],"about":[{"href":"https:\/\/latienditadesanjose.com\/index.php\/wp-json\/wp\/v2\/types\/product"}],"replies":[{"embeddable":true,"href":"https:\/\/latienditadesanjose.com\/index.php\/wp-json\/wp\/v2\/comments?post=11210"}],"wp:featuredmedia":[{"embeddable":true,"href":"https:\/\/latienditadesanjose.com\/index.php\/wp-json\/wp\/v2\/media\/11211"}],"wp:attachment":[{"href":"https:\/\/latienditadesanjose.com\/index.php\/wp-json\/wp\/v2\/media?parent=11210"}],"curies":[{"name":"wp","href":"https:\/\/api.w.org\/{rel}","templated":true}]}}