{"id":11226,"date":"2024-04-22T17:55:06","date_gmt":"2024-04-22T22:55:06","guid":{"rendered":"https:\/\/latienditadesanjose.com\/?post_type=product&#038;p=11226"},"modified":"2024-04-22T17:55:06","modified_gmt":"2024-04-22T22:55:06","slug":"senor-del-mundo","status":"publish","type":"product","link":"https:\/\/latienditadesanjose.com\/index.php\/producto\/senor-del-mundo\/","title":{"rendered":"SE\u00d1OR DEL MUNDO"},"content":{"rendered":"<p><em><strong>Autor:<\/strong> <\/em>ROBERT HUGH BENSON<\/p>\n","protected":false},"excerpt":{"rendered":"<p>Es una novela escrita por Robert Hugh Benson, un sacerdote anglicano convertido al catolicismo y prol\u00edfico autor de finales del siglo XIX y principios del XX. Publicada por primera vez en 1907, la obra es considerada una de las primeras novelas dist\u00f3picas y es una de las m\u00e1s famosas del autor.<\/p>\n<p>La trama de \u00abSe\u00f1or del Mundo\u00bb se sit\u00faa en un futuro no muy lejano, donde la humanidad se encuentra en medio de grandes cambios sociales, pol\u00edticos y religiosos. En este mundo, un hombre carism\u00e1tico llamado Julian Felsenburgh emerge como un l\u00edder mundial y es aclamado como el \u00abSe\u00f1or del Mundo\u00bb. Sin embargo, a medida que su influencia crece, se revela que Felsenburgh es en realidad un anticristo, cuya ascensi\u00f3n al poder marca el inicio del fin de los tiempos.<\/p>\n<p>La novela explora temas como el conflicto entre el bien y el mal, la persecuci\u00f3n de la fe y la lucha por la verdad en un mundo secularizado y dominado por el relativismo moral. A trav\u00e9s de los personajes y eventos de la historia, Benson ofrece una reflexi\u00f3n sobre la importancia de la fe, la resistencia al mal y la esperanza en medio de la oscuridad.<\/p>\n<p>\u00abSe\u00f1or del Mundo\u00bb ha sido elogiada por su visi\u00f3n prof\u00e9tica y su capacidad para explorar cuestiones relevantes para la sociedad moderna, a pesar de haber sido escrita hace m\u00e1s de un siglo. Es una obra que sigue siendo relevante en el siglo XXI y que invita a los lectores a reflexionar sobre la naturaleza del poder, la fe y el destino humano.<\/p>\n","protected":false},"featured_media":11227,"comment_status":"open","ping_status":"closed","template":"","meta":{"_editorskit_title_hidden":false,"_editorskit_reading_time":0,"kt_blocks_editor_width":"","_kad_post_transparent":"default","_kad_post_title":"","_kad_post_layout":"default","_kad_post_sidebar_id":"","_kad_post_content_style":"default","_kad_post_vertical_padding":"default","_kad_post_feature":"","_kad_post_feature_position":"","_kad_post_header":false,"_kad_post_footer":false},"yoast_head":"<!-- This site is optimized with the Yoast SEO plugin v22.6 - https:\/\/yoast.com\/wordpress\/plugins\/seo\/ -->\n<title>SE\u00d1OR DEL MUNDO - LA TIENDITA DE SAN JOS\u00c9<\/title>\n<meta name=\"robots\" content=\"index, follow, max-snippet:-1, max-image-preview:large, max-video-preview:-1\" \/>\n<link rel=\"canonical\" href=\"https:\/\/latienditadesanjose.com\/index.php\/producto\/senor-del-mundo\/\" \/>\n<meta property=\"og:locale\" content=\"es_ES\" \/>\n<meta property=\"og:type\" content=\"article\" \/>\n<meta property=\"og:title\" content=\"SE\u00d1OR DEL MUNDO - LA TIENDITA DE SAN JOS\u00c9\" \/>\n<meta property=\"og:description\" content=\"Es una novela escrita por Robert Hugh Benson, un sacerdote anglicano convertido al catolicismo y prol\u00edfico autor de finales del siglo XIX y principios del XX. Publicada por primera vez en 1907, la obra es considerada una de las primeras novelas dist\u00f3picas y es una de las m\u00e1s famosas del autor.  La trama de &quot;Se\u00f1or del Mundo&quot; se sit\u00faa en un futuro no muy lejano, donde la humanidad se encuentra en medio de grandes cambios sociales, pol\u00edticos y religiosos. En este mundo, un hombre carism\u00e1tico llamado Julian Felsenburgh emerge como un l\u00edder mundial y es aclamado como el &quot;Se\u00f1or del Mundo&quot;. Sin embargo, a medida que su influencia crece, se revela que Felsenburgh es en realidad un anticristo, cuya ascensi\u00f3n al poder marca el inicio del fin de los tiempos.  La novela explora temas como el conflicto entre el bien y el mal, la persecuci\u00f3n de la fe y la lucha por la verdad en un mundo secularizado y dominado por el relativismo moral. A trav\u00e9s de los personajes y eventos de la historia, Benson ofrece una reflexi\u00f3n sobre la importancia de la fe, la resistencia al mal y la esperanza en medio de la oscuridad.  &quot;Se\u00f1or del Mundo&quot; ha sido elogiada por su visi\u00f3n prof\u00e9tica y su capacidad para explorar cuestiones relevantes para la sociedad moderna, a pesar de haber sido escrita hace m\u00e1s de un siglo. Es una obra que sigue siendo relevante en el siglo XXI y que invita a los lectores a reflexionar sobre la naturaleza del poder, la fe y el destino humano.\" \/>\n<meta property=\"og:url\" content=\"https:\/\/latienditadesanjose.com\/index.php\/producto\/senor-del-mundo\/\" \/>\n<meta property=\"og:site_name\" content=\"LA TIENDITA DE SAN JOS\u00c9\" \/>\n<meta property=\"og:image\" content=\"https:\/\/latienditadesanjose.com\/wp-content\/uploads\/2024\/04\/SENOR-DEL-MUNDO-_-ROBERT-HUGH-BENSON-27.86.jpg\" \/>\n\t<meta property=\"og:image:width\" content=\"200\" \/>\n\t<meta property=\"og:image:height\" content=\"304\" \/>\n\t<meta property=\"og:image:type\" content=\"image\/jpeg\" \/>\n<meta name=\"twitter:card\" content=\"summary_large_image\" \/>\n<meta name=\"twitter:label1\" content=\"Tiempo de lectura\" \/>\n\t<meta name=\"twitter:data1\" content=\"1 minuto\" \/>\n<script type=\"application\/ld+json\" class=\"yoast-schema-graph\">{\"@context\":\"https:\/\/schema.org\",\"@graph\":[{\"@type\":\"WebPage\",\"@id\":\"https:\/\/latienditadesanjose.com\/index.php\/producto\/senor-del-mundo\/\",\"url\":\"https:\/\/latienditadesanjose.com\/index.php\/producto\/senor-del-mundo\/\",\"name\":\"SE\u00d1OR DEL MUNDO - LA TIENDITA DE SAN JOS\u00c9\",\"isPartOf\":{\"@id\":\"https:\/\/latienditadesanjose.com\/#website\"},\"primaryImageOfPage\":{\"@id\":\"https:\/\/latienditadesanjose.com\/index.php\/producto\/senor-del-mundo\/#primaryimage\"},\"image\":{\"@id\":\"https:\/\/latienditadesanjose.com\/index.php\/producto\/senor-del-mundo\/#primaryimage\"},\"thumbnailUrl\":\"https:\/\/latienditadesanjose.com\/wp-content\/uploads\/2024\/04\/SENOR-DEL-MUNDO-_-ROBERT-HUGH-BENSON-27.86.jpg\",\"datePublished\":\"2024-04-22T22:55:06+00:00\",\"dateModified\":\"2024-04-22T22:55:06+00:00\",\"breadcrumb\":{\"@id\":\"https:\/\/latienditadesanjose.com\/index.php\/producto\/senor-del-mundo\/#breadcrumb\"},\"inLanguage\":\"es\",\"potentialAction\":[{\"@type\":\"ReadAction\",\"target\":[\"https:\/\/latienditadesanjose.com\/index.php\/producto\/senor-del-mundo\/\"]}]},{\"@type\":\"ImageObject\",\"inLanguage\":\"es\",\"@id\":\"https:\/\/latienditadesanjose.com\/index.php\/producto\/senor-del-mundo\/#primaryimage\",\"url\":\"https:\/\/latienditadesanjose.com\/wp-content\/uploads\/2024\/04\/SENOR-DEL-MUNDO-_-ROBERT-HUGH-BENSON-27.86.jpg\",\"contentUrl\":\"https:\/\/latienditadesanjose.com\/wp-content\/uploads\/2024\/04\/SENOR-DEL-MUNDO-_-ROBERT-HUGH-BENSON-27.86.jpg\",\"width\":200,\"height\":304},{\"@type\":\"BreadcrumbList\",\"@id\":\"https:\/\/latienditadesanjose.com\/index.php\/producto\/senor-del-mundo\/#breadcrumb\",\"itemListElement\":[{\"@type\":\"ListItem\",\"position\":1,\"name\":\"Portada\",\"item\":\"https:\/\/latienditadesanjose.com\/\"},{\"@type\":\"ListItem\",\"position\":2,\"name\":\"Tienda\",\"item\":\"https:\/\/latienditadesanjose.com\/index.php\/shop\/\"},{\"@type\":\"ListItem\",\"position\":3,\"name\":\"SE\u00d1OR DEL MUNDO\"}]},{\"@type\":\"WebSite\",\"@id\":\"https:\/\/latienditadesanjose.com\/#website\",\"url\":\"https:\/\/latienditadesanjose.com\/\",\"name\":\"LA TIENDITA DE SAN JOS\u00c9\",\"description\":\"Tienda cat\u00f3lica online\",\"publisher\":{\"@id\":\"https:\/\/latienditadesanjose.com\/#organization\"},\"potentialAction\":[{\"@type\":\"SearchAction\",\"target\":{\"@type\":\"EntryPoint\",\"urlTemplate\":\"https:\/\/latienditadesanjose.com\/?s={search_term_string}\"},\"query-input\":\"required name=search_term_string\"}],\"inLanguage\":\"es\"},{\"@type\":\"Organization\",\"@id\":\"https:\/\/latienditadesanjose.com\/#organization\",\"name\":\"La tiendita San Jos\u00e9\",\"url\":\"https:\/\/latienditadesanjose.com\/\",\"logo\":{\"@type\":\"ImageObject\",\"inLanguage\":\"es\",\"@id\":\"https:\/\/latienditadesanjose.com\/#\/schema\/logo\/image\/\",\"url\":\"https:\/\/latienditadesanjose.com\/wp-content\/uploads\/2024\/03\/cropped-LOGO.png\",\"contentUrl\":\"https:\/\/latienditadesanjose.com\/wp-content\/uploads\/2024\/03\/cropped-LOGO.png\",\"width\":694,\"height\":254,\"caption\":\"La tiendita San Jos\u00e9\"},\"image\":{\"@id\":\"https:\/\/latienditadesanjose.com\/#\/schema\/logo\/image\/\"}}]}<\/script>\n<!-- \/ Yoast SEO plugin. -->","yoast_head_json":{"title":"SE\u00d1OR DEL MUNDO - LA TIENDITA DE SAN JOS\u00c9","robots":{"index":"index","follow":"follow","max-snippet":"max-snippet:-1","max-image-preview":"max-image-preview:large","max-video-preview":"max-video-preview:-1"},"canonical":"https:\/\/latienditadesanjose.com\/index.php\/producto\/senor-del-mundo\/","og_locale":"es_ES","og_type":"article","og_title":"SE\u00d1OR DEL MUNDO - LA TIENDITA DE SAN JOS\u00c9","og_description":"Es una novela escrita por Robert Hugh Benson, un sacerdote anglicano convertido al catolicismo y prol\u00edfico autor de finales del siglo XIX y principios del XX. Publicada por primera vez en 1907, la obra es considerada una de las primeras novelas dist\u00f3picas y es una de las m\u00e1s famosas del autor.  La trama de \"Se\u00f1or del Mundo\" se sit\u00faa en un futuro no muy lejano, donde la humanidad se encuentra en medio de grandes cambios sociales, pol\u00edticos y religiosos. En este mundo, un hombre carism\u00e1tico llamado Julian Felsenburgh emerge como un l\u00edder mundial y es aclamado como el \"Se\u00f1or del Mundo\". Sin embargo, a medida que su influencia crece, se revela que Felsenburgh es en realidad un anticristo, cuya ascensi\u00f3n al poder marca el inicio del fin de los tiempos.  La novela explora temas como el conflicto entre el bien y el mal, la persecuci\u00f3n de la fe y la lucha por la verdad en un mundo secularizado y dominado por el relativismo moral. A trav\u00e9s de los personajes y eventos de la historia, Benson ofrece una reflexi\u00f3n sobre la importancia de la fe, la resistencia al mal y la esperanza en medio de la oscuridad.  \"Se\u00f1or del Mundo\" ha sido elogiada por su visi\u00f3n prof\u00e9tica y su capacidad para explorar cuestiones relevantes para la sociedad moderna, a pesar de haber sido escrita hace m\u00e1s de un siglo. Es una obra que sigue siendo relevante en el siglo XXI y que invita a los lectores a reflexionar sobre la naturaleza del poder, la fe y el destino humano.","og_url":"https:\/\/latienditadesanjose.com\/index.php\/producto\/senor-del-mundo\/","og_site_name":"LA TIENDITA DE SAN JOS\u00c9","og_image":[{"width":200,"height":304,"url":"https:\/\/latienditadesanjose.com\/wp-content\/uploads\/2024\/04\/SENOR-DEL-MUNDO-_-ROBERT-HUGH-BENSON-27.86.jpg","type":"image\/jpeg"}],"twitter_card":"summary_large_image","twitter_misc":{"Tiempo de lectura":"1 minuto"},"schema":{"@context":"https:\/\/schema.org","@graph":[{"@type":"WebPage","@id":"https:\/\/latienditadesanjose.com\/index.php\/producto\/senor-del-mundo\/","url":"https:\/\/latienditadesanjose.com\/index.php\/producto\/senor-del-mundo\/","name":"SE\u00d1OR DEL MUNDO - LA TIENDITA DE SAN JOS\u00c9","isPartOf":{"@id":"https:\/\/latienditadesanjose.com\/#website"},"primaryImageOfPage":{"@id":"https:\/\/latienditadesanjose.com\/index.php\/producto\/senor-del-mundo\/#primaryimage"},"image":{"@id":"https:\/\/latienditadesanjose.com\/index.php\/producto\/senor-del-mundo\/#primaryimage"},"thumbnailUrl":"https:\/\/latienditadesanjose.com\/wp-content\/uploads\/2024\/04\/SENOR-DEL-MUNDO-_-ROBERT-HUGH-BENSON-27.86.jpg","datePublished":"2024-04-22T22:55:06+00:00","dateModified":"2024-04-22T22:55:06+00:00","breadcrumb":{"@id":"https:\/\/latienditadesanjose.com\/index.php\/producto\/senor-del-mundo\/#breadcrumb"},"inLanguage":"es","potentialAction":[{"@type":"ReadAction","target":["https:\/\/latienditadesanjose.com\/index.php\/producto\/senor-del-mundo\/"]}]},{"@type":"ImageObject","inLanguage":"es","@id":"https:\/\/latienditadesanjose.com\/index.php\/producto\/senor-del-mundo\/#primaryimage","url":"https:\/\/latienditadesanjose.com\/wp-content\/uploads\/2024\/04\/SENOR-DEL-MUNDO-_-ROBERT-HUGH-BENSON-27.86.jpg","contentUrl":"https:\/\/latienditadesanjose.com\/wp-content\/uploads\/2024\/04\/SENOR-DEL-MUNDO-_-ROBERT-HUGH-BENSON-27.86.jpg","width":200,"height":304},{"@type":"BreadcrumbList","@id":"https:\/\/latienditadesanjose.com\/index.php\/producto\/senor-del-mundo\/#breadcrumb","itemListElement":[{"@type":"ListItem","position":1,"name":"Portada","item":"https:\/\/latienditadesanjose.com\/"},{"@type":"ListItem","position":2,"name":"Tienda","item":"https:\/\/latienditadesanjose.com\/index.php\/shop\/"},{"@type":"ListItem","position":3,"name":"SE\u00d1OR DEL MUNDO"}]},{"@type":"WebSite","@id":"https:\/\/latienditadesanjose.com\/#website","url":"https:\/\/latienditadesanjose.com\/","name":"LA TIENDITA DE SAN JOS\u00c9","description":"Tienda cat\u00f3lica online","publisher":{"@id":"https:\/\/latienditadesanjose.com\/#organization"},"potentialAction":[{"@type":"SearchAction","target":{"@type":"EntryPoint","urlTemplate":"https:\/\/latienditadesanjose.com\/?s={search_term_string}"},"query-input":"required name=search_term_string"}],"inLanguage":"es"},{"@type":"Organization","@id":"https:\/\/latienditadesanjose.com\/#organization","name":"La tiendita San Jos\u00e9","url":"https:\/\/latienditadesanjose.com\/","logo":{"@type":"ImageObject","inLanguage":"es","@id":"https:\/\/latienditadesanjose.com\/#\/schema\/logo\/image\/","url":"https:\/\/latienditadesanjose.com\/wp-content\/uploads\/2024\/03\/cropped-LOGO.png","contentUrl":"https:\/\/latienditadesanjose.com\/wp-content\/uploads\/2024\/03\/cropped-LOGO.png","width":694,"height":254,"caption":"La tiendita San Jos\u00e9"},"image":{"@id":"https:\/\/latienditadesanjose.com\/#\/schema\/logo\/image\/"}}]}},"_links":{"self":[{"href":"https:\/\/latienditadesanjose.com\/index.php\/wp-json\/wp\/v2\/product\/11226"}],"collection":[{"href":"https:\/\/latienditadesanjose.com\/index.php\/wp-json\/wp\/v2\/product"}],"about":[{"href":"https:\/\/latienditadesanjose.com\/index.php\/wp-json\/wp\/v2\/types\/product"}],"replies":[{"embeddable":true,"href":"https:\/\/latienditadesanjose.com\/index.php\/wp-json\/wp\/v2\/comments?post=11226"}],"wp:featuredmedia":[{"embeddable":true,"href":"https:\/\/latienditadesanjose.com\/index.php\/wp-json\/wp\/v2\/media\/11227"}],"wp:attachment":[{"href":"https:\/\/latienditadesanjose.com\/index.php\/wp-json\/wp\/v2\/media?parent=11226"}],"curies":[{"name":"wp","href":"https:\/\/api.w.org\/{rel}","templated":true}]}}