{"id":11234,"date":"2024-04-22T18:33:17","date_gmt":"2024-04-22T23:33:17","guid":{"rendered":"https:\/\/latienditadesanjose.com\/?post_type=product&#038;p=11234"},"modified":"2024-04-23T15:42:41","modified_gmt":"2024-04-23T20:42:41","slug":"y-dios-entro-en-la-selva-con-laura-montoya-como-dulce-mensajera","status":"publish","type":"product","link":"https:\/\/latienditadesanjose.com\/index.php\/producto\/y-dios-entro-en-la-selva-con-laura-montoya-como-dulce-mensajera\/","title":{"rendered":"Y DIOS ENTRO EN LA SELVA CON LAURA MONTOYA COMO DULCE MENSAJERA"},"content":{"rendered":"<p><em><strong>Autor:<\/strong> <\/em>ARISTELIO MONROY<\/p>\n","protected":false},"excerpt":{"rendered":"<p>El relato \u00abY Dios Entr\u00f3 en la Selva con Laura Montoya como Dulce Mensajera\u00bb presenta la fascinante vida de la Madre Laura Montoya Upegui, desde su infancia hasta su destacada labor como misionera en la selva. Escrito con sencillez y belleza por el autor Aristelio Monroy Hurtado, este libro ofrece una biograf\u00eda amena y \u00e1gil que cautiva al lector desde el principio.<\/p>\n<p>A lo largo de las p\u00e1ginas, el lector sigue los pasos de la Madre Laura, desde su humilde origen hasta su valiente predicaci\u00f3n en la selva colombiana. El autor destaca la devoci\u00f3n y el compromiso de Laura Montoya con su fe cristiana, as\u00ed como su profunda compasi\u00f3n por los m\u00e1s necesitados. Adem\u00e1s, el relato resalta la conexi\u00f3n especial de la Madre Laura con la naturaleza y su firme creencia en la providencia divina.<\/p>\n<p>Con una prosa fluida y evocadora, el autor transporta al lector al coraz\u00f3n de los acontecimientos, permiti\u00e9ndole experimentar de cerca los desaf\u00edos y triunfos de la vida de la Madre Laura. A trav\u00e9s de este relato, se revela el legado perdurable de una mujer excepcional que dedic\u00f3 su vida al servicio de Dios y al pr\u00f3jimo.<\/p>\n","protected":false},"featured_media":11235,"comment_status":"open","ping_status":"closed","template":"","meta":{"_editorskit_title_hidden":false,"_editorskit_reading_time":0,"kt_blocks_editor_width":"","_kad_post_transparent":"default","_kad_post_title":"","_kad_post_layout":"default","_kad_post_sidebar_id":"","_kad_post_content_style":"default","_kad_post_vertical_padding":"default","_kad_post_feature":"","_kad_post_feature_position":"","_kad_post_header":false,"_kad_post_footer":false},"yoast_head":"<!-- This site is optimized with the Yoast SEO plugin v22.6 - https:\/\/yoast.com\/wordpress\/plugins\/seo\/ -->\n<title>Y DIOS ENTRO EN LA SELVA CON LAURA MONTOYA COMO DULCE MENSAJERA - LA TIENDITA DE SAN JOS\u00c9<\/title>\n<meta name=\"robots\" content=\"index, follow, max-snippet:-1, max-image-preview:large, max-video-preview:-1\" \/>\n<link rel=\"canonical\" href=\"https:\/\/latienditadesanjose.com\/index.php\/producto\/y-dios-entro-en-la-selva-con-laura-montoya-como-dulce-mensajera\/\" \/>\n<meta property=\"og:locale\" content=\"es_ES\" \/>\n<meta property=\"og:type\" content=\"article\" \/>\n<meta property=\"og:title\" content=\"Y DIOS ENTRO EN LA SELVA CON LAURA MONTOYA COMO DULCE MENSAJERA - LA TIENDITA DE SAN JOS\u00c9\" \/>\n<meta property=\"og:description\" content=\"El relato &quot;Y Dios Entr\u00f3 en la Selva con Laura Montoya como Dulce Mensajera&quot; presenta la fascinante vida de la Madre Laura Montoya Upegui, desde su infancia hasta su destacada labor como misionera en la selva. Escrito con sencillez y belleza por el autor Aristelio Monroy Hurtado, este libro ofrece una biograf\u00eda amena y \u00e1gil que cautiva al lector desde el principio.  A lo largo de las p\u00e1ginas, el lector sigue los pasos de la Madre Laura, desde su humilde origen hasta su valiente predicaci\u00f3n en la selva colombiana. El autor destaca la devoci\u00f3n y el compromiso de Laura Montoya con su fe cristiana, as\u00ed como su profunda compasi\u00f3n por los m\u00e1s necesitados. Adem\u00e1s, el relato resalta la conexi\u00f3n especial de la Madre Laura con la naturaleza y su firme creencia en la providencia divina.  Con una prosa fluida y evocadora, el autor transporta al lector al coraz\u00f3n de los acontecimientos, permiti\u00e9ndole experimentar de cerca los desaf\u00edos y triunfos de la vida de la Madre Laura. A trav\u00e9s de este relato, se revela el legado perdurable de una mujer excepcional que dedic\u00f3 su vida al servicio de Dios y al pr\u00f3jimo.\" \/>\n<meta property=\"og:url\" content=\"https:\/\/latienditadesanjose.com\/index.php\/producto\/y-dios-entro-en-la-selva-con-laura-montoya-como-dulce-mensajera\/\" \/>\n<meta property=\"og:site_name\" content=\"LA TIENDITA DE SAN JOS\u00c9\" \/>\n<meta property=\"article:modified_time\" content=\"2024-04-23T20:42:41+00:00\" \/>\n<meta property=\"og:image\" content=\"https:\/\/latienditadesanjose.com\/wp-content\/uploads\/2024\/04\/Y-DIOS-ENTRO-EN-LA-SELVA-CON-LAURA-MONTOYA-COMO-DULCE-MENSAJERA_ARISTELIO-MONROY-7.15.jpg\" \/>\n\t<meta property=\"og:image:width\" content=\"193\" \/>\n\t<meta property=\"og:image:height\" content=\"260\" \/>\n\t<meta property=\"og:image:type\" content=\"image\/jpeg\" \/>\n<meta name=\"twitter:card\" content=\"summary_large_image\" \/>\n<meta name=\"twitter:label1\" content=\"Tiempo de lectura\" \/>\n\t<meta name=\"twitter:data1\" content=\"1 minuto\" \/>\n<script type=\"application\/ld+json\" class=\"yoast-schema-graph\">{\"@context\":\"https:\/\/schema.org\",\"@graph\":[{\"@type\":\"WebPage\",\"@id\":\"https:\/\/latienditadesanjose.com\/index.php\/producto\/y-dios-entro-en-la-selva-con-laura-montoya-como-dulce-mensajera\/\",\"url\":\"https:\/\/latienditadesanjose.com\/index.php\/producto\/y-dios-entro-en-la-selva-con-laura-montoya-como-dulce-mensajera\/\",\"name\":\"Y DIOS ENTRO EN LA SELVA CON LAURA MONTOYA COMO DULCE MENSAJERA - LA TIENDITA DE SAN JOS\u00c9\",\"isPartOf\":{\"@id\":\"https:\/\/latienditadesanjose.com\/#website\"},\"primaryImageOfPage\":{\"@id\":\"https:\/\/latienditadesanjose.com\/index.php\/producto\/y-dios-entro-en-la-selva-con-laura-montoya-como-dulce-mensajera\/#primaryimage\"},\"image\":{\"@id\":\"https:\/\/latienditadesanjose.com\/index.php\/producto\/y-dios-entro-en-la-selva-con-laura-montoya-como-dulce-mensajera\/#primaryimage\"},\"thumbnailUrl\":\"https:\/\/latienditadesanjose.com\/wp-content\/uploads\/2024\/04\/Y-DIOS-ENTRO-EN-LA-SELVA-CON-LAURA-MONTOYA-COMO-DULCE-MENSAJERA_ARISTELIO-MONROY-7.15.jpg\",\"datePublished\":\"2024-04-22T23:33:17+00:00\",\"dateModified\":\"2024-04-23T20:42:41+00:00\",\"breadcrumb\":{\"@id\":\"https:\/\/latienditadesanjose.com\/index.php\/producto\/y-dios-entro-en-la-selva-con-laura-montoya-como-dulce-mensajera\/#breadcrumb\"},\"inLanguage\":\"es\",\"potentialAction\":[{\"@type\":\"ReadAction\",\"target\":[\"https:\/\/latienditadesanjose.com\/index.php\/producto\/y-dios-entro-en-la-selva-con-laura-montoya-como-dulce-mensajera\/\"]}]},{\"@type\":\"ImageObject\",\"inLanguage\":\"es\",\"@id\":\"https:\/\/latienditadesanjose.com\/index.php\/producto\/y-dios-entro-en-la-selva-con-laura-montoya-como-dulce-mensajera\/#primaryimage\",\"url\":\"https:\/\/latienditadesanjose.com\/wp-content\/uploads\/2024\/04\/Y-DIOS-ENTRO-EN-LA-SELVA-CON-LAURA-MONTOYA-COMO-DULCE-MENSAJERA_ARISTELIO-MONROY-7.15.jpg\",\"contentUrl\":\"https:\/\/latienditadesanjose.com\/wp-content\/uploads\/2024\/04\/Y-DIOS-ENTRO-EN-LA-SELVA-CON-LAURA-MONTOYA-COMO-DULCE-MENSAJERA_ARISTELIO-MONROY-7.15.jpg\",\"width\":193,\"height\":260},{\"@type\":\"BreadcrumbList\",\"@id\":\"https:\/\/latienditadesanjose.com\/index.php\/producto\/y-dios-entro-en-la-selva-con-laura-montoya-como-dulce-mensajera\/#breadcrumb\",\"itemListElement\":[{\"@type\":\"ListItem\",\"position\":1,\"name\":\"Portada\",\"item\":\"https:\/\/latienditadesanjose.com\/\"},{\"@type\":\"ListItem\",\"position\":2,\"name\":\"Tienda\",\"item\":\"https:\/\/latienditadesanjose.com\/index.php\/shop\/\"},{\"@type\":\"ListItem\",\"position\":3,\"name\":\"Y DIOS ENTRO EN LA SELVA CON LAURA MONTOYA COMO DULCE MENSAJERA\"}]},{\"@type\":\"WebSite\",\"@id\":\"https:\/\/latienditadesanjose.com\/#website\",\"url\":\"https:\/\/latienditadesanjose.com\/\",\"name\":\"LA TIENDITA DE SAN JOS\u00c9\",\"description\":\"Tienda cat\u00f3lica online\",\"publisher\":{\"@id\":\"https:\/\/latienditadesanjose.com\/#organization\"},\"potentialAction\":[{\"@type\":\"SearchAction\",\"target\":{\"@type\":\"EntryPoint\",\"urlTemplate\":\"https:\/\/latienditadesanjose.com\/?s={search_term_string}\"},\"query-input\":\"required name=search_term_string\"}],\"inLanguage\":\"es\"},{\"@type\":\"Organization\",\"@id\":\"https:\/\/latienditadesanjose.com\/#organization\",\"name\":\"La tiendita San Jos\u00e9\",\"url\":\"https:\/\/latienditadesanjose.com\/\",\"logo\":{\"@type\":\"ImageObject\",\"inLanguage\":\"es\",\"@id\":\"https:\/\/latienditadesanjose.com\/#\/schema\/logo\/image\/\",\"url\":\"https:\/\/latienditadesanjose.com\/wp-content\/uploads\/2024\/03\/cropped-LOGO.png\",\"contentUrl\":\"https:\/\/latienditadesanjose.com\/wp-content\/uploads\/2024\/03\/cropped-LOGO.png\",\"width\":694,\"height\":254,\"caption\":\"La tiendita San Jos\u00e9\"},\"image\":{\"@id\":\"https:\/\/latienditadesanjose.com\/#\/schema\/logo\/image\/\"}}]}<\/script>\n<!-- \/ Yoast SEO plugin. -->","yoast_head_json":{"title":"Y DIOS ENTRO EN LA SELVA CON LAURA MONTOYA COMO DULCE MENSAJERA - LA TIENDITA DE SAN JOS\u00c9","robots":{"index":"index","follow":"follow","max-snippet":"max-snippet:-1","max-image-preview":"max-image-preview:large","max-video-preview":"max-video-preview:-1"},"canonical":"https:\/\/latienditadesanjose.com\/index.php\/producto\/y-dios-entro-en-la-selva-con-laura-montoya-como-dulce-mensajera\/","og_locale":"es_ES","og_type":"article","og_title":"Y DIOS ENTRO EN LA SELVA CON LAURA MONTOYA COMO DULCE MENSAJERA - LA TIENDITA DE SAN JOS\u00c9","og_description":"El relato \"Y Dios Entr\u00f3 en la Selva con Laura Montoya como Dulce Mensajera\" presenta la fascinante vida de la Madre Laura Montoya Upegui, desde su infancia hasta su destacada labor como misionera en la selva. Escrito con sencillez y belleza por el autor Aristelio Monroy Hurtado, este libro ofrece una biograf\u00eda amena y \u00e1gil que cautiva al lector desde el principio.  A lo largo de las p\u00e1ginas, el lector sigue los pasos de la Madre Laura, desde su humilde origen hasta su valiente predicaci\u00f3n en la selva colombiana. El autor destaca la devoci\u00f3n y el compromiso de Laura Montoya con su fe cristiana, as\u00ed como su profunda compasi\u00f3n por los m\u00e1s necesitados. Adem\u00e1s, el relato resalta la conexi\u00f3n especial de la Madre Laura con la naturaleza y su firme creencia en la providencia divina.  Con una prosa fluida y evocadora, el autor transporta al lector al coraz\u00f3n de los acontecimientos, permiti\u00e9ndole experimentar de cerca los desaf\u00edos y triunfos de la vida de la Madre Laura. A trav\u00e9s de este relato, se revela el legado perdurable de una mujer excepcional que dedic\u00f3 su vida al servicio de Dios y al pr\u00f3jimo.","og_url":"https:\/\/latienditadesanjose.com\/index.php\/producto\/y-dios-entro-en-la-selva-con-laura-montoya-como-dulce-mensajera\/","og_site_name":"LA TIENDITA DE SAN JOS\u00c9","article_modified_time":"2024-04-23T20:42:41+00:00","og_image":[{"width":193,"height":260,"url":"https:\/\/latienditadesanjose.com\/wp-content\/uploads\/2024\/04\/Y-DIOS-ENTRO-EN-LA-SELVA-CON-LAURA-MONTOYA-COMO-DULCE-MENSAJERA_ARISTELIO-MONROY-7.15.jpg","type":"image\/jpeg"}],"twitter_card":"summary_large_image","twitter_misc":{"Tiempo de lectura":"1 minuto"},"schema":{"@context":"https:\/\/schema.org","@graph":[{"@type":"WebPage","@id":"https:\/\/latienditadesanjose.com\/index.php\/producto\/y-dios-entro-en-la-selva-con-laura-montoya-como-dulce-mensajera\/","url":"https:\/\/latienditadesanjose.com\/index.php\/producto\/y-dios-entro-en-la-selva-con-laura-montoya-como-dulce-mensajera\/","name":"Y DIOS ENTRO EN LA SELVA CON LAURA MONTOYA COMO DULCE MENSAJERA - LA TIENDITA DE SAN JOS\u00c9","isPartOf":{"@id":"https:\/\/latienditadesanjose.com\/#website"},"primaryImageOfPage":{"@id":"https:\/\/latienditadesanjose.com\/index.php\/producto\/y-dios-entro-en-la-selva-con-laura-montoya-como-dulce-mensajera\/#primaryimage"},"image":{"@id":"https:\/\/latienditadesanjose.com\/index.php\/producto\/y-dios-entro-en-la-selva-con-laura-montoya-como-dulce-mensajera\/#primaryimage"},"thumbnailUrl":"https:\/\/latienditadesanjose.com\/wp-content\/uploads\/2024\/04\/Y-DIOS-ENTRO-EN-LA-SELVA-CON-LAURA-MONTOYA-COMO-DULCE-MENSAJERA_ARISTELIO-MONROY-7.15.jpg","datePublished":"2024-04-22T23:33:17+00:00","dateModified":"2024-04-23T20:42:41+00:00","breadcrumb":{"@id":"https:\/\/latienditadesanjose.com\/index.php\/producto\/y-dios-entro-en-la-selva-con-laura-montoya-como-dulce-mensajera\/#breadcrumb"},"inLanguage":"es","potentialAction":[{"@type":"ReadAction","target":["https:\/\/latienditadesanjose.com\/index.php\/producto\/y-dios-entro-en-la-selva-con-laura-montoya-como-dulce-mensajera\/"]}]},{"@type":"ImageObject","inLanguage":"es","@id":"https:\/\/latienditadesanjose.com\/index.php\/producto\/y-dios-entro-en-la-selva-con-laura-montoya-como-dulce-mensajera\/#primaryimage","url":"https:\/\/latienditadesanjose.com\/wp-content\/uploads\/2024\/04\/Y-DIOS-ENTRO-EN-LA-SELVA-CON-LAURA-MONTOYA-COMO-DULCE-MENSAJERA_ARISTELIO-MONROY-7.15.jpg","contentUrl":"https:\/\/latienditadesanjose.com\/wp-content\/uploads\/2024\/04\/Y-DIOS-ENTRO-EN-LA-SELVA-CON-LAURA-MONTOYA-COMO-DULCE-MENSAJERA_ARISTELIO-MONROY-7.15.jpg","width":193,"height":260},{"@type":"BreadcrumbList","@id":"https:\/\/latienditadesanjose.com\/index.php\/producto\/y-dios-entro-en-la-selva-con-laura-montoya-como-dulce-mensajera\/#breadcrumb","itemListElement":[{"@type":"ListItem","position":1,"name":"Portada","item":"https:\/\/latienditadesanjose.com\/"},{"@type":"ListItem","position":2,"name":"Tienda","item":"https:\/\/latienditadesanjose.com\/index.php\/shop\/"},{"@type":"ListItem","position":3,"name":"Y DIOS ENTRO EN LA SELVA CON LAURA MONTOYA COMO DULCE MENSAJERA"}]},{"@type":"WebSite","@id":"https:\/\/latienditadesanjose.com\/#website","url":"https:\/\/latienditadesanjose.com\/","name":"LA TIENDITA DE SAN JOS\u00c9","description":"Tienda cat\u00f3lica online","publisher":{"@id":"https:\/\/latienditadesanjose.com\/#organization"},"potentialAction":[{"@type":"SearchAction","target":{"@type":"EntryPoint","urlTemplate":"https:\/\/latienditadesanjose.com\/?s={search_term_string}"},"query-input":"required name=search_term_string"}],"inLanguage":"es"},{"@type":"Organization","@id":"https:\/\/latienditadesanjose.com\/#organization","name":"La tiendita San Jos\u00e9","url":"https:\/\/latienditadesanjose.com\/","logo":{"@type":"ImageObject","inLanguage":"es","@id":"https:\/\/latienditadesanjose.com\/#\/schema\/logo\/image\/","url":"https:\/\/latienditadesanjose.com\/wp-content\/uploads\/2024\/03\/cropped-LOGO.png","contentUrl":"https:\/\/latienditadesanjose.com\/wp-content\/uploads\/2024\/03\/cropped-LOGO.png","width":694,"height":254,"caption":"La tiendita San Jos\u00e9"},"image":{"@id":"https:\/\/latienditadesanjose.com\/#\/schema\/logo\/image\/"}}]}},"_links":{"self":[{"href":"https:\/\/latienditadesanjose.com\/index.php\/wp-json\/wp\/v2\/product\/11234"}],"collection":[{"href":"https:\/\/latienditadesanjose.com\/index.php\/wp-json\/wp\/v2\/product"}],"about":[{"href":"https:\/\/latienditadesanjose.com\/index.php\/wp-json\/wp\/v2\/types\/product"}],"replies":[{"embeddable":true,"href":"https:\/\/latienditadesanjose.com\/index.php\/wp-json\/wp\/v2\/comments?post=11234"}],"wp:featuredmedia":[{"embeddable":true,"href":"https:\/\/latienditadesanjose.com\/index.php\/wp-json\/wp\/v2\/media\/11235"}],"wp:attachment":[{"href":"https:\/\/latienditadesanjose.com\/index.php\/wp-json\/wp\/v2\/media?parent=11234"}],"curies":[{"name":"wp","href":"https:\/\/api.w.org\/{rel}","templated":true}]}}