{"id":115,"date":"2021-02-03T15:22:27","date_gmt":"2021-02-03T20:22:27","guid":{"rendered":"http:\/\/latienditadesanjose.com\/?post_type=product&#038;p=115"},"modified":"2024-07-30T14:35:30","modified_gmt":"2024-07-30T19:35:30","slug":"nuestra-senora-de-la-aparecida-vinilo-0","status":"publish","type":"product","link":"https:\/\/latienditadesanjose.com\/index.php\/producto\/nuestra-senora-de-la-aparecida-vinilo-0\/","title":{"rendered":"NUESTRA SE\u00d1ORA DE LA APARECIDA (VINILO 0+)"},"content":{"rendered":"<p><span style=\"color: #808080;\">8.9 cm alto \/ elaborado en vinilo de alta calidad \/ recomendado desde los 0+ meses de edad \/ si se caen no se rompen.<\/span><\/p>\n<p><span style=\"color: #ff6600;\"><strong>Conoce a Nuestra Se\u00f1ora de la Aparecida<\/strong><\/span><\/p>\n<p><span style=\"color: #808080;\">Los pescadores de Guaratinguet\u00e1 tendieron sus redes al r\u00edo Parahiba, pero con escasa fortuna. Viendo esto, uno de ellos llamado Juan Alves, corri\u00f3 hasta el lugar denominado Itaguass\u00fa y habiendo all\u00ed lanzado sus av\u00edos de pesca, sac\u00f3 del primer lance entre las mallas de su red una imagen de la Virgen a la que falta la cabeza.<\/span><\/p>\n<p><span style=\"color: #808080;\">Volvi\u00f3 de nuevo a lanzar la red en otra direcci\u00f3n y esta vez logr\u00f3 aprisionar la cabeza de la imagen. Lleno de asombro ante tal hallazgo, dirigi\u00f3 su barca hacia la orilla y despu\u00e9s de limpiarla descubri\u00f3 que era una Virgen Inmaculada. Sus compa\u00f1eros participaron de esta alegr\u00eda y animados por este suceso volvieron a echar sus redes consiguiendo una abundante pesca. Los pescadores se llevaron a la imagen y en la casa de uno de ellos, le arreglaron un sencillo altar. M\u00e1s tarde otro pescador al trasladarse a Itaguass\u00fa, construy\u00f3 en su nuevo domicilio un oratorio y en \u00e9l puso la imagen, ante la cual los vecinos se reun\u00edan para rezar el rosario y entonar himnos.<\/span><\/p>\n<p><span style=\"color: #808080;\">En 1904 fue coronada can\u00f3nicamente, y en 1930 Pio XII la nombr\u00f3 Patrona de Brasil.<\/span><\/p>\n","protected":false},"excerpt":{"rendered":"<p><span style=\"color: #333399;\">Plante las semillas de una fe de por vida con los juguetes santos cat\u00f3licos favoritos de todos!<\/span><\/p>\n<p><span style=\"color: #333399;\">Estas figuras de vinilo coleccionables, son el regalo perfecto y una manera fant\u00e1stica de comenzar a presentar a sus hijos y\/o amigos el fascinante e inspirador mundo de los Santos cristianos. Puedes hacer que los santos cobren vida en el coraz\u00f3n y la imaginaci\u00f3n de su hijo a trav\u00e9s del juego abierto y saludable para el desarrollo.<\/span><\/p>\n","protected":false},"featured_media":117,"comment_status":"open","ping_status":"closed","template":"","meta":{"_editorskit_title_hidden":false,"_editorskit_reading_time":0,"kt_blocks_editor_width":"","_kad_post_transparent":"default","_kad_post_title":"","_kad_post_layout":"default","_kad_post_sidebar_id":"","_kad_post_content_style":"default","_kad_post_vertical_padding":"default","_kad_post_feature":"","_kad_post_feature_position":"","_kad_post_header":false,"_kad_post_footer":false},"yoast_head":"<!-- This site is optimized with the Yoast SEO plugin v22.6 - https:\/\/yoast.com\/wordpress\/plugins\/seo\/ -->\n<title>NUESTRA SE\u00d1ORA DE LA APARECIDA (VINILO 0+) - LA TIENDITA DE SAN JOS\u00c9<\/title>\n<meta name=\"robots\" content=\"index, follow, max-snippet:-1, max-image-preview:large, max-video-preview:-1\" \/>\n<link rel=\"canonical\" href=\"https:\/\/latienditadesanjose.com\/index.php\/producto\/nuestra-senora-de-la-aparecida-vinilo-0\/\" \/>\n<meta property=\"og:locale\" content=\"es_ES\" \/>\n<meta property=\"og:type\" content=\"article\" \/>\n<meta property=\"og:title\" content=\"NUESTRA SE\u00d1ORA DE LA APARECIDA (VINILO 0+) - LA TIENDITA DE SAN JOS\u00c9\" \/>\n<meta property=\"og:description\" content=\"Plante las semillas de una fe de por vida con los juguetes santos cat\u00f3licos favoritos de todos!  Estas figuras de vinilo coleccionables, son el regalo perfecto y una manera fant\u00e1stica de comenzar a presentar a sus hijos y\/o amigos el fascinante e inspirador mundo de los Santos cristianos. Puedes hacer que los santos cobren vida en el coraz\u00f3n y la imaginaci\u00f3n de su hijo a trav\u00e9s del juego abierto y saludable para el desarrollo.\" \/>\n<meta property=\"og:url\" content=\"https:\/\/latienditadesanjose.com\/index.php\/producto\/nuestra-senora-de-la-aparecida-vinilo-0\/\" \/>\n<meta property=\"og:site_name\" content=\"LA TIENDITA DE SAN JOS\u00c9\" \/>\n<meta property=\"article:modified_time\" content=\"2024-07-30T19:35:30+00:00\" \/>\n<meta property=\"og:image\" content=\"https:\/\/latienditadesanjose.com\/wp-content\/uploads\/2021\/02\/VIRGEN-DE-LA-APARECIDA-2.jpg\" \/>\n\t<meta property=\"og:image:width\" content=\"1500\" \/>\n\t<meta property=\"og:image:height\" content=\"1500\" \/>\n\t<meta property=\"og:image:type\" content=\"image\/jpeg\" \/>\n<meta name=\"twitter:card\" content=\"summary_large_image\" \/>\n<meta name=\"twitter:label1\" content=\"Tiempo de lectura\" \/>\n\t<meta name=\"twitter:data1\" content=\"1 minuto\" \/>\n<script type=\"application\/ld+json\" class=\"yoast-schema-graph\">{\"@context\":\"https:\/\/schema.org\",\"@graph\":[{\"@type\":\"WebPage\",\"@id\":\"https:\/\/latienditadesanjose.com\/index.php\/producto\/nuestra-senora-de-la-aparecida-vinilo-0\/\",\"url\":\"https:\/\/latienditadesanjose.com\/index.php\/producto\/nuestra-senora-de-la-aparecida-vinilo-0\/\",\"name\":\"NUESTRA SE\u00d1ORA DE LA APARECIDA (VINILO 0+) - LA TIENDITA DE SAN JOS\u00c9\",\"isPartOf\":{\"@id\":\"https:\/\/latienditadesanjose.com\/#website\"},\"primaryImageOfPage\":{\"@id\":\"https:\/\/latienditadesanjose.com\/index.php\/producto\/nuestra-senora-de-la-aparecida-vinilo-0\/#primaryimage\"},\"image\":{\"@id\":\"https:\/\/latienditadesanjose.com\/index.php\/producto\/nuestra-senora-de-la-aparecida-vinilo-0\/#primaryimage\"},\"thumbnailUrl\":\"https:\/\/latienditadesanjose.com\/wp-content\/uploads\/2021\/02\/VIRGEN-DE-LA-APARECIDA-2.jpg\",\"datePublished\":\"2021-02-03T20:22:27+00:00\",\"dateModified\":\"2024-07-30T19:35:30+00:00\",\"breadcrumb\":{\"@id\":\"https:\/\/latienditadesanjose.com\/index.php\/producto\/nuestra-senora-de-la-aparecida-vinilo-0\/#breadcrumb\"},\"inLanguage\":\"es\",\"potentialAction\":[{\"@type\":\"ReadAction\",\"target\":[\"https:\/\/latienditadesanjose.com\/index.php\/producto\/nuestra-senora-de-la-aparecida-vinilo-0\/\"]}]},{\"@type\":\"ImageObject\",\"inLanguage\":\"es\",\"@id\":\"https:\/\/latienditadesanjose.com\/index.php\/producto\/nuestra-senora-de-la-aparecida-vinilo-0\/#primaryimage\",\"url\":\"https:\/\/latienditadesanjose.com\/wp-content\/uploads\/2021\/02\/VIRGEN-DE-LA-APARECIDA-2.jpg\",\"contentUrl\":\"https:\/\/latienditadesanjose.com\/wp-content\/uploads\/2021\/02\/VIRGEN-DE-LA-APARECIDA-2.jpg\",\"width\":1500,\"height\":1500,\"caption\":\"Santos de vinilo\"},{\"@type\":\"BreadcrumbList\",\"@id\":\"https:\/\/latienditadesanjose.com\/index.php\/producto\/nuestra-senora-de-la-aparecida-vinilo-0\/#breadcrumb\",\"itemListElement\":[{\"@type\":\"ListItem\",\"position\":1,\"name\":\"Portada\",\"item\":\"https:\/\/latienditadesanjose.com\/\"},{\"@type\":\"ListItem\",\"position\":2,\"name\":\"Tienda\",\"item\":\"https:\/\/latienditadesanjose.com\/index.php\/shop\/\"},{\"@type\":\"ListItem\",\"position\":3,\"name\":\"NUESTRA SE\u00d1ORA DE LA APARECIDA (VINILO 0+)\"}]},{\"@type\":\"WebSite\",\"@id\":\"https:\/\/latienditadesanjose.com\/#website\",\"url\":\"https:\/\/latienditadesanjose.com\/\",\"name\":\"LA TIENDITA DE SAN JOS\u00c9\",\"description\":\"Tienda cat\u00f3lica online\",\"publisher\":{\"@id\":\"https:\/\/latienditadesanjose.com\/#organization\"},\"potentialAction\":[{\"@type\":\"SearchAction\",\"target\":{\"@type\":\"EntryPoint\",\"urlTemplate\":\"https:\/\/latienditadesanjose.com\/?s={search_term_string}\"},\"query-input\":\"required name=search_term_string\"}],\"inLanguage\":\"es\"},{\"@type\":\"Organization\",\"@id\":\"https:\/\/latienditadesanjose.com\/#organization\",\"name\":\"La tiendita San Jos\u00e9\",\"url\":\"https:\/\/latienditadesanjose.com\/\",\"logo\":{\"@type\":\"ImageObject\",\"inLanguage\":\"es\",\"@id\":\"https:\/\/latienditadesanjose.com\/#\/schema\/logo\/image\/\",\"url\":\"https:\/\/latienditadesanjose.com\/wp-content\/uploads\/2024\/03\/cropped-LOGO.png\",\"contentUrl\":\"https:\/\/latienditadesanjose.com\/wp-content\/uploads\/2024\/03\/cropped-LOGO.png\",\"width\":694,\"height\":254,\"caption\":\"La tiendita San Jos\u00e9\"},\"image\":{\"@id\":\"https:\/\/latienditadesanjose.com\/#\/schema\/logo\/image\/\"}}]}<\/script>\n<!-- \/ Yoast SEO plugin. -->","yoast_head_json":{"title":"NUESTRA SE\u00d1ORA DE LA APARECIDA (VINILO 0+) - LA TIENDITA DE SAN JOS\u00c9","robots":{"index":"index","follow":"follow","max-snippet":"max-snippet:-1","max-image-preview":"max-image-preview:large","max-video-preview":"max-video-preview:-1"},"canonical":"https:\/\/latienditadesanjose.com\/index.php\/producto\/nuestra-senora-de-la-aparecida-vinilo-0\/","og_locale":"es_ES","og_type":"article","og_title":"NUESTRA SE\u00d1ORA DE LA APARECIDA (VINILO 0+) - LA TIENDITA DE SAN JOS\u00c9","og_description":"Plante las semillas de una fe de por vida con los juguetes santos cat\u00f3licos favoritos de todos!  Estas figuras de vinilo coleccionables, son el regalo perfecto y una manera fant\u00e1stica de comenzar a presentar a sus hijos y\/o amigos el fascinante e inspirador mundo de los Santos cristianos. Puedes hacer que los santos cobren vida en el coraz\u00f3n y la imaginaci\u00f3n de su hijo a trav\u00e9s del juego abierto y saludable para el desarrollo.","og_url":"https:\/\/latienditadesanjose.com\/index.php\/producto\/nuestra-senora-de-la-aparecida-vinilo-0\/","og_site_name":"LA TIENDITA DE SAN JOS\u00c9","article_modified_time":"2024-07-30T19:35:30+00:00","og_image":[{"width":1500,"height":1500,"url":"https:\/\/latienditadesanjose.com\/wp-content\/uploads\/2021\/02\/VIRGEN-DE-LA-APARECIDA-2.jpg","type":"image\/jpeg"}],"twitter_card":"summary_large_image","twitter_misc":{"Tiempo de lectura":"1 minuto"},"schema":{"@context":"https:\/\/schema.org","@graph":[{"@type":"WebPage","@id":"https:\/\/latienditadesanjose.com\/index.php\/producto\/nuestra-senora-de-la-aparecida-vinilo-0\/","url":"https:\/\/latienditadesanjose.com\/index.php\/producto\/nuestra-senora-de-la-aparecida-vinilo-0\/","name":"NUESTRA SE\u00d1ORA DE LA APARECIDA (VINILO 0+) - LA TIENDITA DE SAN JOS\u00c9","isPartOf":{"@id":"https:\/\/latienditadesanjose.com\/#website"},"primaryImageOfPage":{"@id":"https:\/\/latienditadesanjose.com\/index.php\/producto\/nuestra-senora-de-la-aparecida-vinilo-0\/#primaryimage"},"image":{"@id":"https:\/\/latienditadesanjose.com\/index.php\/producto\/nuestra-senora-de-la-aparecida-vinilo-0\/#primaryimage"},"thumbnailUrl":"https:\/\/latienditadesanjose.com\/wp-content\/uploads\/2021\/02\/VIRGEN-DE-LA-APARECIDA-2.jpg","datePublished":"2021-02-03T20:22:27+00:00","dateModified":"2024-07-30T19:35:30+00:00","breadcrumb":{"@id":"https:\/\/latienditadesanjose.com\/index.php\/producto\/nuestra-senora-de-la-aparecida-vinilo-0\/#breadcrumb"},"inLanguage":"es","potentialAction":[{"@type":"ReadAction","target":["https:\/\/latienditadesanjose.com\/index.php\/producto\/nuestra-senora-de-la-aparecida-vinilo-0\/"]}]},{"@type":"ImageObject","inLanguage":"es","@id":"https:\/\/latienditadesanjose.com\/index.php\/producto\/nuestra-senora-de-la-aparecida-vinilo-0\/#primaryimage","url":"https:\/\/latienditadesanjose.com\/wp-content\/uploads\/2021\/02\/VIRGEN-DE-LA-APARECIDA-2.jpg","contentUrl":"https:\/\/latienditadesanjose.com\/wp-content\/uploads\/2021\/02\/VIRGEN-DE-LA-APARECIDA-2.jpg","width":1500,"height":1500,"caption":"Santos de vinilo"},{"@type":"BreadcrumbList","@id":"https:\/\/latienditadesanjose.com\/index.php\/producto\/nuestra-senora-de-la-aparecida-vinilo-0\/#breadcrumb","itemListElement":[{"@type":"ListItem","position":1,"name":"Portada","item":"https:\/\/latienditadesanjose.com\/"},{"@type":"ListItem","position":2,"name":"Tienda","item":"https:\/\/latienditadesanjose.com\/index.php\/shop\/"},{"@type":"ListItem","position":3,"name":"NUESTRA SE\u00d1ORA DE LA APARECIDA (VINILO 0+)"}]},{"@type":"WebSite","@id":"https:\/\/latienditadesanjose.com\/#website","url":"https:\/\/latienditadesanjose.com\/","name":"LA TIENDITA DE SAN JOS\u00c9","description":"Tienda cat\u00f3lica online","publisher":{"@id":"https:\/\/latienditadesanjose.com\/#organization"},"potentialAction":[{"@type":"SearchAction","target":{"@type":"EntryPoint","urlTemplate":"https:\/\/latienditadesanjose.com\/?s={search_term_string}"},"query-input":"required name=search_term_string"}],"inLanguage":"es"},{"@type":"Organization","@id":"https:\/\/latienditadesanjose.com\/#organization","name":"La tiendita San Jos\u00e9","url":"https:\/\/latienditadesanjose.com\/","logo":{"@type":"ImageObject","inLanguage":"es","@id":"https:\/\/latienditadesanjose.com\/#\/schema\/logo\/image\/","url":"https:\/\/latienditadesanjose.com\/wp-content\/uploads\/2024\/03\/cropped-LOGO.png","contentUrl":"https:\/\/latienditadesanjose.com\/wp-content\/uploads\/2024\/03\/cropped-LOGO.png","width":694,"height":254,"caption":"La tiendita San Jos\u00e9"},"image":{"@id":"https:\/\/latienditadesanjose.com\/#\/schema\/logo\/image\/"}}]}},"_links":{"self":[{"href":"https:\/\/latienditadesanjose.com\/index.php\/wp-json\/wp\/v2\/product\/115"}],"collection":[{"href":"https:\/\/latienditadesanjose.com\/index.php\/wp-json\/wp\/v2\/product"}],"about":[{"href":"https:\/\/latienditadesanjose.com\/index.php\/wp-json\/wp\/v2\/types\/product"}],"replies":[{"embeddable":true,"href":"https:\/\/latienditadesanjose.com\/index.php\/wp-json\/wp\/v2\/comments?post=115"}],"wp:featuredmedia":[{"embeddable":true,"href":"https:\/\/latienditadesanjose.com\/index.php\/wp-json\/wp\/v2\/media\/117"}],"wp:attachment":[{"href":"https:\/\/latienditadesanjose.com\/index.php\/wp-json\/wp\/v2\/media?parent=115"}],"curies":[{"name":"wp","href":"https:\/\/api.w.org\/{rel}","templated":true}]}}