{"id":118,"date":"2021-02-03T15:41:14","date_gmt":"2021-02-03T20:41:14","guid":{"rendered":"http:\/\/latienditadesanjose.com\/?post_type=product&#038;p=118"},"modified":"2024-04-22T15:03:51","modified_gmt":"2024-04-22T20:03:51","slug":"san-agustin-de-hipona-vinilo-0","status":"publish","type":"product","link":"https:\/\/latienditadesanjose.com\/index.php\/producto\/san-agustin-de-hipona-vinilo-0\/","title":{"rendered":"SAN AGUST\u00cdN DE HIPONA (VINILO 0+)"},"content":{"rendered":"<p><span style=\"color: #808080;\">8.9 cm alto \/ elaborado en vinilo de alta calidad \/ recomendado desde los 0+ meses de edad \/ si se caen no se rompen.<\/span><\/p>\n<p><span style=\"color: #ff6600;\"><strong>Conoce a San Agust\u00edn de Hipona<\/strong><\/span><\/p>\n<p><span style=\"color: #808080;\">1. Naci\u00f3 en \u00c1frica en el a\u00f1o 354. Su padre, Patricius, era pagano, aunque se convirti\u00f3 al cristianismo en su lecho de muerte. Por otro lado su madre, Santa M\u00f3nica, era cristiana y rez\u00f3 durante varios a\u00f1os por la conversi\u00f3n de su esposo e hijo.<\/span><br \/>\n<span style=\"color: #808080;\">\u2800\u2800\u2800\u2800\u2800\u2800\u2800\u2800\u2800<\/span><br \/>\n<span style=\"color: #808080;\">2. Llev\u00f3 una vida libertina en su juventud y cometi\u00f3 varios pecados de impureza. Cuando ten\u00eda 19 a\u00f1os comenz\u00f3 a convivir con una mujer quien le dio al futuro santo un hijo.<\/span><br \/>\n<span style=\"color: #808080;\">\u2800\u2800\u2800\u2800\u2800\u2800\u2800\u2800\u2800<\/span><br \/>\n<span style=\"color: #808080;\">3. Perteneci\u00f3 a una secta, a pesar de su educaci\u00f3n cristiana, Agust\u00edn abandon\u00f3 la fe y se hizo maniqueo, lo que conmocion\u00f3 a su madre.<\/span><br \/>\n<span style=\"color: #808080;\">\u2800\u2800\u2800\u2800\u2800\u2800\u2800\u2800\u2800<\/span><br \/>\n<span style=\"color: #808080;\">4. Inici\u00f3 su conversi\u00f3n leyendo dos vers\u00edculos de la Biblia, el cap\u00edtulo 13,13-14 de la carta de San Pablo a los romanos que dec\u00eda: \u201cNada de comilonas y borracheras; nada de lujurias y desenfrenos&#8230; revest\u00edos m\u00e1s bien del Se\u00f1or Jesucristo y no os preocupe\u00eds de la carne para satisfacer sus concupiscencias\u00bb.<\/span><br \/>\n<span style=\"color: #808080;\">Aplicando esto a su propia vida, Agust\u00edn inici\u00f3 en serio su conversi\u00f3n. Fue bautizado, junto con Adeodatus, en la Vigilia Pascual m\u00e1s pr\u00f3xima.<\/span><br \/>\n<span style=\"color: #808080;\">\u2800\u2800\u2800\u2800\u2800\u2800\u2800\u2800\u2800<\/span><br \/>\n<span style=\"color: #808080;\">5. Se convirti\u00f3 en uno de los Padres de la Iglesia. En el a\u00f1o 388, Agust\u00edn, M\u00f3nica y Adeodatus se prepararon para regresar a \u00c1frica del Norte. Desafortunadamente, M\u00f3nica solo lleg\u00f3 hasta Ostia, el puerto de Roma, donde falleci\u00f3. Adeodatus tambi\u00e9n falleci\u00f3, pero en \u00c1frica.<\/span><br \/>\n<span style=\"color: #808080;\">Esto dej\u00f3 a Agust\u00edn solo. Luego, decidi\u00f3 vender casi todas sus posesiones para dar su dinero a los pobres. Solamente retuvo la casa familiar, que convirti\u00f3 en un monasterio.<\/span><br \/>\n<span style=\"color: #808080;\">En el 391 fue ordenado sacerdote de la di\u00f3cesis de Hipona (en Argelia) y cuatro a\u00f1os m\u00e1s tarde se convirti\u00f3 en el obispo coadjutor de la ciudad y luego en obispo titular.<\/span><br \/>\n<span style=\"color: #808080;\">\u2800\u2800\u2800\u2800\u2800\u2800\u2800\u2800\u2800<\/span><br \/>\n<span style=\"color: #808080;\">6. Tambi\u00e9n es Doctor de la Iglesia. Junto a San Gregorio Magno, San Ambrosio y San Jer\u00f3nimo, San Agust\u00edn fue uno de los cuatro doctores originales de la Iglesia. Fue proclamado doctor por el Papa Bonifacio VII en 1298.<\/span><\/p>\n","protected":false},"excerpt":{"rendered":"<p><span style=\"color: #333399;\">Plante las semillas de una fe de por vida con los juguetes santos cat\u00f3licos favoritos de todos!<\/span><\/p>\n<p><span style=\"color: #333399;\">Estas figuras de vinilo coleccionables, son el regalo perfecto y una manera fant\u00e1stica de comenzar a presentar a sus hijos y\/o amigos el fascinante e inspirador mundo de los Santos cristianos. Puedes hacer que los santos cobren vida en el coraz\u00f3n y la imaginaci\u00f3n de su hijo a trav\u00e9s del juego abierto y saludable para el desarrollo.<\/span><\/p>\n","protected":false},"featured_media":119,"comment_status":"open","ping_status":"closed","template":"","meta":{"_editorskit_title_hidden":false,"_editorskit_reading_time":0,"kt_blocks_editor_width":"","_kad_post_transparent":"default","_kad_post_title":"","_kad_post_layout":"default","_kad_post_sidebar_id":"","_kad_post_content_style":"default","_kad_post_vertical_padding":"default","_kad_post_feature":"","_kad_post_feature_position":"","_kad_post_header":false,"_kad_post_footer":false},"yoast_head":"<!-- This site is optimized with the Yoast SEO plugin v22.6 - https:\/\/yoast.com\/wordpress\/plugins\/seo\/ -->\n<title>SAN AGUST\u00cdN DE HIPONA (VINILO 0+) - LA TIENDITA DE SAN JOS\u00c9<\/title>\n<meta name=\"robots\" content=\"index, follow, max-snippet:-1, max-image-preview:large, max-video-preview:-1\" \/>\n<link rel=\"canonical\" href=\"https:\/\/latienditadesanjose.com\/index.php\/producto\/san-agustin-de-hipona-vinilo-0\/\" \/>\n<meta property=\"og:locale\" content=\"es_ES\" \/>\n<meta property=\"og:type\" content=\"article\" \/>\n<meta property=\"og:title\" content=\"SAN AGUST\u00cdN DE HIPONA (VINILO 0+) - LA TIENDITA DE SAN JOS\u00c9\" \/>\n<meta property=\"og:description\" content=\"Plante las semillas de una fe de por vida con los juguetes santos cat\u00f3licos favoritos de todos!  Estas figuras de vinilo coleccionables, son el regalo perfecto y una manera fant\u00e1stica de comenzar a presentar a sus hijos y\/o amigos el fascinante e inspirador mundo de los Santos cristianos. Puedes hacer que los santos cobren vida en el coraz\u00f3n y la imaginaci\u00f3n de su hijo a trav\u00e9s del juego abierto y saludable para el desarrollo.\" \/>\n<meta property=\"og:url\" content=\"https:\/\/latienditadesanjose.com\/index.php\/producto\/san-agustin-de-hipona-vinilo-0\/\" \/>\n<meta property=\"og:site_name\" content=\"LA TIENDITA DE SAN JOS\u00c9\" \/>\n<meta property=\"article:modified_time\" content=\"2024-04-22T20:03:51+00:00\" \/>\n<meta property=\"og:image\" content=\"https:\/\/latienditadesanjose.com\/wp-content\/uploads\/2021\/02\/Aguntin-1.png\" \/>\n\t<meta property=\"og:image:width\" content=\"500\" \/>\n\t<meta property=\"og:image:height\" content=\"500\" \/>\n\t<meta property=\"og:image:type\" content=\"image\/png\" \/>\n<meta name=\"twitter:card\" content=\"summary_large_image\" \/>\n<meta name=\"twitter:label1\" content=\"Tiempo de lectura\" \/>\n\t<meta name=\"twitter:data1\" content=\"2 minutos\" \/>\n<script type=\"application\/ld+json\" class=\"yoast-schema-graph\">{\"@context\":\"https:\/\/schema.org\",\"@graph\":[{\"@type\":\"WebPage\",\"@id\":\"https:\/\/latienditadesanjose.com\/index.php\/producto\/san-agustin-de-hipona-vinilo-0\/\",\"url\":\"https:\/\/latienditadesanjose.com\/index.php\/producto\/san-agustin-de-hipona-vinilo-0\/\",\"name\":\"SAN AGUST\u00cdN DE HIPONA (VINILO 0+) - LA TIENDITA DE SAN JOS\u00c9\",\"isPartOf\":{\"@id\":\"https:\/\/latienditadesanjose.com\/#website\"},\"primaryImageOfPage\":{\"@id\":\"https:\/\/latienditadesanjose.com\/index.php\/producto\/san-agustin-de-hipona-vinilo-0\/#primaryimage\"},\"image\":{\"@id\":\"https:\/\/latienditadesanjose.com\/index.php\/producto\/san-agustin-de-hipona-vinilo-0\/#primaryimage\"},\"thumbnailUrl\":\"https:\/\/latienditadesanjose.com\/wp-content\/uploads\/2021\/02\/Aguntin-1.png\",\"datePublished\":\"2021-02-03T20:41:14+00:00\",\"dateModified\":\"2024-04-22T20:03:51+00:00\",\"breadcrumb\":{\"@id\":\"https:\/\/latienditadesanjose.com\/index.php\/producto\/san-agustin-de-hipona-vinilo-0\/#breadcrumb\"},\"inLanguage\":\"es\",\"potentialAction\":[{\"@type\":\"ReadAction\",\"target\":[\"https:\/\/latienditadesanjose.com\/index.php\/producto\/san-agustin-de-hipona-vinilo-0\/\"]}]},{\"@type\":\"ImageObject\",\"inLanguage\":\"es\",\"@id\":\"https:\/\/latienditadesanjose.com\/index.php\/producto\/san-agustin-de-hipona-vinilo-0\/#primaryimage\",\"url\":\"https:\/\/latienditadesanjose.com\/wp-content\/uploads\/2021\/02\/Aguntin-1.png\",\"contentUrl\":\"https:\/\/latienditadesanjose.com\/wp-content\/uploads\/2021\/02\/Aguntin-1.png\",\"width\":500,\"height\":500,\"caption\":\"Santos de Vinilo\"},{\"@type\":\"BreadcrumbList\",\"@id\":\"https:\/\/latienditadesanjose.com\/index.php\/producto\/san-agustin-de-hipona-vinilo-0\/#breadcrumb\",\"itemListElement\":[{\"@type\":\"ListItem\",\"position\":1,\"name\":\"Portada\",\"item\":\"https:\/\/latienditadesanjose.com\/\"},{\"@type\":\"ListItem\",\"position\":2,\"name\":\"Tienda\",\"item\":\"https:\/\/latienditadesanjose.com\/index.php\/shop\/\"},{\"@type\":\"ListItem\",\"position\":3,\"name\":\"SAN AGUST\u00cdN DE HIPONA (VINILO 0+)\"}]},{\"@type\":\"WebSite\",\"@id\":\"https:\/\/latienditadesanjose.com\/#website\",\"url\":\"https:\/\/latienditadesanjose.com\/\",\"name\":\"LA TIENDITA DE SAN JOS\u00c9\",\"description\":\"Tienda cat\u00f3lica online\",\"publisher\":{\"@id\":\"https:\/\/latienditadesanjose.com\/#organization\"},\"potentialAction\":[{\"@type\":\"SearchAction\",\"target\":{\"@type\":\"EntryPoint\",\"urlTemplate\":\"https:\/\/latienditadesanjose.com\/?s={search_term_string}\"},\"query-input\":\"required name=search_term_string\"}],\"inLanguage\":\"es\"},{\"@type\":\"Organization\",\"@id\":\"https:\/\/latienditadesanjose.com\/#organization\",\"name\":\"La tiendita San Jos\u00e9\",\"url\":\"https:\/\/latienditadesanjose.com\/\",\"logo\":{\"@type\":\"ImageObject\",\"inLanguage\":\"es\",\"@id\":\"https:\/\/latienditadesanjose.com\/#\/schema\/logo\/image\/\",\"url\":\"https:\/\/latienditadesanjose.com\/wp-content\/uploads\/2024\/03\/cropped-LOGO.png\",\"contentUrl\":\"https:\/\/latienditadesanjose.com\/wp-content\/uploads\/2024\/03\/cropped-LOGO.png\",\"width\":694,\"height\":254,\"caption\":\"La tiendita San Jos\u00e9\"},\"image\":{\"@id\":\"https:\/\/latienditadesanjose.com\/#\/schema\/logo\/image\/\"}}]}<\/script>\n<!-- \/ Yoast SEO plugin. -->","yoast_head_json":{"title":"SAN AGUST\u00cdN DE HIPONA (VINILO 0+) - LA TIENDITA DE SAN JOS\u00c9","robots":{"index":"index","follow":"follow","max-snippet":"max-snippet:-1","max-image-preview":"max-image-preview:large","max-video-preview":"max-video-preview:-1"},"canonical":"https:\/\/latienditadesanjose.com\/index.php\/producto\/san-agustin-de-hipona-vinilo-0\/","og_locale":"es_ES","og_type":"article","og_title":"SAN AGUST\u00cdN DE HIPONA (VINILO 0+) - LA TIENDITA DE SAN JOS\u00c9","og_description":"Plante las semillas de una fe de por vida con los juguetes santos cat\u00f3licos favoritos de todos!  Estas figuras de vinilo coleccionables, son el regalo perfecto y una manera fant\u00e1stica de comenzar a presentar a sus hijos y\/o amigos el fascinante e inspirador mundo de los Santos cristianos. Puedes hacer que los santos cobren vida en el coraz\u00f3n y la imaginaci\u00f3n de su hijo a trav\u00e9s del juego abierto y saludable para el desarrollo.","og_url":"https:\/\/latienditadesanjose.com\/index.php\/producto\/san-agustin-de-hipona-vinilo-0\/","og_site_name":"LA TIENDITA DE SAN JOS\u00c9","article_modified_time":"2024-04-22T20:03:51+00:00","og_image":[{"width":500,"height":500,"url":"https:\/\/latienditadesanjose.com\/wp-content\/uploads\/2021\/02\/Aguntin-1.png","type":"image\/png"}],"twitter_card":"summary_large_image","twitter_misc":{"Tiempo de lectura":"2 minutos"},"schema":{"@context":"https:\/\/schema.org","@graph":[{"@type":"WebPage","@id":"https:\/\/latienditadesanjose.com\/index.php\/producto\/san-agustin-de-hipona-vinilo-0\/","url":"https:\/\/latienditadesanjose.com\/index.php\/producto\/san-agustin-de-hipona-vinilo-0\/","name":"SAN AGUST\u00cdN DE HIPONA (VINILO 0+) - LA TIENDITA DE SAN JOS\u00c9","isPartOf":{"@id":"https:\/\/latienditadesanjose.com\/#website"},"primaryImageOfPage":{"@id":"https:\/\/latienditadesanjose.com\/index.php\/producto\/san-agustin-de-hipona-vinilo-0\/#primaryimage"},"image":{"@id":"https:\/\/latienditadesanjose.com\/index.php\/producto\/san-agustin-de-hipona-vinilo-0\/#primaryimage"},"thumbnailUrl":"https:\/\/latienditadesanjose.com\/wp-content\/uploads\/2021\/02\/Aguntin-1.png","datePublished":"2021-02-03T20:41:14+00:00","dateModified":"2024-04-22T20:03:51+00:00","breadcrumb":{"@id":"https:\/\/latienditadesanjose.com\/index.php\/producto\/san-agustin-de-hipona-vinilo-0\/#breadcrumb"},"inLanguage":"es","potentialAction":[{"@type":"ReadAction","target":["https:\/\/latienditadesanjose.com\/index.php\/producto\/san-agustin-de-hipona-vinilo-0\/"]}]},{"@type":"ImageObject","inLanguage":"es","@id":"https:\/\/latienditadesanjose.com\/index.php\/producto\/san-agustin-de-hipona-vinilo-0\/#primaryimage","url":"https:\/\/latienditadesanjose.com\/wp-content\/uploads\/2021\/02\/Aguntin-1.png","contentUrl":"https:\/\/latienditadesanjose.com\/wp-content\/uploads\/2021\/02\/Aguntin-1.png","width":500,"height":500,"caption":"Santos de Vinilo"},{"@type":"BreadcrumbList","@id":"https:\/\/latienditadesanjose.com\/index.php\/producto\/san-agustin-de-hipona-vinilo-0\/#breadcrumb","itemListElement":[{"@type":"ListItem","position":1,"name":"Portada","item":"https:\/\/latienditadesanjose.com\/"},{"@type":"ListItem","position":2,"name":"Tienda","item":"https:\/\/latienditadesanjose.com\/index.php\/shop\/"},{"@type":"ListItem","position":3,"name":"SAN AGUST\u00cdN DE HIPONA (VINILO 0+)"}]},{"@type":"WebSite","@id":"https:\/\/latienditadesanjose.com\/#website","url":"https:\/\/latienditadesanjose.com\/","name":"LA TIENDITA DE SAN JOS\u00c9","description":"Tienda cat\u00f3lica online","publisher":{"@id":"https:\/\/latienditadesanjose.com\/#organization"},"potentialAction":[{"@type":"SearchAction","target":{"@type":"EntryPoint","urlTemplate":"https:\/\/latienditadesanjose.com\/?s={search_term_string}"},"query-input":"required name=search_term_string"}],"inLanguage":"es"},{"@type":"Organization","@id":"https:\/\/latienditadesanjose.com\/#organization","name":"La tiendita San Jos\u00e9","url":"https:\/\/latienditadesanjose.com\/","logo":{"@type":"ImageObject","inLanguage":"es","@id":"https:\/\/latienditadesanjose.com\/#\/schema\/logo\/image\/","url":"https:\/\/latienditadesanjose.com\/wp-content\/uploads\/2024\/03\/cropped-LOGO.png","contentUrl":"https:\/\/latienditadesanjose.com\/wp-content\/uploads\/2024\/03\/cropped-LOGO.png","width":694,"height":254,"caption":"La tiendita San Jos\u00e9"},"image":{"@id":"https:\/\/latienditadesanjose.com\/#\/schema\/logo\/image\/"}}]}},"_links":{"self":[{"href":"https:\/\/latienditadesanjose.com\/index.php\/wp-json\/wp\/v2\/product\/118"}],"collection":[{"href":"https:\/\/latienditadesanjose.com\/index.php\/wp-json\/wp\/v2\/product"}],"about":[{"href":"https:\/\/latienditadesanjose.com\/index.php\/wp-json\/wp\/v2\/types\/product"}],"replies":[{"embeddable":true,"href":"https:\/\/latienditadesanjose.com\/index.php\/wp-json\/wp\/v2\/comments?post=118"}],"wp:featuredmedia":[{"embeddable":true,"href":"https:\/\/latienditadesanjose.com\/index.php\/wp-json\/wp\/v2\/media\/119"}],"wp:attachment":[{"href":"https:\/\/latienditadesanjose.com\/index.php\/wp-json\/wp\/v2\/media?parent=118"}],"curies":[{"name":"wp","href":"https:\/\/api.w.org\/{rel}","templated":true}]}}