{"id":142,"date":"2021-03-22T16:26:16","date_gmt":"2021-03-22T21:26:16","guid":{"rendered":"http:\/\/latienditadesanjose.com\/?post_type=product&#038;p=142"},"modified":"2024-04-22T14:59:39","modified_gmt":"2024-04-22T19:59:39","slug":"santa-lucia-vinilo-0","status":"publish","type":"product","link":"https:\/\/latienditadesanjose.com\/index.php\/producto\/santa-lucia-vinilo-0\/","title":{"rendered":"SANTA LUC\u00cdA (VINILO 0+)"},"content":{"rendered":"<p><span style=\"color: #808080;\">8.9 cm alto \/ elaborado en vinilo de alta calidad \/ recomendado desde los 0+ meses de edad \/ si se caen no se rompen.<\/span><\/p>\n<p><span style=\"color: #ff6600;\"><strong>Conoce a Santa Luc\u00eda<\/strong><\/span><\/p>\n<p><span style=\"color: #808080;\">A Santa Luc\u00eda se le ha representado frecuentemente con dos ojos, porque seg\u00fan una antigua tradici\u00f3n, a la santa le habr\u00edan arrancado los ojos por proclamar firmemente su fe.<\/span><\/p>\n<p><span style=\"color: #808080;\">Naci\u00f3 y muri\u00f3 en Siracusa, ciudad de Italia, y gracias a sus m\u00faltiples virtudes entre las que se destaca la sencillez, la humildad y la honradez, el Papa San Gregorio en el siglo VI puso su nombre a dos conventos femeninos que \u00e9l fund\u00f3.<\/span><\/p>\n<p><span style=\"color: #808080;\">Seg\u00fan la tradici\u00f3n, cuando la santa era muy ni\u00f1a hizo a Dios el voto de permanecer siempre pura y virgen, pero cuando lleg\u00f3 a la juventud quiso su madre (que era viuda), casarla con un joven pagano. Luc\u00eda finalmente obtuvo el permiso de no casarse, pero el joven pretendiente, rechazado, dispuso como venganza acusarla ante el gobernador de que la santa era cristiana, religi\u00f3n que estaba totalmente prohibida en esos tiempos de persecuci\u00f3n. Santa Luc\u00eda fue llamada a juicio; fue atormentada para obligarla a adorar a dioses paganos, pero ella se mantuvo firme en su fe, para luego ser decapitada.<\/span><\/p>\n","protected":false},"excerpt":{"rendered":"<p><span style=\"color: #333399;\">\u00a1Plante las semillas de una fe de por vida con los juguetes santos cat\u00f3licos favoritos de todos!<\/span><\/p>\n<p><span style=\"color: #333399;\">Estas figuras de vinilo coleccionables, son el regalo perfecto y una manera fant\u00e1stica de comenzar a presentar a sus hijos y\/o amigos el fascinante e inspirador mundo de los Santos cristianos. Puedes hacer que los santos cobren vida en el coraz\u00f3n y la imaginaci\u00f3n de su hijo a trav\u00e9s del juego abierto y saludable para el desarrollo.<\/span><\/p>\n<p>&nbsp;<\/p>\n","protected":false},"featured_media":7836,"comment_status":"open","ping_status":"closed","template":"","meta":{"_editorskit_title_hidden":false,"_editorskit_reading_time":0,"kt_blocks_editor_width":"","_kad_post_transparent":"default","_kad_post_title":"","_kad_post_layout":"default","_kad_post_sidebar_id":"","_kad_post_content_style":"default","_kad_post_vertical_padding":"default","_kad_post_feature":"","_kad_post_feature_position":"","_kad_post_header":false,"_kad_post_footer":false},"yoast_head":"<!-- This site is optimized with the Yoast SEO plugin v22.6 - https:\/\/yoast.com\/wordpress\/plugins\/seo\/ -->\n<title>SANTA LUC\u00cdA (VINILO 0+) - LA TIENDITA DE SAN JOS\u00c9<\/title>\n<meta name=\"robots\" content=\"index, follow, max-snippet:-1, max-image-preview:large, max-video-preview:-1\" \/>\n<link rel=\"canonical\" href=\"https:\/\/latienditadesanjose.com\/index.php\/producto\/santa-lucia-vinilo-0\/\" \/>\n<meta property=\"og:locale\" content=\"es_ES\" \/>\n<meta property=\"og:type\" content=\"article\" \/>\n<meta property=\"og:title\" content=\"SANTA LUC\u00cdA (VINILO 0+) - LA TIENDITA DE SAN JOS\u00c9\" \/>\n<meta property=\"og:description\" content=\"\u00a1Plante las semillas de una fe de por vida con los juguetes santos cat\u00f3licos favoritos de todos!  Estas figuras de vinilo coleccionables, son el regalo perfecto y una manera fant\u00e1stica de comenzar a presentar a sus hijos y\/o amigos el fascinante e inspirador mundo de los Santos cristianos. Puedes hacer que los santos cobren vida en el coraz\u00f3n y la imaginaci\u00f3n de su hijo a trav\u00e9s del juego abierto y saludable para el desarrollo.  &nbsp;\" \/>\n<meta property=\"og:url\" content=\"https:\/\/latienditadesanjose.com\/index.php\/producto\/santa-lucia-vinilo-0\/\" \/>\n<meta property=\"og:site_name\" content=\"LA TIENDITA DE SAN JOS\u00c9\" \/>\n<meta property=\"article:modified_time\" content=\"2024-04-22T19:59:39+00:00\" \/>\n<meta property=\"og:image\" content=\"https:\/\/latienditadesanjose.com\/wp-content\/uploads\/2021\/03\/santa-lucia-1.jpg\" \/>\n\t<meta property=\"og:image:width\" content=\"2384\" \/>\n\t<meta property=\"og:image:height\" content=\"2384\" \/>\n\t<meta property=\"og:image:type\" content=\"image\/jpeg\" \/>\n<meta name=\"twitter:card\" content=\"summary_large_image\" \/>\n<meta name=\"twitter:label1\" content=\"Tiempo de lectura\" \/>\n\t<meta name=\"twitter:data1\" content=\"1 minuto\" \/>\n<script type=\"application\/ld+json\" class=\"yoast-schema-graph\">{\"@context\":\"https:\/\/schema.org\",\"@graph\":[{\"@type\":\"WebPage\",\"@id\":\"https:\/\/latienditadesanjose.com\/index.php\/producto\/santa-lucia-vinilo-0\/\",\"url\":\"https:\/\/latienditadesanjose.com\/index.php\/producto\/santa-lucia-vinilo-0\/\",\"name\":\"SANTA LUC\u00cdA (VINILO 0+) - LA TIENDITA DE SAN JOS\u00c9\",\"isPartOf\":{\"@id\":\"https:\/\/latienditadesanjose.com\/#website\"},\"primaryImageOfPage\":{\"@id\":\"https:\/\/latienditadesanjose.com\/index.php\/producto\/santa-lucia-vinilo-0\/#primaryimage\"},\"image\":{\"@id\":\"https:\/\/latienditadesanjose.com\/index.php\/producto\/santa-lucia-vinilo-0\/#primaryimage\"},\"thumbnailUrl\":\"https:\/\/latienditadesanjose.com\/wp-content\/uploads\/2021\/03\/santa-lucia-1.jpg\",\"datePublished\":\"2021-03-22T21:26:16+00:00\",\"dateModified\":\"2024-04-22T19:59:39+00:00\",\"breadcrumb\":{\"@id\":\"https:\/\/latienditadesanjose.com\/index.php\/producto\/santa-lucia-vinilo-0\/#breadcrumb\"},\"inLanguage\":\"es\",\"potentialAction\":[{\"@type\":\"ReadAction\",\"target\":[\"https:\/\/latienditadesanjose.com\/index.php\/producto\/santa-lucia-vinilo-0\/\"]}]},{\"@type\":\"ImageObject\",\"inLanguage\":\"es\",\"@id\":\"https:\/\/latienditadesanjose.com\/index.php\/producto\/santa-lucia-vinilo-0\/#primaryimage\",\"url\":\"https:\/\/latienditadesanjose.com\/wp-content\/uploads\/2021\/03\/santa-lucia-1.jpg\",\"contentUrl\":\"https:\/\/latienditadesanjose.com\/wp-content\/uploads\/2021\/03\/santa-lucia-1.jpg\",\"width\":2384,\"height\":2384},{\"@type\":\"BreadcrumbList\",\"@id\":\"https:\/\/latienditadesanjose.com\/index.php\/producto\/santa-lucia-vinilo-0\/#breadcrumb\",\"itemListElement\":[{\"@type\":\"ListItem\",\"position\":1,\"name\":\"Portada\",\"item\":\"https:\/\/latienditadesanjose.com\/\"},{\"@type\":\"ListItem\",\"position\":2,\"name\":\"Tienda\",\"item\":\"https:\/\/latienditadesanjose.com\/index.php\/shop\/\"},{\"@type\":\"ListItem\",\"position\":3,\"name\":\"SANTA LUC\u00cdA (VINILO 0+)\"}]},{\"@type\":\"WebSite\",\"@id\":\"https:\/\/latienditadesanjose.com\/#website\",\"url\":\"https:\/\/latienditadesanjose.com\/\",\"name\":\"LA TIENDITA DE SAN JOS\u00c9\",\"description\":\"Tienda cat\u00f3lica online\",\"publisher\":{\"@id\":\"https:\/\/latienditadesanjose.com\/#organization\"},\"potentialAction\":[{\"@type\":\"SearchAction\",\"target\":{\"@type\":\"EntryPoint\",\"urlTemplate\":\"https:\/\/latienditadesanjose.com\/?s={search_term_string}\"},\"query-input\":\"required name=search_term_string\"}],\"inLanguage\":\"es\"},{\"@type\":\"Organization\",\"@id\":\"https:\/\/latienditadesanjose.com\/#organization\",\"name\":\"La tiendita San Jos\u00e9\",\"url\":\"https:\/\/latienditadesanjose.com\/\",\"logo\":{\"@type\":\"ImageObject\",\"inLanguage\":\"es\",\"@id\":\"https:\/\/latienditadesanjose.com\/#\/schema\/logo\/image\/\",\"url\":\"https:\/\/latienditadesanjose.com\/wp-content\/uploads\/2024\/03\/cropped-LOGO.png\",\"contentUrl\":\"https:\/\/latienditadesanjose.com\/wp-content\/uploads\/2024\/03\/cropped-LOGO.png\",\"width\":694,\"height\":254,\"caption\":\"La tiendita San Jos\u00e9\"},\"image\":{\"@id\":\"https:\/\/latienditadesanjose.com\/#\/schema\/logo\/image\/\"}}]}<\/script>\n<!-- \/ Yoast SEO plugin. -->","yoast_head_json":{"title":"SANTA LUC\u00cdA (VINILO 0+) - LA TIENDITA DE SAN JOS\u00c9","robots":{"index":"index","follow":"follow","max-snippet":"max-snippet:-1","max-image-preview":"max-image-preview:large","max-video-preview":"max-video-preview:-1"},"canonical":"https:\/\/latienditadesanjose.com\/index.php\/producto\/santa-lucia-vinilo-0\/","og_locale":"es_ES","og_type":"article","og_title":"SANTA LUC\u00cdA (VINILO 0+) - LA TIENDITA DE SAN JOS\u00c9","og_description":"\u00a1Plante las semillas de una fe de por vida con los juguetes santos cat\u00f3licos favoritos de todos!  Estas figuras de vinilo coleccionables, son el regalo perfecto y una manera fant\u00e1stica de comenzar a presentar a sus hijos y\/o amigos el fascinante e inspirador mundo de los Santos cristianos. Puedes hacer que los santos cobren vida en el coraz\u00f3n y la imaginaci\u00f3n de su hijo a trav\u00e9s del juego abierto y saludable para el desarrollo.  &nbsp;","og_url":"https:\/\/latienditadesanjose.com\/index.php\/producto\/santa-lucia-vinilo-0\/","og_site_name":"LA TIENDITA DE SAN JOS\u00c9","article_modified_time":"2024-04-22T19:59:39+00:00","og_image":[{"width":2384,"height":2384,"url":"https:\/\/latienditadesanjose.com\/wp-content\/uploads\/2021\/03\/santa-lucia-1.jpg","type":"image\/jpeg"}],"twitter_card":"summary_large_image","twitter_misc":{"Tiempo de lectura":"1 minuto"},"schema":{"@context":"https:\/\/schema.org","@graph":[{"@type":"WebPage","@id":"https:\/\/latienditadesanjose.com\/index.php\/producto\/santa-lucia-vinilo-0\/","url":"https:\/\/latienditadesanjose.com\/index.php\/producto\/santa-lucia-vinilo-0\/","name":"SANTA LUC\u00cdA (VINILO 0+) - LA TIENDITA DE SAN JOS\u00c9","isPartOf":{"@id":"https:\/\/latienditadesanjose.com\/#website"},"primaryImageOfPage":{"@id":"https:\/\/latienditadesanjose.com\/index.php\/producto\/santa-lucia-vinilo-0\/#primaryimage"},"image":{"@id":"https:\/\/latienditadesanjose.com\/index.php\/producto\/santa-lucia-vinilo-0\/#primaryimage"},"thumbnailUrl":"https:\/\/latienditadesanjose.com\/wp-content\/uploads\/2021\/03\/santa-lucia-1.jpg","datePublished":"2021-03-22T21:26:16+00:00","dateModified":"2024-04-22T19:59:39+00:00","breadcrumb":{"@id":"https:\/\/latienditadesanjose.com\/index.php\/producto\/santa-lucia-vinilo-0\/#breadcrumb"},"inLanguage":"es","potentialAction":[{"@type":"ReadAction","target":["https:\/\/latienditadesanjose.com\/index.php\/producto\/santa-lucia-vinilo-0\/"]}]},{"@type":"ImageObject","inLanguage":"es","@id":"https:\/\/latienditadesanjose.com\/index.php\/producto\/santa-lucia-vinilo-0\/#primaryimage","url":"https:\/\/latienditadesanjose.com\/wp-content\/uploads\/2021\/03\/santa-lucia-1.jpg","contentUrl":"https:\/\/latienditadesanjose.com\/wp-content\/uploads\/2021\/03\/santa-lucia-1.jpg","width":2384,"height":2384},{"@type":"BreadcrumbList","@id":"https:\/\/latienditadesanjose.com\/index.php\/producto\/santa-lucia-vinilo-0\/#breadcrumb","itemListElement":[{"@type":"ListItem","position":1,"name":"Portada","item":"https:\/\/latienditadesanjose.com\/"},{"@type":"ListItem","position":2,"name":"Tienda","item":"https:\/\/latienditadesanjose.com\/index.php\/shop\/"},{"@type":"ListItem","position":3,"name":"SANTA LUC\u00cdA (VINILO 0+)"}]},{"@type":"WebSite","@id":"https:\/\/latienditadesanjose.com\/#website","url":"https:\/\/latienditadesanjose.com\/","name":"LA TIENDITA DE SAN JOS\u00c9","description":"Tienda cat\u00f3lica online","publisher":{"@id":"https:\/\/latienditadesanjose.com\/#organization"},"potentialAction":[{"@type":"SearchAction","target":{"@type":"EntryPoint","urlTemplate":"https:\/\/latienditadesanjose.com\/?s={search_term_string}"},"query-input":"required name=search_term_string"}],"inLanguage":"es"},{"@type":"Organization","@id":"https:\/\/latienditadesanjose.com\/#organization","name":"La tiendita San Jos\u00e9","url":"https:\/\/latienditadesanjose.com\/","logo":{"@type":"ImageObject","inLanguage":"es","@id":"https:\/\/latienditadesanjose.com\/#\/schema\/logo\/image\/","url":"https:\/\/latienditadesanjose.com\/wp-content\/uploads\/2024\/03\/cropped-LOGO.png","contentUrl":"https:\/\/latienditadesanjose.com\/wp-content\/uploads\/2024\/03\/cropped-LOGO.png","width":694,"height":254,"caption":"La tiendita San Jos\u00e9"},"image":{"@id":"https:\/\/latienditadesanjose.com\/#\/schema\/logo\/image\/"}}]}},"_links":{"self":[{"href":"https:\/\/latienditadesanjose.com\/index.php\/wp-json\/wp\/v2\/product\/142"}],"collection":[{"href":"https:\/\/latienditadesanjose.com\/index.php\/wp-json\/wp\/v2\/product"}],"about":[{"href":"https:\/\/latienditadesanjose.com\/index.php\/wp-json\/wp\/v2\/types\/product"}],"replies":[{"embeddable":true,"href":"https:\/\/latienditadesanjose.com\/index.php\/wp-json\/wp\/v2\/comments?post=142"}],"wp:featuredmedia":[{"embeddable":true,"href":"https:\/\/latienditadesanjose.com\/index.php\/wp-json\/wp\/v2\/media\/7836"}],"wp:attachment":[{"href":"https:\/\/latienditadesanjose.com\/index.php\/wp-json\/wp\/v2\/media?parent=142"}],"curies":[{"name":"wp","href":"https:\/\/api.w.org\/{rel}","templated":true}]}}