{"id":187,"date":"2021-02-18T19:48:19","date_gmt":"2021-02-19T00:48:19","guid":{"rendered":"http:\/\/latienditadesanjose.com\/?post_type=product&#038;p=187"},"modified":"2024-04-18T17:16:50","modified_gmt":"2024-04-18T22:16:50","slug":"peluche-santa-teresita-del-nino-jesus","status":"publish","type":"product","link":"https:\/\/latienditadesanjose.com\/index.php\/producto\/peluche-santa-teresita-del-nino-jesus\/","title":{"rendered":"PELUCHE SANTA TERESITA DEL NI\u00d1O JES\u00daS"},"content":{"rendered":"<ul>\n<li><span style=\"color: #808080;\">Elaborado con microfibra, relleno 100% poli\u00e9ster.<\/span><\/li>\n<li><span style=\"color: #808080;\">Viene en una hermosa caja lista para regalar.<\/span><\/li>\n<li><span style=\"color: #808080;\">Tama\u00f1o: 30 cm alto<\/span><\/li>\n<li><span style=\"color: #808080;\">Recomendado a partir de los 3+ a\u00f1os.<\/span><\/li>\n<li><span style=\"color: #808080;\">Santa Teresita del Ni\u00f1o Jes\u00fas incluye representaci\u00f3n de flores decorativas y cruz en los brazos\u00a0<\/span><\/li>\n<\/ul>\n<p><span style=\"color: #808080;\"><em>Dise\u00f1o de Santa Teresita del Ni\u00f1o Jes\u00fas cuenta con registro de Derecho de autor.<\/em><\/span><\/p>\n<p><span style=\"color: #ff6600;\"><strong><span style=\"vertical-align: inherit;\"><span style=\"vertical-align: inherit;\"><span style=\"vertical-align: inherit;\"><span style=\"vertical-align: inherit;\"><span style=\"vertical-align: inherit;\"><span style=\"vertical-align: inherit;\">Conoce a Santa Teresita del ni\u00f1o Jes\u00fas <\/span><\/span><\/span><\/span><\/span><\/span><\/strong><\/span><\/p>\n<p><span style=\"vertical-align: inherit; color: #808080;\"><span style=\"vertical-align: inherit;\"><span style=\"vertical-align: inherit;\"><span style=\"vertical-align: inherit;\"><span style=\"vertical-align: inherit;\"><span style=\"vertical-align: inherit;\">El 01 de octubre celebramos la memoria de \ud83c\udf37Santa Teresita\ud83c\udf37, te contaremos un poco de su camino espiritual \ud83e\udd70.<br \/>\n\u2800\u2800\u2800\u2800\u2800\u2800\u2800\u2800\u2800<br \/>\nEl camino espiritual de Teresita fue solitario. Cierto que recibi\u00f3 mucho de su familia, de sus educadores y de sus maestros del Carmelo, pero ning\u00fan sacerdote la marc\u00f3 profundamente. El Esp\u00edritu Santo \ud83d\udd4a traz\u00f3 en ella un sendero de autenticidad &#8211; \u00abNo he buscado m\u00e1s que la verdad\u00bb &#8211; que le revel\u00f3 las profundidades del Amor trinitario y un \u00abcaminito\u00bb para unirlos sin ninguna preocupaci\u00f3n did\u00e1ctica. Todo surgi\u00f3 de la vida, de los acontecimientos cotidianos rele\u00eddos a la luz de la Palabra de Dios. Su aportaci\u00f3n incomparable a la espiritualidad del siglo XX es una vuelta al Evangelio en su pureza m\u00e1s radical. \u00abSi no os hac\u00e9is como ni\u00f1os no entrar\u00e9is en el reino de los Cielos\u00bb. (Mateo 18,3).<br \/>\n\u2800\u2800\u2800\u2800\u2800\u2800\u2800\u2800\u2800<br \/>\nEs verdad que Teresita no dispuso de un texto completo del Antiguo Testamento \ud83d\udcd6 , pero descubri\u00f3 la meditaci\u00f3n de la Palabra de Dios. Sin ninguna iniciaci\u00f3n, sin ninguna cultura b\u00edblica, cita m\u00e1s de mil veces la Biblia en sus escritos. A los 22 a\u00f1os dos textos del Antiguo Testamento cristalizan despu\u00e9s de una larga b\u00fasqueda, en el descubrimiento de \u00bb la v\u00eda de la infancia espititual\u00bb que ser\u00e1 su gran aportaci\u00f3n.<br \/>\n\u2800\u2800\u2800\u2800\u2800\u2800\u2800\u2800\u2800\u2800\u2800\u2800\u2800\u2800\u2800\u2800\u2800\u2800<br \/>\nSanta Teresita del Ni\u00f1o Jes\u00fas, Ruega por nosotros!!<\/span><\/span><\/span><\/span><\/span><\/span><\/p>\n","protected":false},"excerpt":{"rendered":"<p><span style=\"color: #333399;\">Con su suavidad y acogedor dise\u00f1o, de seguro se convertir\u00e1 en la Santita Preferida de tu peque\u00f1o\/a. Hemos cuidado los detalles iconogr\u00e1ficos m\u00e1s representativos de esta hermosa Santita, por lo que resultar\u00e1 ser la forma m\u00e1s divertida para aprender sobre las virtudes, compasi\u00f3n y cuidados que brindaron al pr\u00f3jimo para llegar a ser Santos.<\/span><\/p>\n","protected":false},"featured_media":189,"comment_status":"open","ping_status":"closed","template":"","meta":{"_editorskit_title_hidden":false,"_editorskit_reading_time":0,"kt_blocks_editor_width":"","_kad_post_transparent":"default","_kad_post_title":"","_kad_post_layout":"default","_kad_post_sidebar_id":"","_kad_post_content_style":"default","_kad_post_vertical_padding":"default","_kad_post_feature":"","_kad_post_feature_position":"","_kad_post_header":false,"_kad_post_footer":false},"yoast_head":"<!-- This site is optimized with the Yoast SEO plugin v22.6 - https:\/\/yoast.com\/wordpress\/plugins\/seo\/ -->\n<title>PELUCHE SANTA TERESITA DEL NI\u00d1O JES\u00daS - LA TIENDITA DE SAN JOS\u00c9<\/title>\n<meta name=\"robots\" content=\"index, follow, max-snippet:-1, max-image-preview:large, max-video-preview:-1\" \/>\n<link rel=\"canonical\" href=\"https:\/\/latienditadesanjose.com\/index.php\/producto\/peluche-santa-teresita-del-nino-jesus\/\" \/>\n<meta property=\"og:locale\" content=\"es_ES\" \/>\n<meta property=\"og:type\" content=\"article\" \/>\n<meta property=\"og:title\" content=\"PELUCHE SANTA TERESITA DEL NI\u00d1O JES\u00daS - LA TIENDITA DE SAN JOS\u00c9\" \/>\n<meta property=\"og:description\" content=\"Con su suavidad y acogedor dise\u00f1o, de seguro se convertir\u00e1 en la Santita Preferida de tu peque\u00f1o\/a. Hemos cuidado los detalles iconogr\u00e1ficos m\u00e1s representativos de esta hermosa Santita, por lo que resultar\u00e1 ser la forma m\u00e1s divertida para aprender sobre las virtudes, compasi\u00f3n y cuidados que brindaron al pr\u00f3jimo para llegar a ser Santos.\" \/>\n<meta property=\"og:url\" content=\"https:\/\/latienditadesanjose.com\/index.php\/producto\/peluche-santa-teresita-del-nino-jesus\/\" \/>\n<meta property=\"og:site_name\" content=\"LA TIENDITA DE SAN JOS\u00c9\" \/>\n<meta property=\"article:modified_time\" content=\"2024-04-18T22:16:50+00:00\" \/>\n<meta property=\"og:image\" content=\"https:\/\/latienditadesanjose.com\/wp-content\/uploads\/2021\/02\/Santa-Teresita-2.png\" \/>\n\t<meta property=\"og:image:width\" content=\"1000\" \/>\n\t<meta property=\"og:image:height\" content=\"1000\" \/>\n\t<meta property=\"og:image:type\" content=\"image\/png\" \/>\n<meta name=\"twitter:card\" content=\"summary_large_image\" \/>\n<meta name=\"twitter:label1\" content=\"Tiempo de lectura\" \/>\n\t<meta name=\"twitter:data1\" content=\"2 minutos\" \/>\n<script type=\"application\/ld+json\" class=\"yoast-schema-graph\">{\"@context\":\"https:\/\/schema.org\",\"@graph\":[{\"@type\":\"WebPage\",\"@id\":\"https:\/\/latienditadesanjose.com\/index.php\/producto\/peluche-santa-teresita-del-nino-jesus\/\",\"url\":\"https:\/\/latienditadesanjose.com\/index.php\/producto\/peluche-santa-teresita-del-nino-jesus\/\",\"name\":\"PELUCHE SANTA TERESITA DEL NI\u00d1O JES\u00daS - LA TIENDITA DE SAN JOS\u00c9\",\"isPartOf\":{\"@id\":\"https:\/\/latienditadesanjose.com\/#website\"},\"primaryImageOfPage\":{\"@id\":\"https:\/\/latienditadesanjose.com\/index.php\/producto\/peluche-santa-teresita-del-nino-jesus\/#primaryimage\"},\"image\":{\"@id\":\"https:\/\/latienditadesanjose.com\/index.php\/producto\/peluche-santa-teresita-del-nino-jesus\/#primaryimage\"},\"thumbnailUrl\":\"https:\/\/latienditadesanjose.com\/wp-content\/uploads\/2021\/02\/Santa-Teresita-2.png\",\"datePublished\":\"2021-02-19T00:48:19+00:00\",\"dateModified\":\"2024-04-18T22:16:50+00:00\",\"breadcrumb\":{\"@id\":\"https:\/\/latienditadesanjose.com\/index.php\/producto\/peluche-santa-teresita-del-nino-jesus\/#breadcrumb\"},\"inLanguage\":\"es\",\"potentialAction\":[{\"@type\":\"ReadAction\",\"target\":[\"https:\/\/latienditadesanjose.com\/index.php\/producto\/peluche-santa-teresita-del-nino-jesus\/\"]}]},{\"@type\":\"ImageObject\",\"inLanguage\":\"es\",\"@id\":\"https:\/\/latienditadesanjose.com\/index.php\/producto\/peluche-santa-teresita-del-nino-jesus\/#primaryimage\",\"url\":\"https:\/\/latienditadesanjose.com\/wp-content\/uploads\/2021\/02\/Santa-Teresita-2.png\",\"contentUrl\":\"https:\/\/latienditadesanjose.com\/wp-content\/uploads\/2021\/02\/Santa-Teresita-2.png\",\"width\":1000,\"height\":1000,\"caption\":\"Santos de Peluche\"},{\"@type\":\"BreadcrumbList\",\"@id\":\"https:\/\/latienditadesanjose.com\/index.php\/producto\/peluche-santa-teresita-del-nino-jesus\/#breadcrumb\",\"itemListElement\":[{\"@type\":\"ListItem\",\"position\":1,\"name\":\"Portada\",\"item\":\"https:\/\/latienditadesanjose.com\/\"},{\"@type\":\"ListItem\",\"position\":2,\"name\":\"Tienda\",\"item\":\"https:\/\/latienditadesanjose.com\/index.php\/shop\/\"},{\"@type\":\"ListItem\",\"position\":3,\"name\":\"PELUCHE SANTA TERESITA DEL NI\u00d1O JES\u00daS\"}]},{\"@type\":\"WebSite\",\"@id\":\"https:\/\/latienditadesanjose.com\/#website\",\"url\":\"https:\/\/latienditadesanjose.com\/\",\"name\":\"LA TIENDITA DE SAN JOS\u00c9\",\"description\":\"Tienda cat\u00f3lica online\",\"publisher\":{\"@id\":\"https:\/\/latienditadesanjose.com\/#organization\"},\"potentialAction\":[{\"@type\":\"SearchAction\",\"target\":{\"@type\":\"EntryPoint\",\"urlTemplate\":\"https:\/\/latienditadesanjose.com\/?s={search_term_string}\"},\"query-input\":\"required name=search_term_string\"}],\"inLanguage\":\"es\"},{\"@type\":\"Organization\",\"@id\":\"https:\/\/latienditadesanjose.com\/#organization\",\"name\":\"La tiendita San Jos\u00e9\",\"url\":\"https:\/\/latienditadesanjose.com\/\",\"logo\":{\"@type\":\"ImageObject\",\"inLanguage\":\"es\",\"@id\":\"https:\/\/latienditadesanjose.com\/#\/schema\/logo\/image\/\",\"url\":\"https:\/\/latienditadesanjose.com\/wp-content\/uploads\/2024\/03\/cropped-LOGO.png\",\"contentUrl\":\"https:\/\/latienditadesanjose.com\/wp-content\/uploads\/2024\/03\/cropped-LOGO.png\",\"width\":694,\"height\":254,\"caption\":\"La tiendita San Jos\u00e9\"},\"image\":{\"@id\":\"https:\/\/latienditadesanjose.com\/#\/schema\/logo\/image\/\"}}]}<\/script>\n<!-- \/ Yoast SEO plugin. -->","yoast_head_json":{"title":"PELUCHE SANTA TERESITA DEL NI\u00d1O JES\u00daS - LA TIENDITA DE SAN JOS\u00c9","robots":{"index":"index","follow":"follow","max-snippet":"max-snippet:-1","max-image-preview":"max-image-preview:large","max-video-preview":"max-video-preview:-1"},"canonical":"https:\/\/latienditadesanjose.com\/index.php\/producto\/peluche-santa-teresita-del-nino-jesus\/","og_locale":"es_ES","og_type":"article","og_title":"PELUCHE SANTA TERESITA DEL NI\u00d1O JES\u00daS - LA TIENDITA DE SAN JOS\u00c9","og_description":"Con su suavidad y acogedor dise\u00f1o, de seguro se convertir\u00e1 en la Santita Preferida de tu peque\u00f1o\/a. Hemos cuidado los detalles iconogr\u00e1ficos m\u00e1s representativos de esta hermosa Santita, por lo que resultar\u00e1 ser la forma m\u00e1s divertida para aprender sobre las virtudes, compasi\u00f3n y cuidados que brindaron al pr\u00f3jimo para llegar a ser Santos.","og_url":"https:\/\/latienditadesanjose.com\/index.php\/producto\/peluche-santa-teresita-del-nino-jesus\/","og_site_name":"LA TIENDITA DE SAN JOS\u00c9","article_modified_time":"2024-04-18T22:16:50+00:00","og_image":[{"width":1000,"height":1000,"url":"https:\/\/latienditadesanjose.com\/wp-content\/uploads\/2021\/02\/Santa-Teresita-2.png","type":"image\/png"}],"twitter_card":"summary_large_image","twitter_misc":{"Tiempo de lectura":"2 minutos"},"schema":{"@context":"https:\/\/schema.org","@graph":[{"@type":"WebPage","@id":"https:\/\/latienditadesanjose.com\/index.php\/producto\/peluche-santa-teresita-del-nino-jesus\/","url":"https:\/\/latienditadesanjose.com\/index.php\/producto\/peluche-santa-teresita-del-nino-jesus\/","name":"PELUCHE SANTA TERESITA DEL NI\u00d1O JES\u00daS - LA TIENDITA DE SAN JOS\u00c9","isPartOf":{"@id":"https:\/\/latienditadesanjose.com\/#website"},"primaryImageOfPage":{"@id":"https:\/\/latienditadesanjose.com\/index.php\/producto\/peluche-santa-teresita-del-nino-jesus\/#primaryimage"},"image":{"@id":"https:\/\/latienditadesanjose.com\/index.php\/producto\/peluche-santa-teresita-del-nino-jesus\/#primaryimage"},"thumbnailUrl":"https:\/\/latienditadesanjose.com\/wp-content\/uploads\/2021\/02\/Santa-Teresita-2.png","datePublished":"2021-02-19T00:48:19+00:00","dateModified":"2024-04-18T22:16:50+00:00","breadcrumb":{"@id":"https:\/\/latienditadesanjose.com\/index.php\/producto\/peluche-santa-teresita-del-nino-jesus\/#breadcrumb"},"inLanguage":"es","potentialAction":[{"@type":"ReadAction","target":["https:\/\/latienditadesanjose.com\/index.php\/producto\/peluche-santa-teresita-del-nino-jesus\/"]}]},{"@type":"ImageObject","inLanguage":"es","@id":"https:\/\/latienditadesanjose.com\/index.php\/producto\/peluche-santa-teresita-del-nino-jesus\/#primaryimage","url":"https:\/\/latienditadesanjose.com\/wp-content\/uploads\/2021\/02\/Santa-Teresita-2.png","contentUrl":"https:\/\/latienditadesanjose.com\/wp-content\/uploads\/2021\/02\/Santa-Teresita-2.png","width":1000,"height":1000,"caption":"Santos de Peluche"},{"@type":"BreadcrumbList","@id":"https:\/\/latienditadesanjose.com\/index.php\/producto\/peluche-santa-teresita-del-nino-jesus\/#breadcrumb","itemListElement":[{"@type":"ListItem","position":1,"name":"Portada","item":"https:\/\/latienditadesanjose.com\/"},{"@type":"ListItem","position":2,"name":"Tienda","item":"https:\/\/latienditadesanjose.com\/index.php\/shop\/"},{"@type":"ListItem","position":3,"name":"PELUCHE SANTA TERESITA DEL NI\u00d1O JES\u00daS"}]},{"@type":"WebSite","@id":"https:\/\/latienditadesanjose.com\/#website","url":"https:\/\/latienditadesanjose.com\/","name":"LA TIENDITA DE SAN JOS\u00c9","description":"Tienda cat\u00f3lica online","publisher":{"@id":"https:\/\/latienditadesanjose.com\/#organization"},"potentialAction":[{"@type":"SearchAction","target":{"@type":"EntryPoint","urlTemplate":"https:\/\/latienditadesanjose.com\/?s={search_term_string}"},"query-input":"required name=search_term_string"}],"inLanguage":"es"},{"@type":"Organization","@id":"https:\/\/latienditadesanjose.com\/#organization","name":"La tiendita San Jos\u00e9","url":"https:\/\/latienditadesanjose.com\/","logo":{"@type":"ImageObject","inLanguage":"es","@id":"https:\/\/latienditadesanjose.com\/#\/schema\/logo\/image\/","url":"https:\/\/latienditadesanjose.com\/wp-content\/uploads\/2024\/03\/cropped-LOGO.png","contentUrl":"https:\/\/latienditadesanjose.com\/wp-content\/uploads\/2024\/03\/cropped-LOGO.png","width":694,"height":254,"caption":"La tiendita San Jos\u00e9"},"image":{"@id":"https:\/\/latienditadesanjose.com\/#\/schema\/logo\/image\/"}}]}},"_links":{"self":[{"href":"https:\/\/latienditadesanjose.com\/index.php\/wp-json\/wp\/v2\/product\/187"}],"collection":[{"href":"https:\/\/latienditadesanjose.com\/index.php\/wp-json\/wp\/v2\/product"}],"about":[{"href":"https:\/\/latienditadesanjose.com\/index.php\/wp-json\/wp\/v2\/types\/product"}],"replies":[{"embeddable":true,"href":"https:\/\/latienditadesanjose.com\/index.php\/wp-json\/wp\/v2\/comments?post=187"}],"wp:featuredmedia":[{"embeddable":true,"href":"https:\/\/latienditadesanjose.com\/index.php\/wp-json\/wp\/v2\/media\/189"}],"wp:attachment":[{"href":"https:\/\/latienditadesanjose.com\/index.php\/wp-json\/wp\/v2\/media?parent=187"}],"curies":[{"name":"wp","href":"https:\/\/api.w.org\/{rel}","templated":true}]}}