{"id":34,"date":"2021-01-27T22:12:49","date_gmt":"2021-01-28T03:12:49","guid":{"rendered":"http:\/\/latienditadesanjose.com\/?post_type=product&#038;p=34"},"modified":"2024-04-22T15:05:26","modified_gmt":"2024-04-22T20:05:26","slug":"san-antonio-de-padua-vinilo-0","status":"publish","type":"product","link":"https:\/\/latienditadesanjose.com\/index.php\/producto\/san-antonio-de-padua-vinilo-0\/","title":{"rendered":"SAN ANTONIO DE PADUA (VINILO 0+)"},"content":{"rendered":"<p><span style=\"color: #808080;\">8.9 cm alto \/ elaborado en vinilo de alta calidad \/ recomendado desde los 0+ meses de edad \/ si se caen no se rompen.<\/span><\/p>\n<p><span style=\"color: #ff6600;\"><strong><span style=\"vertical-align: inherit;\"><span style=\"vertical-align: inherit;\">Conoce a San Antonio de Padua\u00a0<\/span><\/span><\/strong><\/span><\/p>\n<p><span style=\"color: #808080;\">Fernando de Bulloes y Taveira de Azevedo naci\u00f3 en Lisboa, Portugal, en 1195; a los 15 a\u00f1os ingres\u00f3 a los Can\u00f3nigos Regulares de San Agust\u00edn, pero diez a\u00f1os despu\u00e9s ingres\u00f3 a los Frailes Menores Franciscanos donde a los 25 a\u00f1os adopt\u00f3 el nombre de Antonio.<\/span><\/p>\n<p><span style=\"color: #808080;\">Ten\u00eda voz clara y fuerte, memoria prodigiosa y un profundo conocimiento, el esp\u00edritu de profec\u00eda y un extraordinario don de milagros, es conocido como el Santo de lo Milagros. Le\u00f3n XIII dec\u00eda \u201cSan Antonio es el Santo no solamente de Padua, sino de todo el mundo\u201d.<\/span><\/p>\n<p><span style=\"color: #808080;\">Su fama de obrar actos prodigiosos nunca ha disminuido y a\u00fan en la actualidad es reconocido como el m\u00e1s grande taumaturgo de todos los tiempos.<\/span><\/p>\n<p><span style=\"color: #808080;\">El Papa Gregorio IX lo canoniz\u00f3 menos de un a\u00f1o despu\u00e9s de su muerte en Pentecost\u00e9s el 30 de Mayo de 1232.<\/span><\/p>\n<p><span style=\"color: #808080;\">San Antonio de Padua, ruega por nosotros \ud83d\ude4f\ud83c\udffd!!!<\/span><\/p>\n","protected":false},"excerpt":{"rendered":"<p><span style=\"color: #333399;\">Plante las semillas de una fe de por vida con los juguetes santos cat\u00f3licos favoritos de todos!<\/span><\/p>\n<p><span style=\"color: #333399;\">Estas figuras de vinilo coleccionables, son el regalo perfecto y una manera fant\u00e1stica de comenzar a presentar a sus hijos y\/o amigos el fascinante e inspirador mundo de los Santos cristianos. Puedes hacer que los santos cobren vida en el coraz\u00f3n y la imaginaci\u00f3n de su hijo a trav\u00e9s del juego abierto y saludable para el desarrollo.<\/span><\/p>\n","protected":false},"featured_media":41,"comment_status":"open","ping_status":"closed","template":"","meta":{"_editorskit_title_hidden":false,"_editorskit_reading_time":0,"kt_blocks_editor_width":"","_kad_post_transparent":"default","_kad_post_title":"","_kad_post_layout":"default","_kad_post_sidebar_id":"","_kad_post_content_style":"default","_kad_post_vertical_padding":"default","_kad_post_feature":"","_kad_post_feature_position":"","_kad_post_header":false,"_kad_post_footer":false},"yoast_head":"<!-- This site is optimized with the Yoast SEO plugin v22.6 - https:\/\/yoast.com\/wordpress\/plugins\/seo\/ -->\n<title>SAN ANTONIO DE PADUA (VINILO 0+) - LA TIENDITA DE SAN JOS\u00c9<\/title>\n<meta name=\"robots\" content=\"index, follow, max-snippet:-1, max-image-preview:large, max-video-preview:-1\" \/>\n<link rel=\"canonical\" href=\"https:\/\/latienditadesanjose.com\/index.php\/producto\/san-antonio-de-padua-vinilo-0\/\" \/>\n<meta property=\"og:locale\" content=\"es_ES\" \/>\n<meta property=\"og:type\" content=\"article\" \/>\n<meta property=\"og:title\" content=\"SAN ANTONIO DE PADUA (VINILO 0+) - LA TIENDITA DE SAN JOS\u00c9\" \/>\n<meta property=\"og:description\" content=\"Plante las semillas de una fe de por vida con los juguetes santos cat\u00f3licos favoritos de todos!  Estas figuras de vinilo coleccionables, son el regalo perfecto y una manera fant\u00e1stica de comenzar a presentar a sus hijos y\/o amigos el fascinante e inspirador mundo de los Santos cristianos. Puedes hacer que los santos cobren vida en el coraz\u00f3n y la imaginaci\u00f3n de su hijo a trav\u00e9s del juego abierto y saludable para el desarrollo.\" \/>\n<meta property=\"og:url\" content=\"https:\/\/latienditadesanjose.com\/index.php\/producto\/san-antonio-de-padua-vinilo-0\/\" \/>\n<meta property=\"og:site_name\" content=\"LA TIENDITA DE SAN JOS\u00c9\" \/>\n<meta property=\"article:modified_time\" content=\"2024-04-22T20:05:26+00:00\" \/>\n<meta property=\"og:image\" content=\"https:\/\/latienditadesanjose.com\/wp-content\/uploads\/2021\/01\/SAN-ANTONIO-DE-PADUA-1.png\" \/>\n\t<meta property=\"og:image:width\" content=\"500\" \/>\n\t<meta property=\"og:image:height\" content=\"500\" \/>\n\t<meta property=\"og:image:type\" content=\"image\/png\" \/>\n<meta name=\"twitter:card\" content=\"summary_large_image\" \/>\n<meta name=\"twitter:label1\" content=\"Tiempo de lectura\" \/>\n\t<meta name=\"twitter:data1\" content=\"1 minuto\" \/>\n<script type=\"application\/ld+json\" class=\"yoast-schema-graph\">{\"@context\":\"https:\/\/schema.org\",\"@graph\":[{\"@type\":\"WebPage\",\"@id\":\"https:\/\/latienditadesanjose.com\/index.php\/producto\/san-antonio-de-padua-vinilo-0\/\",\"url\":\"https:\/\/latienditadesanjose.com\/index.php\/producto\/san-antonio-de-padua-vinilo-0\/\",\"name\":\"SAN ANTONIO DE PADUA (VINILO 0+) - LA TIENDITA DE SAN JOS\u00c9\",\"isPartOf\":{\"@id\":\"https:\/\/latienditadesanjose.com\/#website\"},\"primaryImageOfPage\":{\"@id\":\"https:\/\/latienditadesanjose.com\/index.php\/producto\/san-antonio-de-padua-vinilo-0\/#primaryimage\"},\"image\":{\"@id\":\"https:\/\/latienditadesanjose.com\/index.php\/producto\/san-antonio-de-padua-vinilo-0\/#primaryimage\"},\"thumbnailUrl\":\"https:\/\/latienditadesanjose.com\/wp-content\/uploads\/2021\/01\/SAN-ANTONIO-DE-PADUA-1.png\",\"datePublished\":\"2021-01-28T03:12:49+00:00\",\"dateModified\":\"2024-04-22T20:05:26+00:00\",\"breadcrumb\":{\"@id\":\"https:\/\/latienditadesanjose.com\/index.php\/producto\/san-antonio-de-padua-vinilo-0\/#breadcrumb\"},\"inLanguage\":\"es\",\"potentialAction\":[{\"@type\":\"ReadAction\",\"target\":[\"https:\/\/latienditadesanjose.com\/index.php\/producto\/san-antonio-de-padua-vinilo-0\/\"]}]},{\"@type\":\"ImageObject\",\"inLanguage\":\"es\",\"@id\":\"https:\/\/latienditadesanjose.com\/index.php\/producto\/san-antonio-de-padua-vinilo-0\/#primaryimage\",\"url\":\"https:\/\/latienditadesanjose.com\/wp-content\/uploads\/2021\/01\/SAN-ANTONIO-DE-PADUA-1.png\",\"contentUrl\":\"https:\/\/latienditadesanjose.com\/wp-content\/uploads\/2021\/01\/SAN-ANTONIO-DE-PADUA-1.png\",\"width\":500,\"height\":500,\"caption\":\"Mu\u00f1eco de vinilo\"},{\"@type\":\"BreadcrumbList\",\"@id\":\"https:\/\/latienditadesanjose.com\/index.php\/producto\/san-antonio-de-padua-vinilo-0\/#breadcrumb\",\"itemListElement\":[{\"@type\":\"ListItem\",\"position\":1,\"name\":\"Portada\",\"item\":\"https:\/\/latienditadesanjose.com\/\"},{\"@type\":\"ListItem\",\"position\":2,\"name\":\"Tienda\",\"item\":\"https:\/\/latienditadesanjose.com\/index.php\/shop\/\"},{\"@type\":\"ListItem\",\"position\":3,\"name\":\"SAN ANTONIO DE PADUA (VINILO 0+)\"}]},{\"@type\":\"WebSite\",\"@id\":\"https:\/\/latienditadesanjose.com\/#website\",\"url\":\"https:\/\/latienditadesanjose.com\/\",\"name\":\"LA TIENDITA DE SAN JOS\u00c9\",\"description\":\"Tienda cat\u00f3lica online\",\"publisher\":{\"@id\":\"https:\/\/latienditadesanjose.com\/#organization\"},\"potentialAction\":[{\"@type\":\"SearchAction\",\"target\":{\"@type\":\"EntryPoint\",\"urlTemplate\":\"https:\/\/latienditadesanjose.com\/?s={search_term_string}\"},\"query-input\":\"required name=search_term_string\"}],\"inLanguage\":\"es\"},{\"@type\":\"Organization\",\"@id\":\"https:\/\/latienditadesanjose.com\/#organization\",\"name\":\"La tiendita San Jos\u00e9\",\"url\":\"https:\/\/latienditadesanjose.com\/\",\"logo\":{\"@type\":\"ImageObject\",\"inLanguage\":\"es\",\"@id\":\"https:\/\/latienditadesanjose.com\/#\/schema\/logo\/image\/\",\"url\":\"https:\/\/latienditadesanjose.com\/wp-content\/uploads\/2024\/03\/cropped-LOGO.png\",\"contentUrl\":\"https:\/\/latienditadesanjose.com\/wp-content\/uploads\/2024\/03\/cropped-LOGO.png\",\"width\":694,\"height\":254,\"caption\":\"La tiendita San Jos\u00e9\"},\"image\":{\"@id\":\"https:\/\/latienditadesanjose.com\/#\/schema\/logo\/image\/\"}}]}<\/script>\n<!-- \/ Yoast SEO plugin. -->","yoast_head_json":{"title":"SAN ANTONIO DE PADUA (VINILO 0+) - LA TIENDITA DE SAN JOS\u00c9","robots":{"index":"index","follow":"follow","max-snippet":"max-snippet:-1","max-image-preview":"max-image-preview:large","max-video-preview":"max-video-preview:-1"},"canonical":"https:\/\/latienditadesanjose.com\/index.php\/producto\/san-antonio-de-padua-vinilo-0\/","og_locale":"es_ES","og_type":"article","og_title":"SAN ANTONIO DE PADUA (VINILO 0+) - LA TIENDITA DE SAN JOS\u00c9","og_description":"Plante las semillas de una fe de por vida con los juguetes santos cat\u00f3licos favoritos de todos!  Estas figuras de vinilo coleccionables, son el regalo perfecto y una manera fant\u00e1stica de comenzar a presentar a sus hijos y\/o amigos el fascinante e inspirador mundo de los Santos cristianos. Puedes hacer que los santos cobren vida en el coraz\u00f3n y la imaginaci\u00f3n de su hijo a trav\u00e9s del juego abierto y saludable para el desarrollo.","og_url":"https:\/\/latienditadesanjose.com\/index.php\/producto\/san-antonio-de-padua-vinilo-0\/","og_site_name":"LA TIENDITA DE SAN JOS\u00c9","article_modified_time":"2024-04-22T20:05:26+00:00","og_image":[{"width":500,"height":500,"url":"https:\/\/latienditadesanjose.com\/wp-content\/uploads\/2021\/01\/SAN-ANTONIO-DE-PADUA-1.png","type":"image\/png"}],"twitter_card":"summary_large_image","twitter_misc":{"Tiempo de lectura":"1 minuto"},"schema":{"@context":"https:\/\/schema.org","@graph":[{"@type":"WebPage","@id":"https:\/\/latienditadesanjose.com\/index.php\/producto\/san-antonio-de-padua-vinilo-0\/","url":"https:\/\/latienditadesanjose.com\/index.php\/producto\/san-antonio-de-padua-vinilo-0\/","name":"SAN ANTONIO DE PADUA (VINILO 0+) - LA TIENDITA DE SAN JOS\u00c9","isPartOf":{"@id":"https:\/\/latienditadesanjose.com\/#website"},"primaryImageOfPage":{"@id":"https:\/\/latienditadesanjose.com\/index.php\/producto\/san-antonio-de-padua-vinilo-0\/#primaryimage"},"image":{"@id":"https:\/\/latienditadesanjose.com\/index.php\/producto\/san-antonio-de-padua-vinilo-0\/#primaryimage"},"thumbnailUrl":"https:\/\/latienditadesanjose.com\/wp-content\/uploads\/2021\/01\/SAN-ANTONIO-DE-PADUA-1.png","datePublished":"2021-01-28T03:12:49+00:00","dateModified":"2024-04-22T20:05:26+00:00","breadcrumb":{"@id":"https:\/\/latienditadesanjose.com\/index.php\/producto\/san-antonio-de-padua-vinilo-0\/#breadcrumb"},"inLanguage":"es","potentialAction":[{"@type":"ReadAction","target":["https:\/\/latienditadesanjose.com\/index.php\/producto\/san-antonio-de-padua-vinilo-0\/"]}]},{"@type":"ImageObject","inLanguage":"es","@id":"https:\/\/latienditadesanjose.com\/index.php\/producto\/san-antonio-de-padua-vinilo-0\/#primaryimage","url":"https:\/\/latienditadesanjose.com\/wp-content\/uploads\/2021\/01\/SAN-ANTONIO-DE-PADUA-1.png","contentUrl":"https:\/\/latienditadesanjose.com\/wp-content\/uploads\/2021\/01\/SAN-ANTONIO-DE-PADUA-1.png","width":500,"height":500,"caption":"Mu\u00f1eco de vinilo"},{"@type":"BreadcrumbList","@id":"https:\/\/latienditadesanjose.com\/index.php\/producto\/san-antonio-de-padua-vinilo-0\/#breadcrumb","itemListElement":[{"@type":"ListItem","position":1,"name":"Portada","item":"https:\/\/latienditadesanjose.com\/"},{"@type":"ListItem","position":2,"name":"Tienda","item":"https:\/\/latienditadesanjose.com\/index.php\/shop\/"},{"@type":"ListItem","position":3,"name":"SAN ANTONIO DE PADUA (VINILO 0+)"}]},{"@type":"WebSite","@id":"https:\/\/latienditadesanjose.com\/#website","url":"https:\/\/latienditadesanjose.com\/","name":"LA TIENDITA DE SAN JOS\u00c9","description":"Tienda cat\u00f3lica online","publisher":{"@id":"https:\/\/latienditadesanjose.com\/#organization"},"potentialAction":[{"@type":"SearchAction","target":{"@type":"EntryPoint","urlTemplate":"https:\/\/latienditadesanjose.com\/?s={search_term_string}"},"query-input":"required name=search_term_string"}],"inLanguage":"es"},{"@type":"Organization","@id":"https:\/\/latienditadesanjose.com\/#organization","name":"La tiendita San Jos\u00e9","url":"https:\/\/latienditadesanjose.com\/","logo":{"@type":"ImageObject","inLanguage":"es","@id":"https:\/\/latienditadesanjose.com\/#\/schema\/logo\/image\/","url":"https:\/\/latienditadesanjose.com\/wp-content\/uploads\/2024\/03\/cropped-LOGO.png","contentUrl":"https:\/\/latienditadesanjose.com\/wp-content\/uploads\/2024\/03\/cropped-LOGO.png","width":694,"height":254,"caption":"La tiendita San Jos\u00e9"},"image":{"@id":"https:\/\/latienditadesanjose.com\/#\/schema\/logo\/image\/"}}]}},"_links":{"self":[{"href":"https:\/\/latienditadesanjose.com\/index.php\/wp-json\/wp\/v2\/product\/34"}],"collection":[{"href":"https:\/\/latienditadesanjose.com\/index.php\/wp-json\/wp\/v2\/product"}],"about":[{"href":"https:\/\/latienditadesanjose.com\/index.php\/wp-json\/wp\/v2\/types\/product"}],"replies":[{"embeddable":true,"href":"https:\/\/latienditadesanjose.com\/index.php\/wp-json\/wp\/v2\/comments?post=34"}],"wp:featuredmedia":[{"embeddable":true,"href":"https:\/\/latienditadesanjose.com\/index.php\/wp-json\/wp\/v2\/media\/41"}],"wp:attachment":[{"href":"https:\/\/latienditadesanjose.com\/index.php\/wp-json\/wp\/v2\/media?parent=34"}],"curies":[{"name":"wp","href":"https:\/\/api.w.org\/{rel}","templated":true}]}}