{"id":48,"date":"2021-01-28T22:20:17","date_gmt":"2021-01-29T03:20:17","guid":{"rendered":"http:\/\/latienditadesanjose.com\/?post_type=product&#038;p=48"},"modified":"2024-04-22T15:05:18","modified_gmt":"2024-04-22T20:05:18","slug":"san-miguel-arcangel-vinilo-0","status":"publish","type":"product","link":"https:\/\/latienditadesanjose.com\/index.php\/producto\/san-miguel-arcangel-vinilo-0\/","title":{"rendered":"SAN MIGUEL ARC\u00c1NGEL (VINILO 0+)"},"content":{"rendered":"<p><span style=\"color: #808080;\">8.9 cm alto \/ elaborado en vinilo de alta calidad \/ recomendado desde los 0+ meses de edad \/ si se caen no se rompen.<\/span><\/p>\n<p><strong><span style=\"color: #ff6600;\">Conoce a San Miguel Arc\u00e1ngel<\/span> <\/strong><\/p>\n<p><span style=\"color: #808080;\">\u00bfQui\u00e9n como Dios?<\/span><\/p>\n<p><span style=\"color: #808080;\">San Miguel es uno de los principales \u00e1ngeles; su nombre era el grito de guerra de los \u00e1ngeles buenos en la batalla librada en el cielo en contra del enemigo y sus seguidores.<\/span><\/p>\n<p><span style=\"color: #808080;\">Seg\u00fan estos pasajes b\u00edblicos, la tradici\u00f3n cristiana le da a San Miguel cuatro oficios:<\/span><\/p>\n<ul>\n<li><span style=\"color: #808080;\">Pelear contra Satan\u00e1s.<\/span><\/li>\n<li><span style=\"color: #808080;\">Rescatar las almas de los fieles del poder del enemigo, especialmente a la hora de la muerte.<\/span><\/li>\n<li><span style=\"color: #808080;\">Ser el campe\u00f3n del pueblo de Dios: los jud\u00edos en la antigua Ley, los cristianos en el Nuevo Testamento; por lo tanto, \u00e9l era el patr\u00f3n de la Iglesia, y de la orden de caballeros durante la Edad Media.<\/span><\/li>\n<li><span style=\"color: #808080;\">Llamar de la tierra y traer las almas de los hombres a juicio<\/span><\/li>\n<\/ul>\n","protected":false},"excerpt":{"rendered":"<p><span style=\"color: #333399;\">Plante las semillas de una fe de por vida con los juguetes santos cat\u00f3licos favoritos de todos!<\/span><\/p>\n<p><span style=\"color: #333399;\">Estas figuras de vinilo coleccionables, son el regalo perfecto y una manera fant\u00e1stica de comenzar a presentar a sus hijos y\/o amigos el fascinante e inspirador mundo de los Santos cristianos. Puedes hacer que los santos cobren vida en el coraz\u00f3n y la imaginaci\u00f3n de su hijo a trav\u00e9s del juego abierto y saludable para el desarrollo.<\/span><\/p>\n","protected":false},"featured_media":49,"comment_status":"open","ping_status":"closed","template":"","meta":{"_editorskit_title_hidden":false,"_editorskit_reading_time":0,"kt_blocks_editor_width":"","_kad_post_transparent":"default","_kad_post_title":"","_kad_post_layout":"default","_kad_post_sidebar_id":"","_kad_post_content_style":"default","_kad_post_vertical_padding":"default","_kad_post_feature":"","_kad_post_feature_position":"","_kad_post_header":false,"_kad_post_footer":false},"yoast_head":"<!-- This site is optimized with the Yoast SEO plugin v22.6 - https:\/\/yoast.com\/wordpress\/plugins\/seo\/ -->\n<title>SAN MIGUEL ARC\u00c1NGEL (VINILO 0+) - LA TIENDITA DE SAN JOS\u00c9<\/title>\n<meta name=\"robots\" content=\"index, follow, max-snippet:-1, max-image-preview:large, max-video-preview:-1\" \/>\n<link rel=\"canonical\" href=\"https:\/\/latienditadesanjose.com\/index.php\/producto\/san-miguel-arcangel-vinilo-0\/\" \/>\n<meta property=\"og:locale\" content=\"es_ES\" \/>\n<meta property=\"og:type\" content=\"article\" \/>\n<meta property=\"og:title\" content=\"SAN MIGUEL ARC\u00c1NGEL (VINILO 0+) - LA TIENDITA DE SAN JOS\u00c9\" \/>\n<meta property=\"og:description\" content=\"Plante las semillas de una fe de por vida con los juguetes santos cat\u00f3licos favoritos de todos!  Estas figuras de vinilo coleccionables, son el regalo perfecto y una manera fant\u00e1stica de comenzar a presentar a sus hijos y\/o amigos el fascinante e inspirador mundo de los Santos cristianos. Puedes hacer que los santos cobren vida en el coraz\u00f3n y la imaginaci\u00f3n de su hijo a trav\u00e9s del juego abierto y saludable para el desarrollo.\" \/>\n<meta property=\"og:url\" content=\"https:\/\/latienditadesanjose.com\/index.php\/producto\/san-miguel-arcangel-vinilo-0\/\" \/>\n<meta property=\"og:site_name\" content=\"LA TIENDITA DE SAN JOS\u00c9\" \/>\n<meta property=\"article:modified_time\" content=\"2024-04-22T20:05:18+00:00\" \/>\n<meta property=\"og:image\" content=\"https:\/\/latienditadesanjose.com\/wp-content\/uploads\/2021\/01\/SAN-MIGUEL-ARCANGEL-1.png\" \/>\n\t<meta property=\"og:image:width\" content=\"500\" \/>\n\t<meta property=\"og:image:height\" content=\"500\" \/>\n\t<meta property=\"og:image:type\" content=\"image\/png\" \/>\n<meta name=\"twitter:card\" content=\"summary_large_image\" \/>\n<meta name=\"twitter:label1\" content=\"Tiempo de lectura\" \/>\n\t<meta name=\"twitter:data1\" content=\"1 minuto\" \/>\n<script type=\"application\/ld+json\" class=\"yoast-schema-graph\">{\"@context\":\"https:\/\/schema.org\",\"@graph\":[{\"@type\":\"WebPage\",\"@id\":\"https:\/\/latienditadesanjose.com\/index.php\/producto\/san-miguel-arcangel-vinilo-0\/\",\"url\":\"https:\/\/latienditadesanjose.com\/index.php\/producto\/san-miguel-arcangel-vinilo-0\/\",\"name\":\"SAN MIGUEL ARC\u00c1NGEL (VINILO 0+) - LA TIENDITA DE SAN JOS\u00c9\",\"isPartOf\":{\"@id\":\"https:\/\/latienditadesanjose.com\/#website\"},\"primaryImageOfPage\":{\"@id\":\"https:\/\/latienditadesanjose.com\/index.php\/producto\/san-miguel-arcangel-vinilo-0\/#primaryimage\"},\"image\":{\"@id\":\"https:\/\/latienditadesanjose.com\/index.php\/producto\/san-miguel-arcangel-vinilo-0\/#primaryimage\"},\"thumbnailUrl\":\"https:\/\/latienditadesanjose.com\/wp-content\/uploads\/2021\/01\/SAN-MIGUEL-ARCANGEL-1.png\",\"datePublished\":\"2021-01-29T03:20:17+00:00\",\"dateModified\":\"2024-04-22T20:05:18+00:00\",\"breadcrumb\":{\"@id\":\"https:\/\/latienditadesanjose.com\/index.php\/producto\/san-miguel-arcangel-vinilo-0\/#breadcrumb\"},\"inLanguage\":\"es\",\"potentialAction\":[{\"@type\":\"ReadAction\",\"target\":[\"https:\/\/latienditadesanjose.com\/index.php\/producto\/san-miguel-arcangel-vinilo-0\/\"]}]},{\"@type\":\"ImageObject\",\"inLanguage\":\"es\",\"@id\":\"https:\/\/latienditadesanjose.com\/index.php\/producto\/san-miguel-arcangel-vinilo-0\/#primaryimage\",\"url\":\"https:\/\/latienditadesanjose.com\/wp-content\/uploads\/2021\/01\/SAN-MIGUEL-ARCANGEL-1.png\",\"contentUrl\":\"https:\/\/latienditadesanjose.com\/wp-content\/uploads\/2021\/01\/SAN-MIGUEL-ARCANGEL-1.png\",\"width\":500,\"height\":500,\"caption\":\"mu\u00f1eco de vinilo\"},{\"@type\":\"BreadcrumbList\",\"@id\":\"https:\/\/latienditadesanjose.com\/index.php\/producto\/san-miguel-arcangel-vinilo-0\/#breadcrumb\",\"itemListElement\":[{\"@type\":\"ListItem\",\"position\":1,\"name\":\"Portada\",\"item\":\"https:\/\/latienditadesanjose.com\/\"},{\"@type\":\"ListItem\",\"position\":2,\"name\":\"Tienda\",\"item\":\"https:\/\/latienditadesanjose.com\/index.php\/shop\/\"},{\"@type\":\"ListItem\",\"position\":3,\"name\":\"SAN MIGUEL ARC\u00c1NGEL (VINILO 0+)\"}]},{\"@type\":\"WebSite\",\"@id\":\"https:\/\/latienditadesanjose.com\/#website\",\"url\":\"https:\/\/latienditadesanjose.com\/\",\"name\":\"LA TIENDITA DE SAN JOS\u00c9\",\"description\":\"Tienda cat\u00f3lica online\",\"publisher\":{\"@id\":\"https:\/\/latienditadesanjose.com\/#organization\"},\"potentialAction\":[{\"@type\":\"SearchAction\",\"target\":{\"@type\":\"EntryPoint\",\"urlTemplate\":\"https:\/\/latienditadesanjose.com\/?s={search_term_string}\"},\"query-input\":\"required name=search_term_string\"}],\"inLanguage\":\"es\"},{\"@type\":\"Organization\",\"@id\":\"https:\/\/latienditadesanjose.com\/#organization\",\"name\":\"La tiendita San Jos\u00e9\",\"url\":\"https:\/\/latienditadesanjose.com\/\",\"logo\":{\"@type\":\"ImageObject\",\"inLanguage\":\"es\",\"@id\":\"https:\/\/latienditadesanjose.com\/#\/schema\/logo\/image\/\",\"url\":\"https:\/\/latienditadesanjose.com\/wp-content\/uploads\/2024\/03\/cropped-LOGO.png\",\"contentUrl\":\"https:\/\/latienditadesanjose.com\/wp-content\/uploads\/2024\/03\/cropped-LOGO.png\",\"width\":694,\"height\":254,\"caption\":\"La tiendita San Jos\u00e9\"},\"image\":{\"@id\":\"https:\/\/latienditadesanjose.com\/#\/schema\/logo\/image\/\"}}]}<\/script>\n<!-- \/ Yoast SEO plugin. -->","yoast_head_json":{"title":"SAN MIGUEL ARC\u00c1NGEL (VINILO 0+) - LA TIENDITA DE SAN JOS\u00c9","robots":{"index":"index","follow":"follow","max-snippet":"max-snippet:-1","max-image-preview":"max-image-preview:large","max-video-preview":"max-video-preview:-1"},"canonical":"https:\/\/latienditadesanjose.com\/index.php\/producto\/san-miguel-arcangel-vinilo-0\/","og_locale":"es_ES","og_type":"article","og_title":"SAN MIGUEL ARC\u00c1NGEL (VINILO 0+) - LA TIENDITA DE SAN JOS\u00c9","og_description":"Plante las semillas de una fe de por vida con los juguetes santos cat\u00f3licos favoritos de todos!  Estas figuras de vinilo coleccionables, son el regalo perfecto y una manera fant\u00e1stica de comenzar a presentar a sus hijos y\/o amigos el fascinante e inspirador mundo de los Santos cristianos. Puedes hacer que los santos cobren vida en el coraz\u00f3n y la imaginaci\u00f3n de su hijo a trav\u00e9s del juego abierto y saludable para el desarrollo.","og_url":"https:\/\/latienditadesanjose.com\/index.php\/producto\/san-miguel-arcangel-vinilo-0\/","og_site_name":"LA TIENDITA DE SAN JOS\u00c9","article_modified_time":"2024-04-22T20:05:18+00:00","og_image":[{"width":500,"height":500,"url":"https:\/\/latienditadesanjose.com\/wp-content\/uploads\/2021\/01\/SAN-MIGUEL-ARCANGEL-1.png","type":"image\/png"}],"twitter_card":"summary_large_image","twitter_misc":{"Tiempo de lectura":"1 minuto"},"schema":{"@context":"https:\/\/schema.org","@graph":[{"@type":"WebPage","@id":"https:\/\/latienditadesanjose.com\/index.php\/producto\/san-miguel-arcangel-vinilo-0\/","url":"https:\/\/latienditadesanjose.com\/index.php\/producto\/san-miguel-arcangel-vinilo-0\/","name":"SAN MIGUEL ARC\u00c1NGEL (VINILO 0+) - LA TIENDITA DE SAN JOS\u00c9","isPartOf":{"@id":"https:\/\/latienditadesanjose.com\/#website"},"primaryImageOfPage":{"@id":"https:\/\/latienditadesanjose.com\/index.php\/producto\/san-miguel-arcangel-vinilo-0\/#primaryimage"},"image":{"@id":"https:\/\/latienditadesanjose.com\/index.php\/producto\/san-miguel-arcangel-vinilo-0\/#primaryimage"},"thumbnailUrl":"https:\/\/latienditadesanjose.com\/wp-content\/uploads\/2021\/01\/SAN-MIGUEL-ARCANGEL-1.png","datePublished":"2021-01-29T03:20:17+00:00","dateModified":"2024-04-22T20:05:18+00:00","breadcrumb":{"@id":"https:\/\/latienditadesanjose.com\/index.php\/producto\/san-miguel-arcangel-vinilo-0\/#breadcrumb"},"inLanguage":"es","potentialAction":[{"@type":"ReadAction","target":["https:\/\/latienditadesanjose.com\/index.php\/producto\/san-miguel-arcangel-vinilo-0\/"]}]},{"@type":"ImageObject","inLanguage":"es","@id":"https:\/\/latienditadesanjose.com\/index.php\/producto\/san-miguel-arcangel-vinilo-0\/#primaryimage","url":"https:\/\/latienditadesanjose.com\/wp-content\/uploads\/2021\/01\/SAN-MIGUEL-ARCANGEL-1.png","contentUrl":"https:\/\/latienditadesanjose.com\/wp-content\/uploads\/2021\/01\/SAN-MIGUEL-ARCANGEL-1.png","width":500,"height":500,"caption":"mu\u00f1eco de vinilo"},{"@type":"BreadcrumbList","@id":"https:\/\/latienditadesanjose.com\/index.php\/producto\/san-miguel-arcangel-vinilo-0\/#breadcrumb","itemListElement":[{"@type":"ListItem","position":1,"name":"Portada","item":"https:\/\/latienditadesanjose.com\/"},{"@type":"ListItem","position":2,"name":"Tienda","item":"https:\/\/latienditadesanjose.com\/index.php\/shop\/"},{"@type":"ListItem","position":3,"name":"SAN MIGUEL ARC\u00c1NGEL (VINILO 0+)"}]},{"@type":"WebSite","@id":"https:\/\/latienditadesanjose.com\/#website","url":"https:\/\/latienditadesanjose.com\/","name":"LA TIENDITA DE SAN JOS\u00c9","description":"Tienda cat\u00f3lica online","publisher":{"@id":"https:\/\/latienditadesanjose.com\/#organization"},"potentialAction":[{"@type":"SearchAction","target":{"@type":"EntryPoint","urlTemplate":"https:\/\/latienditadesanjose.com\/?s={search_term_string}"},"query-input":"required name=search_term_string"}],"inLanguage":"es"},{"@type":"Organization","@id":"https:\/\/latienditadesanjose.com\/#organization","name":"La tiendita San Jos\u00e9","url":"https:\/\/latienditadesanjose.com\/","logo":{"@type":"ImageObject","inLanguage":"es","@id":"https:\/\/latienditadesanjose.com\/#\/schema\/logo\/image\/","url":"https:\/\/latienditadesanjose.com\/wp-content\/uploads\/2024\/03\/cropped-LOGO.png","contentUrl":"https:\/\/latienditadesanjose.com\/wp-content\/uploads\/2024\/03\/cropped-LOGO.png","width":694,"height":254,"caption":"La tiendita San Jos\u00e9"},"image":{"@id":"https:\/\/latienditadesanjose.com\/#\/schema\/logo\/image\/"}}]}},"_links":{"self":[{"href":"https:\/\/latienditadesanjose.com\/index.php\/wp-json\/wp\/v2\/product\/48"}],"collection":[{"href":"https:\/\/latienditadesanjose.com\/index.php\/wp-json\/wp\/v2\/product"}],"about":[{"href":"https:\/\/latienditadesanjose.com\/index.php\/wp-json\/wp\/v2\/types\/product"}],"replies":[{"embeddable":true,"href":"https:\/\/latienditadesanjose.com\/index.php\/wp-json\/wp\/v2\/comments?post=48"}],"wp:featuredmedia":[{"embeddable":true,"href":"https:\/\/latienditadesanjose.com\/index.php\/wp-json\/wp\/v2\/media\/49"}],"wp:attachment":[{"href":"https:\/\/latienditadesanjose.com\/index.php\/wp-json\/wp\/v2\/media?parent=48"}],"curies":[{"name":"wp","href":"https:\/\/api.w.org\/{rel}","templated":true}]}}