{"id":8771,"date":"2021-05-03T06:19:57","date_gmt":"2021-05-03T11:19:57","guid":{"rendered":"https:\/\/latienditadesanjose.com\/?post_type=product&#038;p=8771"},"modified":"2024-04-18T16:41:51","modified_gmt":"2024-04-18T21:41:51","slug":"peluche-virgen-maria-auxiliadora","status":"publish","type":"product","link":"https:\/\/latienditadesanjose.com\/index.php\/producto\/peluche-virgen-maria-auxiliadora\/","title":{"rendered":"Peluche Virgen Mar\u00eda Auxiliadora"},"content":{"rendered":"<ul>\n<li>Elaborado con microfibra, relleno 100% poli\u00e9ster.<\/li>\n<li>Viene en una hermosa caja lista para regalar.<\/li>\n<li>Tama\u00f1o: 30 cm alto (Virgen) + 4 cm alto (corona)<\/li>\n<li>Recomendado a partir de los 3+ a\u00f1os.<\/li>\n<\/ul>\n<p><em>Dise\u00f1o de Virgen Mar\u00eda Auxiliadora cuenta con registro de Derecho de autor.<\/em><\/p>\n<p>&nbsp;<\/p>\n","protected":false},"excerpt":{"rendered":"<p><span style=\"color: #333399;\">Con su suavidad y acogedor dise\u00f1o, de seguro se convertir\u00e1 en la Virgencita preferida de tu peque\u00f1o\/a. Hemos cuidado los detalles iconogr\u00e1ficos m\u00e1s representativos de esta hermosa advocaci\u00f3n Mariana, por lo que resultar\u00e1 ser la forma m\u00e1s divertida para aprender sobre los misterios, apariciones, dones o atributos, circunstancias hist\u00f3ricas o geogr\u00e1ficas que realiz\u00f3\u00a0 la Virgen Mar\u00eda en la advocaci\u00f3n de Mar\u00eda Auxiliadora y sobre todo ense\u00f1ar amar a nuestra Reina Celestial desde muy temprana edad.<\/span><\/p>\n<p><span style=\"color: #333399;\">Muchos amamos a la Virgen Mari\u0301a, pero la llamamos o advocamos con un nombre distinto, refirie\u0301ndonos a la manera en que Mari\u0301a quiso manifestarse en ese lugar. Tambie\u0301n por eso se fabrican distintas ima\u0301genes, se las visten y se las pintan de diferentes formas.<\/span><br \/>\n<span style=\"color: #333399;\">\u2800\u2800\u2800\u2800\u2800\u2800\u2800\u2800\u2800<\/span><br \/>\n<span style=\"color: #333399;\">Es decir\u00a0<strong>no hay multitud de vi\u0301rgenes, hay una sola Virgen<\/strong>; se le otorgan distintos nombres y ti\u0301tulos de acuerdo al lugar de devocio\u0301n, aparicio\u0301n o patronazgo.<\/span><\/p>\n","protected":false},"featured_media":8772,"comment_status":"open","ping_status":"closed","template":"","meta":{"_editorskit_title_hidden":false,"_editorskit_reading_time":0,"kt_blocks_editor_width":"","_kad_post_transparent":"default","_kad_post_title":"","_kad_post_layout":"default","_kad_post_sidebar_id":"","_kad_post_content_style":"default","_kad_post_vertical_padding":"default","_kad_post_feature":"","_kad_post_feature_position":"","_kad_post_header":false,"_kad_post_footer":false},"yoast_head":"<!-- This site is optimized with the Yoast SEO plugin v22.6 - https:\/\/yoast.com\/wordpress\/plugins\/seo\/ -->\n<title>Peluche Virgen Mar\u00eda Auxiliadora - LA TIENDITA DE SAN JOS\u00c9<\/title>\n<meta name=\"robots\" content=\"index, follow, max-snippet:-1, max-image-preview:large, max-video-preview:-1\" \/>\n<link rel=\"canonical\" href=\"https:\/\/latienditadesanjose.com\/index.php\/producto\/peluche-virgen-maria-auxiliadora\/\" \/>\n<meta property=\"og:locale\" content=\"es_ES\" \/>\n<meta property=\"og:type\" content=\"article\" \/>\n<meta property=\"og:title\" content=\"Peluche Virgen Mar\u00eda Auxiliadora - LA TIENDITA DE SAN JOS\u00c9\" \/>\n<meta property=\"og:description\" content=\"Con su suavidad y acogedor dise\u00f1o, de seguro se convertir\u00e1 en la Virgencita preferida de tu peque\u00f1o\/a. Hemos cuidado los detalles iconogr\u00e1ficos m\u00e1s representativos de esta hermosa advocaci\u00f3n Mariana, por lo que resultar\u00e1 ser la forma m\u00e1s divertida para aprender sobre los misterios, apariciones, dones o atributos, circunstancias hist\u00f3ricas o geogr\u00e1ficas que realiz\u00f3\u00a0 la Virgen Mar\u00eda en la advocaci\u00f3n de Mar\u00eda Auxiliadora y sobre todo ense\u00f1ar amar a nuestra Reina Celestial desde muy temprana edad.  Muchos amamos a la Virgen Mari\u0301a, pero la llamamos o advocamos con un nombre distinto, refirie\u0301ndonos a la manera en que Mari\u0301a quiso manifestarse en ese lugar. Tambie\u0301n por eso se fabrican distintas ima\u0301genes, se las visten y se las pintan de diferentes formas. \u2800\u2800\u2800\u2800\u2800\u2800\u2800\u2800\u2800 Es decir\u00a0no hay multitud de vi\u0301rgenes, hay una sola Virgen; se le otorgan distintos nombres y ti\u0301tulos de acuerdo al lugar de devocio\u0301n, aparicio\u0301n o patronazgo.\" \/>\n<meta property=\"og:url\" content=\"https:\/\/latienditadesanjose.com\/index.php\/producto\/peluche-virgen-maria-auxiliadora\/\" \/>\n<meta property=\"og:site_name\" content=\"LA TIENDITA DE SAN JOS\u00c9\" \/>\n<meta property=\"article:modified_time\" content=\"2024-04-18T21:41:51+00:00\" \/>\n<meta property=\"og:image\" content=\"https:\/\/latienditadesanjose.com\/wp-content\/uploads\/2021\/05\/020.png\" \/>\n\t<meta property=\"og:image:width\" content=\"1000\" \/>\n\t<meta property=\"og:image:height\" content=\"1000\" \/>\n\t<meta property=\"og:image:type\" content=\"image\/png\" \/>\n<meta name=\"twitter:card\" content=\"summary_large_image\" \/>\n<meta name=\"twitter:label1\" content=\"Tiempo de lectura\" \/>\n\t<meta name=\"twitter:data1\" content=\"1 minuto\" \/>\n<script type=\"application\/ld+json\" class=\"yoast-schema-graph\">{\"@context\":\"https:\/\/schema.org\",\"@graph\":[{\"@type\":\"WebPage\",\"@id\":\"https:\/\/latienditadesanjose.com\/index.php\/producto\/peluche-virgen-maria-auxiliadora\/\",\"url\":\"https:\/\/latienditadesanjose.com\/index.php\/producto\/peluche-virgen-maria-auxiliadora\/\",\"name\":\"Peluche Virgen Mar\u00eda Auxiliadora - LA TIENDITA DE SAN JOS\u00c9\",\"isPartOf\":{\"@id\":\"https:\/\/latienditadesanjose.com\/#website\"},\"primaryImageOfPage\":{\"@id\":\"https:\/\/latienditadesanjose.com\/index.php\/producto\/peluche-virgen-maria-auxiliadora\/#primaryimage\"},\"image\":{\"@id\":\"https:\/\/latienditadesanjose.com\/index.php\/producto\/peluche-virgen-maria-auxiliadora\/#primaryimage\"},\"thumbnailUrl\":\"https:\/\/latienditadesanjose.com\/wp-content\/uploads\/2021\/05\/020.png\",\"datePublished\":\"2021-05-03T11:19:57+00:00\",\"dateModified\":\"2024-04-18T21:41:51+00:00\",\"breadcrumb\":{\"@id\":\"https:\/\/latienditadesanjose.com\/index.php\/producto\/peluche-virgen-maria-auxiliadora\/#breadcrumb\"},\"inLanguage\":\"es\",\"potentialAction\":[{\"@type\":\"ReadAction\",\"target\":[\"https:\/\/latienditadesanjose.com\/index.php\/producto\/peluche-virgen-maria-auxiliadora\/\"]}]},{\"@type\":\"ImageObject\",\"inLanguage\":\"es\",\"@id\":\"https:\/\/latienditadesanjose.com\/index.php\/producto\/peluche-virgen-maria-auxiliadora\/#primaryimage\",\"url\":\"https:\/\/latienditadesanjose.com\/wp-content\/uploads\/2021\/05\/020.png\",\"contentUrl\":\"https:\/\/latienditadesanjose.com\/wp-content\/uploads\/2021\/05\/020.png\",\"width\":1000,\"height\":1000},{\"@type\":\"BreadcrumbList\",\"@id\":\"https:\/\/latienditadesanjose.com\/index.php\/producto\/peluche-virgen-maria-auxiliadora\/#breadcrumb\",\"itemListElement\":[{\"@type\":\"ListItem\",\"position\":1,\"name\":\"Portada\",\"item\":\"https:\/\/latienditadesanjose.com\/\"},{\"@type\":\"ListItem\",\"position\":2,\"name\":\"Tienda\",\"item\":\"https:\/\/latienditadesanjose.com\/index.php\/shop\/\"},{\"@type\":\"ListItem\",\"position\":3,\"name\":\"Peluche Virgen Mar\u00eda Auxiliadora\"}]},{\"@type\":\"WebSite\",\"@id\":\"https:\/\/latienditadesanjose.com\/#website\",\"url\":\"https:\/\/latienditadesanjose.com\/\",\"name\":\"LA TIENDITA DE SAN JOS\u00c9\",\"description\":\"Tienda cat\u00f3lica online\",\"publisher\":{\"@id\":\"https:\/\/latienditadesanjose.com\/#organization\"},\"potentialAction\":[{\"@type\":\"SearchAction\",\"target\":{\"@type\":\"EntryPoint\",\"urlTemplate\":\"https:\/\/latienditadesanjose.com\/?s={search_term_string}\"},\"query-input\":\"required name=search_term_string\"}],\"inLanguage\":\"es\"},{\"@type\":\"Organization\",\"@id\":\"https:\/\/latienditadesanjose.com\/#organization\",\"name\":\"La tiendita San Jos\u00e9\",\"url\":\"https:\/\/latienditadesanjose.com\/\",\"logo\":{\"@type\":\"ImageObject\",\"inLanguage\":\"es\",\"@id\":\"https:\/\/latienditadesanjose.com\/#\/schema\/logo\/image\/\",\"url\":\"https:\/\/latienditadesanjose.com\/wp-content\/uploads\/2024\/03\/cropped-LOGO.png\",\"contentUrl\":\"https:\/\/latienditadesanjose.com\/wp-content\/uploads\/2024\/03\/cropped-LOGO.png\",\"width\":694,\"height\":254,\"caption\":\"La tiendita San Jos\u00e9\"},\"image\":{\"@id\":\"https:\/\/latienditadesanjose.com\/#\/schema\/logo\/image\/\"}}]}<\/script>\n<!-- \/ Yoast SEO plugin. -->","yoast_head_json":{"title":"Peluche Virgen Mar\u00eda Auxiliadora - LA TIENDITA DE SAN JOS\u00c9","robots":{"index":"index","follow":"follow","max-snippet":"max-snippet:-1","max-image-preview":"max-image-preview:large","max-video-preview":"max-video-preview:-1"},"canonical":"https:\/\/latienditadesanjose.com\/index.php\/producto\/peluche-virgen-maria-auxiliadora\/","og_locale":"es_ES","og_type":"article","og_title":"Peluche Virgen Mar\u00eda Auxiliadora - LA TIENDITA DE SAN JOS\u00c9","og_description":"Con su suavidad y acogedor dise\u00f1o, de seguro se convertir\u00e1 en la Virgencita preferida de tu peque\u00f1o\/a. Hemos cuidado los detalles iconogr\u00e1ficos m\u00e1s representativos de esta hermosa advocaci\u00f3n Mariana, por lo que resultar\u00e1 ser la forma m\u00e1s divertida para aprender sobre los misterios, apariciones, dones o atributos, circunstancias hist\u00f3ricas o geogr\u00e1ficas que realiz\u00f3\u00a0 la Virgen Mar\u00eda en la advocaci\u00f3n de Mar\u00eda Auxiliadora y sobre todo ense\u00f1ar amar a nuestra Reina Celestial desde muy temprana edad.  Muchos amamos a la Virgen Mari\u0301a, pero la llamamos o advocamos con un nombre distinto, refirie\u0301ndonos a la manera en que Mari\u0301a quiso manifestarse en ese lugar. Tambie\u0301n por eso se fabrican distintas ima\u0301genes, se las visten y se las pintan de diferentes formas. \u2800\u2800\u2800\u2800\u2800\u2800\u2800\u2800\u2800 Es decir\u00a0no hay multitud de vi\u0301rgenes, hay una sola Virgen; se le otorgan distintos nombres y ti\u0301tulos de acuerdo al lugar de devocio\u0301n, aparicio\u0301n o patronazgo.","og_url":"https:\/\/latienditadesanjose.com\/index.php\/producto\/peluche-virgen-maria-auxiliadora\/","og_site_name":"LA TIENDITA DE SAN JOS\u00c9","article_modified_time":"2024-04-18T21:41:51+00:00","og_image":[{"width":1000,"height":1000,"url":"https:\/\/latienditadesanjose.com\/wp-content\/uploads\/2021\/05\/020.png","type":"image\/png"}],"twitter_card":"summary_large_image","twitter_misc":{"Tiempo de lectura":"1 minuto"},"schema":{"@context":"https:\/\/schema.org","@graph":[{"@type":"WebPage","@id":"https:\/\/latienditadesanjose.com\/index.php\/producto\/peluche-virgen-maria-auxiliadora\/","url":"https:\/\/latienditadesanjose.com\/index.php\/producto\/peluche-virgen-maria-auxiliadora\/","name":"Peluche Virgen Mar\u00eda Auxiliadora - LA TIENDITA DE SAN JOS\u00c9","isPartOf":{"@id":"https:\/\/latienditadesanjose.com\/#website"},"primaryImageOfPage":{"@id":"https:\/\/latienditadesanjose.com\/index.php\/producto\/peluche-virgen-maria-auxiliadora\/#primaryimage"},"image":{"@id":"https:\/\/latienditadesanjose.com\/index.php\/producto\/peluche-virgen-maria-auxiliadora\/#primaryimage"},"thumbnailUrl":"https:\/\/latienditadesanjose.com\/wp-content\/uploads\/2021\/05\/020.png","datePublished":"2021-05-03T11:19:57+00:00","dateModified":"2024-04-18T21:41:51+00:00","breadcrumb":{"@id":"https:\/\/latienditadesanjose.com\/index.php\/producto\/peluche-virgen-maria-auxiliadora\/#breadcrumb"},"inLanguage":"es","potentialAction":[{"@type":"ReadAction","target":["https:\/\/latienditadesanjose.com\/index.php\/producto\/peluche-virgen-maria-auxiliadora\/"]}]},{"@type":"ImageObject","inLanguage":"es","@id":"https:\/\/latienditadesanjose.com\/index.php\/producto\/peluche-virgen-maria-auxiliadora\/#primaryimage","url":"https:\/\/latienditadesanjose.com\/wp-content\/uploads\/2021\/05\/020.png","contentUrl":"https:\/\/latienditadesanjose.com\/wp-content\/uploads\/2021\/05\/020.png","width":1000,"height":1000},{"@type":"BreadcrumbList","@id":"https:\/\/latienditadesanjose.com\/index.php\/producto\/peluche-virgen-maria-auxiliadora\/#breadcrumb","itemListElement":[{"@type":"ListItem","position":1,"name":"Portada","item":"https:\/\/latienditadesanjose.com\/"},{"@type":"ListItem","position":2,"name":"Tienda","item":"https:\/\/latienditadesanjose.com\/index.php\/shop\/"},{"@type":"ListItem","position":3,"name":"Peluche Virgen Mar\u00eda Auxiliadora"}]},{"@type":"WebSite","@id":"https:\/\/latienditadesanjose.com\/#website","url":"https:\/\/latienditadesanjose.com\/","name":"LA TIENDITA DE SAN JOS\u00c9","description":"Tienda cat\u00f3lica online","publisher":{"@id":"https:\/\/latienditadesanjose.com\/#organization"},"potentialAction":[{"@type":"SearchAction","target":{"@type":"EntryPoint","urlTemplate":"https:\/\/latienditadesanjose.com\/?s={search_term_string}"},"query-input":"required name=search_term_string"}],"inLanguage":"es"},{"@type":"Organization","@id":"https:\/\/latienditadesanjose.com\/#organization","name":"La tiendita San Jos\u00e9","url":"https:\/\/latienditadesanjose.com\/","logo":{"@type":"ImageObject","inLanguage":"es","@id":"https:\/\/latienditadesanjose.com\/#\/schema\/logo\/image\/","url":"https:\/\/latienditadesanjose.com\/wp-content\/uploads\/2024\/03\/cropped-LOGO.png","contentUrl":"https:\/\/latienditadesanjose.com\/wp-content\/uploads\/2024\/03\/cropped-LOGO.png","width":694,"height":254,"caption":"La tiendita San Jos\u00e9"},"image":{"@id":"https:\/\/latienditadesanjose.com\/#\/schema\/logo\/image\/"}}]}},"_links":{"self":[{"href":"https:\/\/latienditadesanjose.com\/index.php\/wp-json\/wp\/v2\/product\/8771"}],"collection":[{"href":"https:\/\/latienditadesanjose.com\/index.php\/wp-json\/wp\/v2\/product"}],"about":[{"href":"https:\/\/latienditadesanjose.com\/index.php\/wp-json\/wp\/v2\/types\/product"}],"replies":[{"embeddable":true,"href":"https:\/\/latienditadesanjose.com\/index.php\/wp-json\/wp\/v2\/comments?post=8771"}],"wp:featuredmedia":[{"embeddable":true,"href":"https:\/\/latienditadesanjose.com\/index.php\/wp-json\/wp\/v2\/media\/8772"}],"wp:attachment":[{"href":"https:\/\/latienditadesanjose.com\/index.php\/wp-json\/wp\/v2\/media?parent=8771"}],"curies":[{"name":"wp","href":"https:\/\/api.w.org\/{rel}","templated":true}]}}