{"id":9844,"date":"2022-02-09T15:11:05","date_gmt":"2022-02-09T20:11:05","guid":{"rendered":"https:\/\/latienditadesanjose.com\/?post_type=product&#038;p=9844"},"modified":"2024-04-22T11:25:13","modified_gmt":"2024-04-22T16:25:13","slug":"jesus-confio-en-ti","status":"publish","type":"product","link":"https:\/\/latienditadesanjose.com\/index.php\/producto\/jesus-confio-en-ti\/","title":{"rendered":"JES\u00daS CONF\u00cdO EN TI"},"content":{"rendered":"<p><em><strong>Autor:<\/strong> <\/em>Santa Faustina Kowalska<\/p>\n<p>&nbsp;<\/p>\n","protected":false},"excerpt":{"rendered":"<p>\u201cNuestro siglo ha sido marcado en manera peculiar por el anuncio de la misericordia de Dios lo que caracteriza a nuestro siglo es rechazado del pecado, no en el sentido de que no se peca, sino en el sentido de que el pecado no existe. Suele decirse que no hay pecado, como al igual que no hay Dios, o por los menos que no se ocupa de nosotros. Este quiz\u00e1s es el pecado m\u00e1s grande. Este es el pecado de nuestro tiempo contra el Esp\u00edritu Santo. El hombre no se doblega ante Dios y dice \u201cno tengo necesidad de tu misericordia, pues soy un hombre justo, me basta mi conciencia\u201d<\/p>\n","protected":false},"featured_media":9845,"comment_status":"open","ping_status":"closed","template":"","meta":{"_editorskit_title_hidden":false,"_editorskit_reading_time":0,"kt_blocks_editor_width":"","_kad_post_transparent":"default","_kad_post_title":"","_kad_post_layout":"default","_kad_post_sidebar_id":"","_kad_post_content_style":"default","_kad_post_vertical_padding":"default","_kad_post_feature":"","_kad_post_feature_position":"","_kad_post_header":false,"_kad_post_footer":false},"yoast_head":"<!-- This site is optimized with the Yoast SEO plugin v22.6 - https:\/\/yoast.com\/wordpress\/plugins\/seo\/ -->\n<title>JES\u00daS CONF\u00cdO EN TI - LA TIENDITA DE SAN JOS\u00c9<\/title>\n<meta name=\"robots\" content=\"index, follow, max-snippet:-1, max-image-preview:large, max-video-preview:-1\" \/>\n<link rel=\"canonical\" href=\"https:\/\/latienditadesanjose.com\/index.php\/producto\/jesus-confio-en-ti\/\" \/>\n<meta property=\"og:locale\" content=\"es_ES\" \/>\n<meta property=\"og:type\" content=\"article\" \/>\n<meta property=\"og:title\" content=\"JES\u00daS CONF\u00cdO EN TI - LA TIENDITA DE SAN JOS\u00c9\" \/>\n<meta property=\"og:description\" content=\"\u201cNuestro siglo ha sido marcado en manera peculiar por el anuncio de la misericordia de Dios lo que caracteriza a nuestro siglo es rechazado del pecado, no en el sentido de que no se peca, sino en el sentido de que el pecado no existe. Suele decirse que no hay pecado, como al igual que no hay Dios, o por los menos que no se ocupa de nosotros. Este quiz\u00e1s es el pecado m\u00e1s grande. Este es el pecado de nuestro tiempo contra el Esp\u00edritu Santo. El hombre no se doblega ante Dios y dice \u201cno tengo necesidad de tu misericordia, pues soy un hombre justo, me basta mi conciencia\u201d\" \/>\n<meta property=\"og:url\" content=\"https:\/\/latienditadesanjose.com\/index.php\/producto\/jesus-confio-en-ti\/\" \/>\n<meta property=\"og:site_name\" content=\"LA TIENDITA DE SAN JOS\u00c9\" \/>\n<meta property=\"article:modified_time\" content=\"2024-04-22T16:25:13+00:00\" \/>\n<meta property=\"og:image\" content=\"https:\/\/latienditadesanjose.com\/wp-content\/uploads\/2022\/02\/1.png\" \/>\n\t<meta property=\"og:image:width\" content=\"1000\" \/>\n\t<meta property=\"og:image:height\" content=\"1000\" \/>\n\t<meta property=\"og:image:type\" content=\"image\/png\" \/>\n<meta name=\"twitter:card\" content=\"summary_large_image\" \/>\n<script type=\"application\/ld+json\" class=\"yoast-schema-graph\">{\"@context\":\"https:\/\/schema.org\",\"@graph\":[{\"@type\":\"WebPage\",\"@id\":\"https:\/\/latienditadesanjose.com\/index.php\/producto\/jesus-confio-en-ti\/\",\"url\":\"https:\/\/latienditadesanjose.com\/index.php\/producto\/jesus-confio-en-ti\/\",\"name\":\"JES\u00daS CONF\u00cdO EN TI - LA TIENDITA DE SAN JOS\u00c9\",\"isPartOf\":{\"@id\":\"https:\/\/latienditadesanjose.com\/#website\"},\"primaryImageOfPage\":{\"@id\":\"https:\/\/latienditadesanjose.com\/index.php\/producto\/jesus-confio-en-ti\/#primaryimage\"},\"image\":{\"@id\":\"https:\/\/latienditadesanjose.com\/index.php\/producto\/jesus-confio-en-ti\/#primaryimage\"},\"thumbnailUrl\":\"https:\/\/latienditadesanjose.com\/wp-content\/uploads\/2022\/02\/1.png\",\"datePublished\":\"2022-02-09T20:11:05+00:00\",\"dateModified\":\"2024-04-22T16:25:13+00:00\",\"breadcrumb\":{\"@id\":\"https:\/\/latienditadesanjose.com\/index.php\/producto\/jesus-confio-en-ti\/#breadcrumb\"},\"inLanguage\":\"es\",\"potentialAction\":[{\"@type\":\"ReadAction\",\"target\":[\"https:\/\/latienditadesanjose.com\/index.php\/producto\/jesus-confio-en-ti\/\"]}]},{\"@type\":\"ImageObject\",\"inLanguage\":\"es\",\"@id\":\"https:\/\/latienditadesanjose.com\/index.php\/producto\/jesus-confio-en-ti\/#primaryimage\",\"url\":\"https:\/\/latienditadesanjose.com\/wp-content\/uploads\/2022\/02\/1.png\",\"contentUrl\":\"https:\/\/latienditadesanjose.com\/wp-content\/uploads\/2022\/02\/1.png\",\"width\":1000,\"height\":1000},{\"@type\":\"BreadcrumbList\",\"@id\":\"https:\/\/latienditadesanjose.com\/index.php\/producto\/jesus-confio-en-ti\/#breadcrumb\",\"itemListElement\":[{\"@type\":\"ListItem\",\"position\":1,\"name\":\"Portada\",\"item\":\"https:\/\/latienditadesanjose.com\/\"},{\"@type\":\"ListItem\",\"position\":2,\"name\":\"Tienda\",\"item\":\"https:\/\/latienditadesanjose.com\/index.php\/shop\/\"},{\"@type\":\"ListItem\",\"position\":3,\"name\":\"JES\u00daS CONF\u00cdO EN TI\"}]},{\"@type\":\"WebSite\",\"@id\":\"https:\/\/latienditadesanjose.com\/#website\",\"url\":\"https:\/\/latienditadesanjose.com\/\",\"name\":\"LA TIENDITA DE SAN JOS\u00c9\",\"description\":\"Tienda cat\u00f3lica online\",\"publisher\":{\"@id\":\"https:\/\/latienditadesanjose.com\/#organization\"},\"potentialAction\":[{\"@type\":\"SearchAction\",\"target\":{\"@type\":\"EntryPoint\",\"urlTemplate\":\"https:\/\/latienditadesanjose.com\/?s={search_term_string}\"},\"query-input\":\"required name=search_term_string\"}],\"inLanguage\":\"es\"},{\"@type\":\"Organization\",\"@id\":\"https:\/\/latienditadesanjose.com\/#organization\",\"name\":\"La tiendita San Jos\u00e9\",\"url\":\"https:\/\/latienditadesanjose.com\/\",\"logo\":{\"@type\":\"ImageObject\",\"inLanguage\":\"es\",\"@id\":\"https:\/\/latienditadesanjose.com\/#\/schema\/logo\/image\/\",\"url\":\"https:\/\/latienditadesanjose.com\/wp-content\/uploads\/2024\/03\/cropped-LOGO.png\",\"contentUrl\":\"https:\/\/latienditadesanjose.com\/wp-content\/uploads\/2024\/03\/cropped-LOGO.png\",\"width\":694,\"height\":254,\"caption\":\"La tiendita San Jos\u00e9\"},\"image\":{\"@id\":\"https:\/\/latienditadesanjose.com\/#\/schema\/logo\/image\/\"}}]}<\/script>\n<!-- \/ Yoast SEO plugin. -->","yoast_head_json":{"title":"JES\u00daS CONF\u00cdO EN TI - LA TIENDITA DE SAN JOS\u00c9","robots":{"index":"index","follow":"follow","max-snippet":"max-snippet:-1","max-image-preview":"max-image-preview:large","max-video-preview":"max-video-preview:-1"},"canonical":"https:\/\/latienditadesanjose.com\/index.php\/producto\/jesus-confio-en-ti\/","og_locale":"es_ES","og_type":"article","og_title":"JES\u00daS CONF\u00cdO EN TI - LA TIENDITA DE SAN JOS\u00c9","og_description":"\u201cNuestro siglo ha sido marcado en manera peculiar por el anuncio de la misericordia de Dios lo que caracteriza a nuestro siglo es rechazado del pecado, no en el sentido de que no se peca, sino en el sentido de que el pecado no existe. Suele decirse que no hay pecado, como al igual que no hay Dios, o por los menos que no se ocupa de nosotros. Este quiz\u00e1s es el pecado m\u00e1s grande. Este es el pecado de nuestro tiempo contra el Esp\u00edritu Santo. El hombre no se doblega ante Dios y dice \u201cno tengo necesidad de tu misericordia, pues soy un hombre justo, me basta mi conciencia\u201d","og_url":"https:\/\/latienditadesanjose.com\/index.php\/producto\/jesus-confio-en-ti\/","og_site_name":"LA TIENDITA DE SAN JOS\u00c9","article_modified_time":"2024-04-22T16:25:13+00:00","og_image":[{"width":1000,"height":1000,"url":"https:\/\/latienditadesanjose.com\/wp-content\/uploads\/2022\/02\/1.png","type":"image\/png"}],"twitter_card":"summary_large_image","schema":{"@context":"https:\/\/schema.org","@graph":[{"@type":"WebPage","@id":"https:\/\/latienditadesanjose.com\/index.php\/producto\/jesus-confio-en-ti\/","url":"https:\/\/latienditadesanjose.com\/index.php\/producto\/jesus-confio-en-ti\/","name":"JES\u00daS CONF\u00cdO EN TI - LA TIENDITA DE SAN JOS\u00c9","isPartOf":{"@id":"https:\/\/latienditadesanjose.com\/#website"},"primaryImageOfPage":{"@id":"https:\/\/latienditadesanjose.com\/index.php\/producto\/jesus-confio-en-ti\/#primaryimage"},"image":{"@id":"https:\/\/latienditadesanjose.com\/index.php\/producto\/jesus-confio-en-ti\/#primaryimage"},"thumbnailUrl":"https:\/\/latienditadesanjose.com\/wp-content\/uploads\/2022\/02\/1.png","datePublished":"2022-02-09T20:11:05+00:00","dateModified":"2024-04-22T16:25:13+00:00","breadcrumb":{"@id":"https:\/\/latienditadesanjose.com\/index.php\/producto\/jesus-confio-en-ti\/#breadcrumb"},"inLanguage":"es","potentialAction":[{"@type":"ReadAction","target":["https:\/\/latienditadesanjose.com\/index.php\/producto\/jesus-confio-en-ti\/"]}]},{"@type":"ImageObject","inLanguage":"es","@id":"https:\/\/latienditadesanjose.com\/index.php\/producto\/jesus-confio-en-ti\/#primaryimage","url":"https:\/\/latienditadesanjose.com\/wp-content\/uploads\/2022\/02\/1.png","contentUrl":"https:\/\/latienditadesanjose.com\/wp-content\/uploads\/2022\/02\/1.png","width":1000,"height":1000},{"@type":"BreadcrumbList","@id":"https:\/\/latienditadesanjose.com\/index.php\/producto\/jesus-confio-en-ti\/#breadcrumb","itemListElement":[{"@type":"ListItem","position":1,"name":"Portada","item":"https:\/\/latienditadesanjose.com\/"},{"@type":"ListItem","position":2,"name":"Tienda","item":"https:\/\/latienditadesanjose.com\/index.php\/shop\/"},{"@type":"ListItem","position":3,"name":"JES\u00daS CONF\u00cdO EN TI"}]},{"@type":"WebSite","@id":"https:\/\/latienditadesanjose.com\/#website","url":"https:\/\/latienditadesanjose.com\/","name":"LA TIENDITA DE SAN JOS\u00c9","description":"Tienda cat\u00f3lica online","publisher":{"@id":"https:\/\/latienditadesanjose.com\/#organization"},"potentialAction":[{"@type":"SearchAction","target":{"@type":"EntryPoint","urlTemplate":"https:\/\/latienditadesanjose.com\/?s={search_term_string}"},"query-input":"required name=search_term_string"}],"inLanguage":"es"},{"@type":"Organization","@id":"https:\/\/latienditadesanjose.com\/#organization","name":"La tiendita San Jos\u00e9","url":"https:\/\/latienditadesanjose.com\/","logo":{"@type":"ImageObject","inLanguage":"es","@id":"https:\/\/latienditadesanjose.com\/#\/schema\/logo\/image\/","url":"https:\/\/latienditadesanjose.com\/wp-content\/uploads\/2024\/03\/cropped-LOGO.png","contentUrl":"https:\/\/latienditadesanjose.com\/wp-content\/uploads\/2024\/03\/cropped-LOGO.png","width":694,"height":254,"caption":"La tiendita San Jos\u00e9"},"image":{"@id":"https:\/\/latienditadesanjose.com\/#\/schema\/logo\/image\/"}}]}},"_links":{"self":[{"href":"https:\/\/latienditadesanjose.com\/index.php\/wp-json\/wp\/v2\/product\/9844"}],"collection":[{"href":"https:\/\/latienditadesanjose.com\/index.php\/wp-json\/wp\/v2\/product"}],"about":[{"href":"https:\/\/latienditadesanjose.com\/index.php\/wp-json\/wp\/v2\/types\/product"}],"replies":[{"embeddable":true,"href":"https:\/\/latienditadesanjose.com\/index.php\/wp-json\/wp\/v2\/comments?post=9844"}],"wp:featuredmedia":[{"embeddable":true,"href":"https:\/\/latienditadesanjose.com\/index.php\/wp-json\/wp\/v2\/media\/9845"}],"wp:attachment":[{"href":"https:\/\/latienditadesanjose.com\/index.php\/wp-json\/wp\/v2\/media?parent=9844"}],"curies":[{"name":"wp","href":"https:\/\/api.w.org\/{rel}","templated":true}]}}