{"id":9908,"date":"2022-02-22T12:44:54","date_gmt":"2022-02-22T17:44:54","guid":{"rendered":"https:\/\/latienditadesanjose.com\/?post_type=product&#038;p=9908"},"modified":"2024-04-22T10:46:12","modified_gmt":"2024-04-22T15:46:12","slug":"pureza-del-corazon","status":"publish","type":"product","link":"https:\/\/latienditadesanjose.com\/index.php\/producto\/pureza-del-corazon\/","title":{"rendered":"LA PUREZA DEL CORAZON"},"content":{"rendered":"","protected":false},"excerpt":{"rendered":"<p>En este escrito deseamos entrar en la escuela de los monjes que vivieron entre los siglos tercero y sexto de nuestra era. Estos monjes asentaron toda su vida \u00fanicamente en Dios. Ellos intentaron purificarse cada vez m\u00e1s con el objetivo de estar preparados para el encuentro con Dios. Cuando hablan de su b\u00fasqueda de Dios, siempre surge el concepto de la \u201cpureza del coraz\u00f3n\u201d. Esta significaba, para ellos, la condici\u00f3n psicol\u00f3gica que el ser humano debe desarrollar en s\u00ed mismo, cuando realmente desea buscar a Dios y verlo, tener una experiencia de \u00c9l. La pureza del coraz\u00f3n es un concepto central en la espiritualidad mon\u00e1stica. En nuestra opini\u00f3n, el an\u00e1lisis de este concepto puede brindar claridad a la discusi\u00f3n que se ha desencadenado hoy d\u00eda respecto a los distintos m\u00e9todos de meditaci\u00f3n. Este an\u00e1lisis saca a la luz un aspecto que es descuidado o simplemente ignorado por muchas personas, quienes se esfuerzan en meditar.<\/p>\n<p><em><strong>Autor:<\/strong><\/em> ANSELM GR\u00dcN<\/p>\n","protected":false},"featured_media":9857,"comment_status":"open","ping_status":"closed","template":"","meta":{"_editorskit_title_hidden":false,"_editorskit_reading_time":0,"kt_blocks_editor_width":"","_kad_post_transparent":"default","_kad_post_title":"","_kad_post_layout":"default","_kad_post_sidebar_id":"","_kad_post_content_style":"default","_kad_post_vertical_padding":"default","_kad_post_feature":"","_kad_post_feature_position":"","_kad_post_header":false,"_kad_post_footer":false},"yoast_head":"<!-- This site is optimized with the Yoast SEO plugin v22.6 - https:\/\/yoast.com\/wordpress\/plugins\/seo\/ -->\n<title>LA PUREZA DEL CORAZON - LA TIENDITA DE SAN JOS\u00c9<\/title>\n<meta name=\"robots\" content=\"index, follow, max-snippet:-1, max-image-preview:large, max-video-preview:-1\" \/>\n<link rel=\"canonical\" href=\"https:\/\/latienditadesanjose.com\/index.php\/producto\/pureza-del-corazon\/\" \/>\n<meta property=\"og:locale\" content=\"es_ES\" \/>\n<meta property=\"og:type\" content=\"article\" \/>\n<meta property=\"og:title\" content=\"LA PUREZA DEL CORAZON - LA TIENDITA DE SAN JOS\u00c9\" \/>\n<meta property=\"og:description\" content=\"En este escrito deseamos entrar en la escuela de los monjes que vivieron entre los siglos tercero y sexto de nuestra era. Estos monjes asentaron toda su vida \u00fanicamente en Dios. Ellos intentaron purificarse cada vez m\u00e1s con el objetivo de estar preparados para el encuentro con Dios. Cuando hablan de su b\u00fasqueda de Dios, siempre surge el concepto de la \u201cpureza del coraz\u00f3n\u201d. Esta significaba, para ellos, la condici\u00f3n psicol\u00f3gica que el ser humano debe desarrollar en s\u00ed mismo, cuando realmente desea buscar a Dios y verlo, tener una experiencia de \u00c9l. La pureza del coraz\u00f3n es un concepto central en la espiritualidad mon\u00e1stica. En nuestra opini\u00f3n, el an\u00e1lisis de este concepto puede brindar claridad a la discusi\u00f3n que se ha desencadenado hoy d\u00eda respecto a los distintos m\u00e9todos de meditaci\u00f3n. Este an\u00e1lisis saca a la luz un aspecto que es descuidado o simplemente ignorado por muchas personas, quienes se esfuerzan en meditar.  Autor: ANSELM GR\u00dcN\" \/>\n<meta property=\"og:url\" content=\"https:\/\/latienditadesanjose.com\/index.php\/producto\/pureza-del-corazon\/\" \/>\n<meta property=\"og:site_name\" content=\"LA TIENDITA DE SAN JOS\u00c9\" \/>\n<meta property=\"article:modified_time\" content=\"2024-04-22T15:46:12+00:00\" \/>\n<meta property=\"og:image\" content=\"https:\/\/latienditadesanjose.com\/wp-content\/uploads\/2022\/02\/13.png\" \/>\n\t<meta property=\"og:image:width\" content=\"1000\" \/>\n\t<meta property=\"og:image:height\" content=\"1000\" \/>\n\t<meta property=\"og:image:type\" content=\"image\/png\" \/>\n<meta name=\"twitter:card\" content=\"summary_large_image\" \/>\n<meta name=\"twitter:label1\" content=\"Tiempo de lectura\" \/>\n\t<meta name=\"twitter:data1\" content=\"1 minuto\" \/>\n<script type=\"application\/ld+json\" class=\"yoast-schema-graph\">{\"@context\":\"https:\/\/schema.org\",\"@graph\":[{\"@type\":\"WebPage\",\"@id\":\"https:\/\/latienditadesanjose.com\/index.php\/producto\/pureza-del-corazon\/\",\"url\":\"https:\/\/latienditadesanjose.com\/index.php\/producto\/pureza-del-corazon\/\",\"name\":\"LA PUREZA DEL CORAZON - LA TIENDITA DE SAN JOS\u00c9\",\"isPartOf\":{\"@id\":\"https:\/\/latienditadesanjose.com\/#website\"},\"primaryImageOfPage\":{\"@id\":\"https:\/\/latienditadesanjose.com\/index.php\/producto\/pureza-del-corazon\/#primaryimage\"},\"image\":{\"@id\":\"https:\/\/latienditadesanjose.com\/index.php\/producto\/pureza-del-corazon\/#primaryimage\"},\"thumbnailUrl\":\"https:\/\/latienditadesanjose.com\/wp-content\/uploads\/2022\/02\/13.png\",\"datePublished\":\"2022-02-22T17:44:54+00:00\",\"dateModified\":\"2024-04-22T15:46:12+00:00\",\"breadcrumb\":{\"@id\":\"https:\/\/latienditadesanjose.com\/index.php\/producto\/pureza-del-corazon\/#breadcrumb\"},\"inLanguage\":\"es\",\"potentialAction\":[{\"@type\":\"ReadAction\",\"target\":[\"https:\/\/latienditadesanjose.com\/index.php\/producto\/pureza-del-corazon\/\"]}]},{\"@type\":\"ImageObject\",\"inLanguage\":\"es\",\"@id\":\"https:\/\/latienditadesanjose.com\/index.php\/producto\/pureza-del-corazon\/#primaryimage\",\"url\":\"https:\/\/latienditadesanjose.com\/wp-content\/uploads\/2022\/02\/13.png\",\"contentUrl\":\"https:\/\/latienditadesanjose.com\/wp-content\/uploads\/2022\/02\/13.png\",\"width\":1000,\"height\":1000},{\"@type\":\"BreadcrumbList\",\"@id\":\"https:\/\/latienditadesanjose.com\/index.php\/producto\/pureza-del-corazon\/#breadcrumb\",\"itemListElement\":[{\"@type\":\"ListItem\",\"position\":1,\"name\":\"Portada\",\"item\":\"https:\/\/latienditadesanjose.com\/\"},{\"@type\":\"ListItem\",\"position\":2,\"name\":\"Tienda\",\"item\":\"https:\/\/latienditadesanjose.com\/index.php\/shop\/\"},{\"@type\":\"ListItem\",\"position\":3,\"name\":\"LA PUREZA DEL CORAZON\"}]},{\"@type\":\"WebSite\",\"@id\":\"https:\/\/latienditadesanjose.com\/#website\",\"url\":\"https:\/\/latienditadesanjose.com\/\",\"name\":\"LA TIENDITA DE SAN JOS\u00c9\",\"description\":\"Tienda cat\u00f3lica online\",\"publisher\":{\"@id\":\"https:\/\/latienditadesanjose.com\/#organization\"},\"potentialAction\":[{\"@type\":\"SearchAction\",\"target\":{\"@type\":\"EntryPoint\",\"urlTemplate\":\"https:\/\/latienditadesanjose.com\/?s={search_term_string}\"},\"query-input\":\"required name=search_term_string\"}],\"inLanguage\":\"es\"},{\"@type\":\"Organization\",\"@id\":\"https:\/\/latienditadesanjose.com\/#organization\",\"name\":\"La tiendita San Jos\u00e9\",\"url\":\"https:\/\/latienditadesanjose.com\/\",\"logo\":{\"@type\":\"ImageObject\",\"inLanguage\":\"es\",\"@id\":\"https:\/\/latienditadesanjose.com\/#\/schema\/logo\/image\/\",\"url\":\"https:\/\/latienditadesanjose.com\/wp-content\/uploads\/2024\/03\/cropped-LOGO.png\",\"contentUrl\":\"https:\/\/latienditadesanjose.com\/wp-content\/uploads\/2024\/03\/cropped-LOGO.png\",\"width\":694,\"height\":254,\"caption\":\"La tiendita San Jos\u00e9\"},\"image\":{\"@id\":\"https:\/\/latienditadesanjose.com\/#\/schema\/logo\/image\/\"}}]}<\/script>\n<!-- \/ Yoast SEO plugin. -->","yoast_head_json":{"title":"LA PUREZA DEL CORAZON - LA TIENDITA DE SAN JOS\u00c9","robots":{"index":"index","follow":"follow","max-snippet":"max-snippet:-1","max-image-preview":"max-image-preview:large","max-video-preview":"max-video-preview:-1"},"canonical":"https:\/\/latienditadesanjose.com\/index.php\/producto\/pureza-del-corazon\/","og_locale":"es_ES","og_type":"article","og_title":"LA PUREZA DEL CORAZON - LA TIENDITA DE SAN JOS\u00c9","og_description":"En este escrito deseamos entrar en la escuela de los monjes que vivieron entre los siglos tercero y sexto de nuestra era. Estos monjes asentaron toda su vida \u00fanicamente en Dios. Ellos intentaron purificarse cada vez m\u00e1s con el objetivo de estar preparados para el encuentro con Dios. Cuando hablan de su b\u00fasqueda de Dios, siempre surge el concepto de la \u201cpureza del coraz\u00f3n\u201d. Esta significaba, para ellos, la condici\u00f3n psicol\u00f3gica que el ser humano debe desarrollar en s\u00ed mismo, cuando realmente desea buscar a Dios y verlo, tener una experiencia de \u00c9l. La pureza del coraz\u00f3n es un concepto central en la espiritualidad mon\u00e1stica. En nuestra opini\u00f3n, el an\u00e1lisis de este concepto puede brindar claridad a la discusi\u00f3n que se ha desencadenado hoy d\u00eda respecto a los distintos m\u00e9todos de meditaci\u00f3n. Este an\u00e1lisis saca a la luz un aspecto que es descuidado o simplemente ignorado por muchas personas, quienes se esfuerzan en meditar.  Autor: ANSELM GR\u00dcN","og_url":"https:\/\/latienditadesanjose.com\/index.php\/producto\/pureza-del-corazon\/","og_site_name":"LA TIENDITA DE SAN JOS\u00c9","article_modified_time":"2024-04-22T15:46:12+00:00","og_image":[{"width":1000,"height":1000,"url":"https:\/\/latienditadesanjose.com\/wp-content\/uploads\/2022\/02\/13.png","type":"image\/png"}],"twitter_card":"summary_large_image","twitter_misc":{"Tiempo de lectura":"1 minuto"},"schema":{"@context":"https:\/\/schema.org","@graph":[{"@type":"WebPage","@id":"https:\/\/latienditadesanjose.com\/index.php\/producto\/pureza-del-corazon\/","url":"https:\/\/latienditadesanjose.com\/index.php\/producto\/pureza-del-corazon\/","name":"LA PUREZA DEL CORAZON - LA TIENDITA DE SAN JOS\u00c9","isPartOf":{"@id":"https:\/\/latienditadesanjose.com\/#website"},"primaryImageOfPage":{"@id":"https:\/\/latienditadesanjose.com\/index.php\/producto\/pureza-del-corazon\/#primaryimage"},"image":{"@id":"https:\/\/latienditadesanjose.com\/index.php\/producto\/pureza-del-corazon\/#primaryimage"},"thumbnailUrl":"https:\/\/latienditadesanjose.com\/wp-content\/uploads\/2022\/02\/13.png","datePublished":"2022-02-22T17:44:54+00:00","dateModified":"2024-04-22T15:46:12+00:00","breadcrumb":{"@id":"https:\/\/latienditadesanjose.com\/index.php\/producto\/pureza-del-corazon\/#breadcrumb"},"inLanguage":"es","potentialAction":[{"@type":"ReadAction","target":["https:\/\/latienditadesanjose.com\/index.php\/producto\/pureza-del-corazon\/"]}]},{"@type":"ImageObject","inLanguage":"es","@id":"https:\/\/latienditadesanjose.com\/index.php\/producto\/pureza-del-corazon\/#primaryimage","url":"https:\/\/latienditadesanjose.com\/wp-content\/uploads\/2022\/02\/13.png","contentUrl":"https:\/\/latienditadesanjose.com\/wp-content\/uploads\/2022\/02\/13.png","width":1000,"height":1000},{"@type":"BreadcrumbList","@id":"https:\/\/latienditadesanjose.com\/index.php\/producto\/pureza-del-corazon\/#breadcrumb","itemListElement":[{"@type":"ListItem","position":1,"name":"Portada","item":"https:\/\/latienditadesanjose.com\/"},{"@type":"ListItem","position":2,"name":"Tienda","item":"https:\/\/latienditadesanjose.com\/index.php\/shop\/"},{"@type":"ListItem","position":3,"name":"LA PUREZA DEL CORAZON"}]},{"@type":"WebSite","@id":"https:\/\/latienditadesanjose.com\/#website","url":"https:\/\/latienditadesanjose.com\/","name":"LA TIENDITA DE SAN JOS\u00c9","description":"Tienda cat\u00f3lica online","publisher":{"@id":"https:\/\/latienditadesanjose.com\/#organization"},"potentialAction":[{"@type":"SearchAction","target":{"@type":"EntryPoint","urlTemplate":"https:\/\/latienditadesanjose.com\/?s={search_term_string}"},"query-input":"required name=search_term_string"}],"inLanguage":"es"},{"@type":"Organization","@id":"https:\/\/latienditadesanjose.com\/#organization","name":"La tiendita San Jos\u00e9","url":"https:\/\/latienditadesanjose.com\/","logo":{"@type":"ImageObject","inLanguage":"es","@id":"https:\/\/latienditadesanjose.com\/#\/schema\/logo\/image\/","url":"https:\/\/latienditadesanjose.com\/wp-content\/uploads\/2024\/03\/cropped-LOGO.png","contentUrl":"https:\/\/latienditadesanjose.com\/wp-content\/uploads\/2024\/03\/cropped-LOGO.png","width":694,"height":254,"caption":"La tiendita San Jos\u00e9"},"image":{"@id":"https:\/\/latienditadesanjose.com\/#\/schema\/logo\/image\/"}}]}},"_links":{"self":[{"href":"https:\/\/latienditadesanjose.com\/index.php\/wp-json\/wp\/v2\/product\/9908"}],"collection":[{"href":"https:\/\/latienditadesanjose.com\/index.php\/wp-json\/wp\/v2\/product"}],"about":[{"href":"https:\/\/latienditadesanjose.com\/index.php\/wp-json\/wp\/v2\/types\/product"}],"replies":[{"embeddable":true,"href":"https:\/\/latienditadesanjose.com\/index.php\/wp-json\/wp\/v2\/comments?post=9908"}],"wp:featuredmedia":[{"embeddable":true,"href":"https:\/\/latienditadesanjose.com\/index.php\/wp-json\/wp\/v2\/media\/9857"}],"wp:attachment":[{"href":"https:\/\/latienditadesanjose.com\/index.php\/wp-json\/wp\/v2\/media?parent=9908"}],"curies":[{"name":"wp","href":"https:\/\/api.w.org\/{rel}","templated":true}]}}