{"id":9930,"date":"2022-02-23T14:48:14","date_gmt":"2022-02-23T19:48:14","guid":{"rendered":"https:\/\/latienditadesanjose.com\/?post_type=product&#038;p=9930"},"modified":"2024-04-23T17:48:53","modified_gmt":"2024-04-23T22:48:53","slug":"he-ahi-a-tu-madre","status":"publish","type":"product","link":"https:\/\/latienditadesanjose.com\/index.php\/producto\/he-ahi-a-tu-madre\/","title":{"rendered":"HE AH\u00cd A TU MADRE"},"content":{"rendered":"<p><em><strong>Autor:<\/strong><\/em> MILTON JORD\u00c1N CHIGUA<\/p>\n","protected":false},"excerpt":{"rendered":"<p>El autor hace un recorrido por todos los textos b\u00edblicos del Nuevo Testamento que se refieren a Mar\u00eda, realizando una excelente combinaci\u00f3n b\u00edblico-teol\u00f3gico-pastoral. He ah\u00ed a tu Madre es un libro que aborda la maternidad de Mar\u00eda y que analiza aspectos de su humanidad que son poco mencionados en los temas mariol\u00f3gicos. Sin embargo, no solo resalta la figura de Mar\u00eda, como eje central, sino tambi\u00e9n la de su hijo, Jes\u00fas.<\/p>\n<p>Toda persona que se acerque a esta lectura, con coraz\u00f3n abierto, podr\u00e1 experimentar el amor de Dios al darnos a Mar\u00eda como madre. De manera, especial, este texto resonar\u00e1 en las mujeres madres, hijas, viudas, j\u00f3venes, amas de casa, profesionales y trabajadoras. Los agentes de pastoral tienen aqu\u00ed un material valioso para ser utilizado en sus grupos de reflexi\u00f3n.<\/p>\n<p>&nbsp;<\/p>\n","protected":false},"featured_media":9878,"comment_status":"open","ping_status":"closed","template":"","meta":{"_editorskit_title_hidden":false,"_editorskit_reading_time":0,"kt_blocks_editor_width":"","_kad_post_transparent":"default","_kad_post_title":"","_kad_post_layout":"default","_kad_post_sidebar_id":"","_kad_post_content_style":"default","_kad_post_vertical_padding":"default","_kad_post_feature":"","_kad_post_feature_position":"","_kad_post_header":false,"_kad_post_footer":false},"yoast_head":"<!-- This site is optimized with the Yoast SEO plugin v22.6 - https:\/\/yoast.com\/wordpress\/plugins\/seo\/ -->\n<title>HE AH\u00cd A TU MADRE - LA TIENDITA DE SAN JOS\u00c9<\/title>\n<meta name=\"robots\" content=\"index, follow, max-snippet:-1, max-image-preview:large, max-video-preview:-1\" \/>\n<link rel=\"canonical\" href=\"https:\/\/latienditadesanjose.com\/index.php\/producto\/he-ahi-a-tu-madre\/\" \/>\n<meta property=\"og:locale\" content=\"es_ES\" \/>\n<meta property=\"og:type\" content=\"article\" \/>\n<meta property=\"og:title\" content=\"HE AH\u00cd A TU MADRE - LA TIENDITA DE SAN JOS\u00c9\" \/>\n<meta property=\"og:description\" content=\"El autor hace un recorrido por todos los textos b\u00edblicos del Nuevo Testamento que se refieren a Mar\u00eda, realizando una excelente combinaci\u00f3n b\u00edblico-teol\u00f3gico-pastoral. He ah\u00ed a tu Madre es un libro que aborda la maternidad de Mar\u00eda y que analiza aspectos de su humanidad que son poco mencionados en los temas mariol\u00f3gicos. Sin embargo, no solo resalta la figura de Mar\u00eda, como eje central, sino tambi\u00e9n la de su hijo, Jes\u00fas.  Toda persona que se acerque a esta lectura, con coraz\u00f3n abierto, podr\u00e1 experimentar el amor de Dios al darnos a Mar\u00eda como madre. De manera, especial, este texto resonar\u00e1 en las mujeres madres, hijas, viudas, j\u00f3venes, amas de casa, profesionales y trabajadoras. Los agentes de pastoral tienen aqu\u00ed un material valioso para ser utilizado en sus grupos de reflexi\u00f3n.  &nbsp;\" \/>\n<meta property=\"og:url\" content=\"https:\/\/latienditadesanjose.com\/index.php\/producto\/he-ahi-a-tu-madre\/\" \/>\n<meta property=\"og:site_name\" content=\"LA TIENDITA DE SAN JOS\u00c9\" \/>\n<meta property=\"article:modified_time\" content=\"2024-04-23T22:48:53+00:00\" \/>\n<meta property=\"og:image\" content=\"https:\/\/latienditadesanjose.com\/wp-content\/uploads\/2022\/02\/34.png\" \/>\n\t<meta property=\"og:image:width\" content=\"1000\" \/>\n\t<meta property=\"og:image:height\" content=\"1000\" \/>\n\t<meta property=\"og:image:type\" content=\"image\/png\" \/>\n<meta name=\"twitter:card\" content=\"summary_large_image\" \/>\n<meta name=\"twitter:label1\" content=\"Tiempo de lectura\" \/>\n\t<meta name=\"twitter:data1\" content=\"1 minuto\" \/>\n<script type=\"application\/ld+json\" class=\"yoast-schema-graph\">{\"@context\":\"https:\/\/schema.org\",\"@graph\":[{\"@type\":\"WebPage\",\"@id\":\"https:\/\/latienditadesanjose.com\/index.php\/producto\/he-ahi-a-tu-madre\/\",\"url\":\"https:\/\/latienditadesanjose.com\/index.php\/producto\/he-ahi-a-tu-madre\/\",\"name\":\"HE AH\u00cd A TU MADRE - LA TIENDITA DE SAN JOS\u00c9\",\"isPartOf\":{\"@id\":\"https:\/\/latienditadesanjose.com\/#website\"},\"primaryImageOfPage\":{\"@id\":\"https:\/\/latienditadesanjose.com\/index.php\/producto\/he-ahi-a-tu-madre\/#primaryimage\"},\"image\":{\"@id\":\"https:\/\/latienditadesanjose.com\/index.php\/producto\/he-ahi-a-tu-madre\/#primaryimage\"},\"thumbnailUrl\":\"https:\/\/latienditadesanjose.com\/wp-content\/uploads\/2022\/02\/34.png\",\"datePublished\":\"2022-02-23T19:48:14+00:00\",\"dateModified\":\"2024-04-23T22:48:53+00:00\",\"breadcrumb\":{\"@id\":\"https:\/\/latienditadesanjose.com\/index.php\/producto\/he-ahi-a-tu-madre\/#breadcrumb\"},\"inLanguage\":\"es\",\"potentialAction\":[{\"@type\":\"ReadAction\",\"target\":[\"https:\/\/latienditadesanjose.com\/index.php\/producto\/he-ahi-a-tu-madre\/\"]}]},{\"@type\":\"ImageObject\",\"inLanguage\":\"es\",\"@id\":\"https:\/\/latienditadesanjose.com\/index.php\/producto\/he-ahi-a-tu-madre\/#primaryimage\",\"url\":\"https:\/\/latienditadesanjose.com\/wp-content\/uploads\/2022\/02\/34.png\",\"contentUrl\":\"https:\/\/latienditadesanjose.com\/wp-content\/uploads\/2022\/02\/34.png\",\"width\":1000,\"height\":1000},{\"@type\":\"BreadcrumbList\",\"@id\":\"https:\/\/latienditadesanjose.com\/index.php\/producto\/he-ahi-a-tu-madre\/#breadcrumb\",\"itemListElement\":[{\"@type\":\"ListItem\",\"position\":1,\"name\":\"Portada\",\"item\":\"https:\/\/latienditadesanjose.com\/\"},{\"@type\":\"ListItem\",\"position\":2,\"name\":\"Tienda\",\"item\":\"https:\/\/latienditadesanjose.com\/index.php\/shop\/\"},{\"@type\":\"ListItem\",\"position\":3,\"name\":\"HE AH\u00cd A TU MADRE\"}]},{\"@type\":\"WebSite\",\"@id\":\"https:\/\/latienditadesanjose.com\/#website\",\"url\":\"https:\/\/latienditadesanjose.com\/\",\"name\":\"LA TIENDITA DE SAN JOS\u00c9\",\"description\":\"Tienda cat\u00f3lica online\",\"publisher\":{\"@id\":\"https:\/\/latienditadesanjose.com\/#organization\"},\"potentialAction\":[{\"@type\":\"SearchAction\",\"target\":{\"@type\":\"EntryPoint\",\"urlTemplate\":\"https:\/\/latienditadesanjose.com\/?s={search_term_string}\"},\"query-input\":\"required name=search_term_string\"}],\"inLanguage\":\"es\"},{\"@type\":\"Organization\",\"@id\":\"https:\/\/latienditadesanjose.com\/#organization\",\"name\":\"La tiendita San Jos\u00e9\",\"url\":\"https:\/\/latienditadesanjose.com\/\",\"logo\":{\"@type\":\"ImageObject\",\"inLanguage\":\"es\",\"@id\":\"https:\/\/latienditadesanjose.com\/#\/schema\/logo\/image\/\",\"url\":\"https:\/\/latienditadesanjose.com\/wp-content\/uploads\/2024\/03\/cropped-LOGO.png\",\"contentUrl\":\"https:\/\/latienditadesanjose.com\/wp-content\/uploads\/2024\/03\/cropped-LOGO.png\",\"width\":694,\"height\":254,\"caption\":\"La tiendita San Jos\u00e9\"},\"image\":{\"@id\":\"https:\/\/latienditadesanjose.com\/#\/schema\/logo\/image\/\"}}]}<\/script>\n<!-- \/ Yoast SEO plugin. -->","yoast_head_json":{"title":"HE AH\u00cd A TU MADRE - LA TIENDITA DE SAN JOS\u00c9","robots":{"index":"index","follow":"follow","max-snippet":"max-snippet:-1","max-image-preview":"max-image-preview:large","max-video-preview":"max-video-preview:-1"},"canonical":"https:\/\/latienditadesanjose.com\/index.php\/producto\/he-ahi-a-tu-madre\/","og_locale":"es_ES","og_type":"article","og_title":"HE AH\u00cd A TU MADRE - LA TIENDITA DE SAN JOS\u00c9","og_description":"El autor hace un recorrido por todos los textos b\u00edblicos del Nuevo Testamento que se refieren a Mar\u00eda, realizando una excelente combinaci\u00f3n b\u00edblico-teol\u00f3gico-pastoral. He ah\u00ed a tu Madre es un libro que aborda la maternidad de Mar\u00eda y que analiza aspectos de su humanidad que son poco mencionados en los temas mariol\u00f3gicos. Sin embargo, no solo resalta la figura de Mar\u00eda, como eje central, sino tambi\u00e9n la de su hijo, Jes\u00fas.  Toda persona que se acerque a esta lectura, con coraz\u00f3n abierto, podr\u00e1 experimentar el amor de Dios al darnos a Mar\u00eda como madre. De manera, especial, este texto resonar\u00e1 en las mujeres madres, hijas, viudas, j\u00f3venes, amas de casa, profesionales y trabajadoras. Los agentes de pastoral tienen aqu\u00ed un material valioso para ser utilizado en sus grupos de reflexi\u00f3n.  &nbsp;","og_url":"https:\/\/latienditadesanjose.com\/index.php\/producto\/he-ahi-a-tu-madre\/","og_site_name":"LA TIENDITA DE SAN JOS\u00c9","article_modified_time":"2024-04-23T22:48:53+00:00","og_image":[{"width":1000,"height":1000,"url":"https:\/\/latienditadesanjose.com\/wp-content\/uploads\/2022\/02\/34.png","type":"image\/png"}],"twitter_card":"summary_large_image","twitter_misc":{"Tiempo de lectura":"1 minuto"},"schema":{"@context":"https:\/\/schema.org","@graph":[{"@type":"WebPage","@id":"https:\/\/latienditadesanjose.com\/index.php\/producto\/he-ahi-a-tu-madre\/","url":"https:\/\/latienditadesanjose.com\/index.php\/producto\/he-ahi-a-tu-madre\/","name":"HE AH\u00cd A TU MADRE - LA TIENDITA DE SAN JOS\u00c9","isPartOf":{"@id":"https:\/\/latienditadesanjose.com\/#website"},"primaryImageOfPage":{"@id":"https:\/\/latienditadesanjose.com\/index.php\/producto\/he-ahi-a-tu-madre\/#primaryimage"},"image":{"@id":"https:\/\/latienditadesanjose.com\/index.php\/producto\/he-ahi-a-tu-madre\/#primaryimage"},"thumbnailUrl":"https:\/\/latienditadesanjose.com\/wp-content\/uploads\/2022\/02\/34.png","datePublished":"2022-02-23T19:48:14+00:00","dateModified":"2024-04-23T22:48:53+00:00","breadcrumb":{"@id":"https:\/\/latienditadesanjose.com\/index.php\/producto\/he-ahi-a-tu-madre\/#breadcrumb"},"inLanguage":"es","potentialAction":[{"@type":"ReadAction","target":["https:\/\/latienditadesanjose.com\/index.php\/producto\/he-ahi-a-tu-madre\/"]}]},{"@type":"ImageObject","inLanguage":"es","@id":"https:\/\/latienditadesanjose.com\/index.php\/producto\/he-ahi-a-tu-madre\/#primaryimage","url":"https:\/\/latienditadesanjose.com\/wp-content\/uploads\/2022\/02\/34.png","contentUrl":"https:\/\/latienditadesanjose.com\/wp-content\/uploads\/2022\/02\/34.png","width":1000,"height":1000},{"@type":"BreadcrumbList","@id":"https:\/\/latienditadesanjose.com\/index.php\/producto\/he-ahi-a-tu-madre\/#breadcrumb","itemListElement":[{"@type":"ListItem","position":1,"name":"Portada","item":"https:\/\/latienditadesanjose.com\/"},{"@type":"ListItem","position":2,"name":"Tienda","item":"https:\/\/latienditadesanjose.com\/index.php\/shop\/"},{"@type":"ListItem","position":3,"name":"HE AH\u00cd A TU MADRE"}]},{"@type":"WebSite","@id":"https:\/\/latienditadesanjose.com\/#website","url":"https:\/\/latienditadesanjose.com\/","name":"LA TIENDITA DE SAN JOS\u00c9","description":"Tienda cat\u00f3lica online","publisher":{"@id":"https:\/\/latienditadesanjose.com\/#organization"},"potentialAction":[{"@type":"SearchAction","target":{"@type":"EntryPoint","urlTemplate":"https:\/\/latienditadesanjose.com\/?s={search_term_string}"},"query-input":"required name=search_term_string"}],"inLanguage":"es"},{"@type":"Organization","@id":"https:\/\/latienditadesanjose.com\/#organization","name":"La tiendita San Jos\u00e9","url":"https:\/\/latienditadesanjose.com\/","logo":{"@type":"ImageObject","inLanguage":"es","@id":"https:\/\/latienditadesanjose.com\/#\/schema\/logo\/image\/","url":"https:\/\/latienditadesanjose.com\/wp-content\/uploads\/2024\/03\/cropped-LOGO.png","contentUrl":"https:\/\/latienditadesanjose.com\/wp-content\/uploads\/2024\/03\/cropped-LOGO.png","width":694,"height":254,"caption":"La tiendita San Jos\u00e9"},"image":{"@id":"https:\/\/latienditadesanjose.com\/#\/schema\/logo\/image\/"}}]}},"_links":{"self":[{"href":"https:\/\/latienditadesanjose.com\/index.php\/wp-json\/wp\/v2\/product\/9930"}],"collection":[{"href":"https:\/\/latienditadesanjose.com\/index.php\/wp-json\/wp\/v2\/product"}],"about":[{"href":"https:\/\/latienditadesanjose.com\/index.php\/wp-json\/wp\/v2\/types\/product"}],"replies":[{"embeddable":true,"href":"https:\/\/latienditadesanjose.com\/index.php\/wp-json\/wp\/v2\/comments?post=9930"}],"wp:featuredmedia":[{"embeddable":true,"href":"https:\/\/latienditadesanjose.com\/index.php\/wp-json\/wp\/v2\/media\/9878"}],"wp:attachment":[{"href":"https:\/\/latienditadesanjose.com\/index.php\/wp-json\/wp\/v2\/media?parent=9930"}],"curies":[{"name":"wp","href":"https:\/\/api.w.org\/{rel}","templated":true}]}}